{"id":112,"date":"2022-06-29T16:06:15","date_gmt":"2022-06-29T07:06:15","guid":{"rendered":"http:\/\/www.kiyota-and.co.jp\/wp\/?page_id=112"},"modified":"2022-06-30T05:40:51","modified_gmt":"2022-06-29T20:40:51","slug":"welfare_confirm","status":"publish","type":"page","link":"https:\/\/www.kiyota-and.co.jp\/vi\/welfare_contact\/welfare_confirm","title":{"rendered":"M\u00e0n h\u00ecnh x\u00e1c nh\u1eadn [d\u1ef1 \u00e1n ph\u00e1t tri\u1ec3n ph\u00fac l\u1ee3i]"},"content":{"rendered":"<div class=\"wpcf7 no-js\" id=\"wpcf7-f111-o1\" lang=\"ja\" dir=\"ltr\" data-wpcf7-id=\"111\">\n<div class=\"screen-reader-response\"><p role=\"status\" aria-live=\"polite\" aria-atomic=\"true\"><\/p> <ul><\/ul><\/div>\n<form action=\"\/vi\/wp-json\/wp\/v2\/pages\/112#wpcf7-f111-o1\" method=\"post\" class=\"wpcf7-form init\" aria-label=\"Bi\u1ec3u m\u1eabu li\u00ean h\u1ec7\" novalidate=\"novalidate\" data-status=\"init\" data-trp-original-action=\"\/vi\/wp-json\/wp\/v2\/pages\/112#wpcf7-f111-o1\">\n<fieldset class=\"hidden-fields-container\"><input type=\"hidden\" name=\"_wpcf7\" value=\"111\" \/><input type=\"hidden\" name=\"_wpcf7_version\" value=\"6.1.4\" \/><input type=\"hidden\" name=\"_wpcf7_locale\" value=\"ja\" \/><input type=\"hidden\" name=\"_wpcf7_unit_tag\" value=\"wpcf7-f111-o1\" \/><input type=\"hidden\" name=\"_wpcf7_container_post\" value=\"0\" \/><input type=\"hidden\" name=\"_wpcf7_posted_data_hash\" value=\"\" \/><input type=\"hidden\" name=\"_wpcf7_recaptcha_response\" value=\"\" \/>\n<\/fieldset>\n<p>Vui l\u00f2ng \u0111i\u1ec1n v\u00e0o m\u1eabu \u1edf trang tr\u01b0\u1edbc.\n<\/p><div class=\"wpcf7-response-output\" aria-hidden=\"true\"><\/div>\n<input type=\"hidden\" name=\"trp-form-language\" value=\"vi\"\/><\/form>\n<\/div>","protected":false},"excerpt":{"rendered":"","protected":false},"author":1,"featured_media":0,"parent":109,"menu_order":0,"comment_status":"closed","ping_status":"closed","template":"page-contact.php","meta":{"_acf_changed":false,"footnotes":""},"categories":[],"class_list":["post-112","page","type-page","status-publish","hentry"],"acf":[],"aioseo_notices":[],"_links":{"self":[{"href":"https:\/\/www.kiyota-and.co.jp\/vi\/wp-json\/wp\/v2\/pages\/112","targetHints":{"allow":["GET"]}}],"collection":[{"href":"https:\/\/www.kiyota-and.co.jp\/vi\/wp-json\/wp\/v2\/pages"}],"about":[{"href":"https:\/\/www.kiyota-and.co.jp\/vi\/wp-json\/wp\/v2\/types\/page"}],"author":[{"embeddable":true,"href":"https:\/\/www.kiyota-and.co.jp\/vi\/wp-json\/wp\/v2\/users\/1"}],"replies":[{"embeddable":true,"href":"https:\/\/www.kiyota-and.co.jp\/vi\/wp-json\/wp\/v2\/comments?post=112"}],"version-history":[{"count":2,"href":"https:\/\/www.kiyota-and.co.jp\/vi\/wp-json\/wp\/v2\/pages\/112\/revisions"}],"predecessor-version":[{"id":140,"href":"https:\/\/www.kiyota-and.co.jp\/vi\/wp-json\/wp\/v2\/pages\/112\/revisions\/140"}],"up":[{"embeddable":true,"href":"https:\/\/www.kiyota-and.co.jp\/vi\/wp-json\/wp\/v2\/pages\/109"}],"wp:attachment":[{"href":"https:\/\/www.kiyota-and.co.jp\/vi\/wp-json\/wp\/v2\/media?parent=112"}],"wp:term":[{"taxonomy":"category","embeddable":true,"href":"https:\/\/www.kiyota-and.co.jp\/vi\/wp-json\/wp\/v2\/categories?post=112"}],"curies":[{"name":"wp","href":"https:\/\/api.w.org\/{rel}","templated":true}]}}