{"id":28711,"date":"2023-10-24T14:20:07","date_gmt":"2023-10-24T05:20:07","guid":{"rendered":"https:\/\/www.kiyota-and.co.jp\/?page_id=28711"},"modified":"2024-11-27T18:30:46","modified_gmt":"2024-11-27T09:30:46","slug":"%e3%82%ad%e3%83%a8%e3%82%bf%e3%81%ae%e9%87%91%e5%b1%9e%e9%83%a8%e5%93%81%e3%81%ae%e5%bc%b7%e3%81%bf%ef%bc%81-2","status":"publish","type":"page","link":"https:\/\/www.kiyota-and.co.jp\/vi\/metal\/international","title":{"rendered":"S\u1ee9c m\u1ea1nh c\u1ee7a c\u00e1c b\u1ed9 ph\u1eadn kim lo\u1ea1i c\u1ee7a Kiyota!"},"content":{"rendered":"<div class=\"z0 box_full letter007 blk_mtl fw700 lh18\">\n<p><!-- \u30d5\u30a1\u30fc\u30b9\u30c8\u30d3\u30e5\u30fc --><\/p>\n<div class=\"bg_blk bg_feat_mtl_3\">\n<div class=\"box_cont m_auto add_side\">\n<div class=\"wrap_hrz\">\n<div>\n<div class=\"c_wht letter3  top100 lh13 fs310 fs260_sp\">B\u1ed9 ph\u1eadn kim lo\u1ea1i v\u00e0 gia c\u00f4ng kim lo\u1ea1i<br class=\"sp_none\">\u0110\u1ea1t \u0111\u01b0\u1ee3c gi\u1ea3m chi ph\u00ed!<\/div>\n<p class=\"c_wht top30 lh19  fs125\">Kh\u1ea3 n\u0103ng c\u1ea1nh tranh t\u1eadn d\u1ee5ng t\u1ed1i \u0111a m\u1ea1ng l\u01b0\u1edbi phong ph\u00fa \u1edf n\u01b0\u1edbc ngo\u00e0i m\u00e0 ch\u1ec9 m\u1ed9t c\u00f4ng ty th\u01b0\u01a1ng m\u1ea1i m\u1edbi c\u00f3 th\u1ec3 cung c\u1ea5p,<br class=\"sp_none\">V\u1edbi kh\u1ea3 n\u0103ng \u0111\u1ec1 xu\u1ea5t linh ho\u1ea1t, ch\u00fang t\u00f4i c\u00f3 th\u1ec3 gi\u1ea3i quy\u1ebft nhi\u1ec1u v\u1ea5n \u0111\u1ec1 v\u1ec1 b\u1ed9 ph\u1eadn kim lo\u1ea1i.<\/p>\n<\/p><\/div>\n<p>      <!-- \u672a\u89e3\u6c7a --><\/p>\n<div class=\"box_two btm140 bg_gear sp_none1100 box_two_l\">\n      <\/div>\n<\/p><\/div>\n<div class=\"wrap_hrz top50\">\n      <a href=\"#point01\" class=\"mtl_link box_card_3 m_btm15_sp top25 pd20 bg_wht\"><\/p>\n<div class=\"ta_center\">\n<div class=\"eng fs150 c_mtl btm8\">01<\/div>\n<p>            <img decoding=\"async\" src=\"https:\/\/www.kiyota-and.co.jp\/wp\/wp-content\/themes\/kiyota\/img\/metal\/merit1.svg\" width=\"86\" height=\"auto\" alt=\"\"\/><\/p>\n<div class=\"ja_card top8\">\u0110\u1ea1t \u0111\u01b0\u1ee3c m\u1ee9c gi\u00e1 c\u1ea1nh tranh<\/div>\n<p>          <img decoding=\"async\" src=\"https:\/\/www.kiyota-and.co.jp\/wp\/wp-content\/themes\/kiyota\/img\/metal\/arrow_drop_down.svg\" width=\"38\" height=\"auto\" alt=\"\"\/>\n        <\/div>\n<p>      <\/a><br \/>\n      <a href=\"#point02\" class=\"mtl_link box_card_3 top25 m_btm15_sp pd20 bg_wht\"><\/p>\n<div class=\"ta_center\">\n<div class=\"eng fs150 c_mtl btm8\">02<\/div>\n<p>            <img decoding=\"async\" src=\"https:\/\/www.kiyota-and.co.jp\/wp\/wp-content\/themes\/kiyota\/img\/metal\/merit2.svg\" width=\"86\" height=\"auto\" alt=\"\"\/><\/p>\n<div class=\"ja_card top8\">\u0110\u1ea1t \u0111\u01b0\u1ee3c m\u1ee9c gi\u00e1 c\u1ea1nh tranh<\/div>\n<p>          <img decoding=\"async\" src=\"https:\/\/www.kiyota-and.co.jp\/wp\/wp-content\/themes\/kiyota\/img\/metal\/arrow_drop_down.svg\" width=\"38\" height=\"auto\" alt=\"\"\/>\n        <\/div>\n<p>      <\/a> <\/p>\n<p>      <a href=\"#point03\" class=\"mtl_link box_card_3 top25 pd20 bg_wht\"><\/p>\n<div class=\"ta_center\">\n<div class=\"eng fs150 c_mtl btm8\">03<\/div>\n<p>            <img decoding=\"async\" src=\"https:\/\/www.kiyota-and.co.jp\/wp\/wp-content\/themes\/kiyota\/img\/metal\/merit3.svg\" width=\"86\" height=\"auto\" alt=\"\"\/><\/p>\n<div class=\"ja_card top8\">H\u1ed7 tr\u1ee3 linh ho\u1ea1t cho s\u1ea3n xu\u1ea5t l\u00f4 nh\u1ecf, h\u1ed7n h\u1ee3p cao<\/div>\n<p>          <img decoding=\"async\" src=\"https:\/\/www.kiyota-and.co.jp\/wp\/wp-content\/themes\/kiyota\/img\/metal\/arrow_drop_down.svg\" width=\"38\" height=\"auto\" alt=\"\"\/>\n        <\/div>\n<p>      <\/a>\n    <\/div>\n<div class=\"box_cont m_auto ta_center\">\n<div class=\"title_ly_l_2 top70 top50_sp lh17 c_wht\">Vui l\u00f2ng li\u00ean h\u1ec7 v\u1edbi ch\u00fang t\u00f4i v\u1ec1 c\u00e1c d\u1ef1 \u00e1n \u0111\u00e3 b\u1ecb c\u00e1c c\u00f4ng ty kh\u00e1c t\u1eeb ch\u1ed1i!<\/div>\n<div class=\"top40\"><\/div>\n<div class=\"box_half m_auto btm15_sp\">\n<div class=\"wrap_hrz_fsec\">\n<div class=\"wrap_hrz btm10 al_center\">\n<div class=\"ta_left\">\n<p class=\"c_wht btm2 top10 fw600 fs130 m_right20\">Li\u00ean h\u1ec7 v\u1edbi ch\u00fang t\u00f4i qua \u0111i\u1ec7n tho\u1ea1i<\/p>\n<p class=\"c_wht fs60 m_right30 m_right0_sp top3\">Gi\u1edd ti\u1ebfp t\u00e2n \/ C\u00e1c ng\u00e0y trong tu\u1ea7n 9:00 AM - 5:00 PM<\/p>\n<\/p><\/div>\n<div class=\"eng  fs300 top6 m_right0 c_wht\"><a class=\"c_wht\" href=\"tel:0337983613\">03-3798-3613<\/a><\/div>\n<\/p><\/div>\n<\/p><\/div>\n<\/p><\/div>\n<div>\n        <a href=\"https:\/\/www.kiyota-and.co.jp\/metal_contact\" class=\"btn_mtl_l2 m_auto\">B\u1ea5m v\u00e0o \u0111\u00e2y \u0111\u1ec3 li\u00ean h\u1ec7 v\u1edbi ch\u00fang t\u00f4i<\/a>\n      <\/div>\n<\/p><\/div>\n<\/p><\/div>\n<div class=\"top70\"><\/div>\n<\/div>\n<p><!-- \u30d5\u30a1\u30fc\u30b9\u30c8\u30d3\u30e5\u30fc\u3053\u3053\u307e\u3067 --><\/p>\n<div class=\"bg_feat_mtl_4\">\n<\/div>\n<p><!-- \u8ab2\u984c --><\/p>\n<div class=\"bg_thin_mtl\">\n<div class=\"box_cont m_auto add_side\">\n<div class=\"mtl_h2 top100\">\n<div class=\"eng fs110 c_mtl\">V\u1ea4N \u0110\u1ec0<\/div>\n<div class=\"letter3  lh13 fs270\">ph\u00e2n c\u00f4ng<\/div>\n<\/p><\/div>\n<p class=\"ta_center top50  fs170 lh18 ta_left_sp\">B\u1ea1n c\u00f3 g\u1eb7p v\u1ea5n \u0111\u1ec1 g\u00ec nh\u01b0 th\u1ebf n\u00e0y kh\u00f4ng?<\/p>\n<div class=\"top50 btm30 btm15_sp wrap_hrz_fww\">\n<div class=\"box_card_4\">\n<div class=\"eng fs150 tag_blk btm10\">V\u1ea4N \u0110\u1ec0 1<\/div>\n<div class=\"box_card_4_cont\">\n              <img decoding=\"async\" src=\"https:\/\/www.kiyota-and.co.jp\/wp\/wp-content\/themes\/kiyota\/img\/metal\/issue1.png\" width=\"182px\" height=\"auto\" alt=\"\"\/><\/p>\n<div class=\"fs125 ta_left\">T\u00f4i mu\u1ed1n t\u0103ng chi ph\u00ed mua h\u00e0ng...<\/div>\n<\/p><\/div>\n<\/p><\/div>\n<div class=\"btm15_sp\"><\/div>\n<div class=\"box_card_4\">\n<div class=\"eng fs150 tag_blk btm10\">V\u1ea4N \u0110\u1ec0 2<\/div>\n<div class=\"box_card_4_cont\">\n            <img decoding=\"async\" src=\"https:\/\/www.kiyota-and.co.jp\/wp\/wp-content\/themes\/kiyota\/img\/metal\/issue2.png\" width=\"182px\" height=\"auto\" alt=\"\"\/><\/p>\n<div class=\"fs125 ta_left\">T\u00f4i \u0111ang t\u00ecm nh\u00e0 th\u1ea7u ph\u1ee5...<\/div>\n<\/p><\/div>\n<\/p><\/div>\n<p>        <!-- \n\n<div class=\"btm15_sp\"><\/div>\n\n --><\/p>\n<div class=\"box_card_4\">\n<div class=\"eng fs150 tag_blk btm10\">V\u1ea4N \u0110\u1ec0 3<\/div>\n<div class=\"box_card_4_cont\">\n            <img decoding=\"async\" src=\"https:\/\/www.kiyota-and.co.jp\/wp\/wp-content\/themes\/kiyota\/img\/metal\/issue3.png\" width=\"182px\" height=\"auto\" alt=\"\"\/><\/p>\n<div class=\"fs125 ta_left\">T\u00f4i mu\u1ed1n mua h\u00e0ng Trung Qu\u1ed1c nh\u01b0ng l\u1ea1i lo l\u1eafng v\u1ec1 ch\u1ea5t l\u01b0\u1ee3ng...<\/div>\n<\/p><\/div>\n<\/p><\/div>\n<div class=\"box_card_4\">\n<div class=\"eng fs150 tag_blk btm10\">V\u1ea4N \u0110\u1ec0 4<\/div>\n<div class=\"box_card_4_cont\">\n            <img decoding=\"async\" src=\"https:\/\/www.kiyota-and.co.jp\/wp\/wp-content\/themes\/kiyota\/img\/metal\/issue4.png\" width=\"182px\" height=\"auto\" alt=\"\"\/><\/p>\n<div class=\"fs125 ta_left\">T\u00f4i mu\u1ed1n gi\u1ea3m chi ph\u00ed ban \u0111\u1ea7u...<\/div>\n<\/p><\/div>\n<\/p><\/div>\n<p>        <!-- \n\n<div class=\"btm15_sp\"><\/div>\n\n --><\/p>\n<div class=\"box_card_4\">\n<div class=\"eng fs150 tag_blk btm10\">V\u1ea4N \u0110\u1ec0 5<\/div>\n<div class=\"box_card_4_cont\">\n            <img decoding=\"async\" src=\"https:\/\/www.kiyota-and.co.jp\/wp\/wp-content\/themes\/kiyota\/img\/metal\/issue5.png\" width=\"182px\" height=\"auto\" alt=\"\"\/><\/p>\n<div class=\"fs125 ta_left\">T\u00f4i c\u1ea3m th\u1ea5y lo l\u1eafng v\u1ec1 t\u01b0\u01a1ng lai v\u00ec v\u1ea5n \u0111\u1ec1 ng\u01b0\u1eddi k\u1ebf nhi\u1ec7m...<\/div>\n<\/p><\/div>\n<\/p><\/div>\n<p>        <!-- \n\n<div class=\"btm15_sp\"><\/div>\n\n --><\/p>\n<div class=\"box_card_4\">\n<div class=\"eng fs150 tag_blk btm10\">V\u1ea4N \u0110\u1ec0 6<\/div>\n<div class=\"box_card_4_cont\">\n            <img decoding=\"async\" src=\"https:\/\/www.kiyota-and.co.jp\/wp\/wp-content\/themes\/kiyota\/img\/metal\/issue6.png\" width=\"182px\" height=\"auto\" alt=\"\"\/><\/p>\n<div class=\"fs125 ta_left\">T\u00f4i mu\u1ed1n r\u00fat ng\u1eafn th\u1eddi gian chu\u1ea9n b\u1ecb cho vi\u1ec7c mua s\u1eafm v\u00f2ng bi...<\/div>\n<\/p><\/div>\n<\/p><\/div>\n<\/p><\/div>\n<p class=\"ta_center top30  fs170  lh18 btm35_sp\">Kiyota gi\u1ea3i quy\u1ebft nh\u1eefng v\u1ea5n \u0111\u1ec1 n\u00e0y v\u00e0 c\u1ea3i thi\u1ec7n ho\u1ea1t \u0111\u1ed9ng kinh doanh c\u1ee7a b\u1ea1n.<br class=\"sp_none ta_left_sp\">\u0110\u00e2y l\u00e0 d\u1ecbch v\u1ee5 h\u1ed7 tr\u1ee3 m\u1ea1nh m\u1ebd<\/p>\n<\/p><\/div>\n<section class=\"section1\">\n<div class=\"container\"><\/div>\n<\/section>\n<\/div>\n<p><!-- \u8ab2\u984c\u3053\u3053\u307e\u3067 --><\/p>\n<p><!-- \u9078\u3070\u308c\u308b\u7406\u7531 --><\/p>\n<div class=\"m_auto add_side btm100\">\n<div class=\"mtl_h2 top100\">\n<div class=\"eng fs110 c_mtl\">T\u1ea0I SAO KIYOTA<\/div>\n<div class=\"letter3  lh13 fs270 text_center_sp\">Kiyota l\u00e0<br class=\"pc_none\">L\u00fd do l\u1ef1a ch\u1ecdn<\/div>\n<\/p><\/div>\n<p>  <a id=\"point01\"><\/a><\/p>\n<div class=\"wrap_hrz_end top100\">\n<div class=\"merit_box btm20_l_sp\">\n<div class=\"merit_line\">\n<div class=\"eng fs115 c_mtl\">L\u00dd DO 01<\/div>\n<\/p><\/div>\n<div class=\"merit_cont pd_r60\">\n<div class=\"eng fs850 fs500_sp c_mtl lh10\">01<\/div>\n<div class=\"fs230 c_mtl top30 lh18\">gi\u00e1 c\u1ea3 c\u1ea1nh tranh<span class=\"blk_mtl\">Hi\u1ec7n th\u1ef1c h\u00f3a<\/span><\/div>\n<p class=\"top30 c_mtl lh20 fs140\">Ch\u00fang t\u00f4i c\u00f3 h\u01a1n 50 c\u00f4ng ty \u0111\u1ed1i t\u00e1c ch\u1ee7 y\u1ebfu \u1edf Trung Qu\u1ed1c v\u00e0 ch\u00fang t\u00f4i gi\u00fap kh\u00e1ch h\u00e0ng gi\u1ea3m chi ph\u00ed th\u00f4ng qua mua s\u1eafm \u1edf n\u01b0\u1edbc ngo\u00e0i!<\/p>\n<p class=\"fs115 top5 lh20\">Ho\u1ea1t \u0111\u1ed9ng thu mua linh ki\u1ec7n \u1edf n\u01b0\u1edbc ngo\u00e0i do Kiyota cung c\u1ea5p s\u1ebd t\u1eadn d\u1ee5ng m\u1ea1ng l\u01b0\u1edbi m\u00e0 c\u00f4ng ty \u0111\u00e3 x\u00e2y d\u1ef1ng trong nhi\u1ec1u n\u0103m \u0111\u1ec3 \u0111\u1ea3m b\u1ea3o ch\u1ea5t l\u01b0\u1ee3ng cao \u0111\u1ed3ng th\u1eddi \u0111\u1ea1t \u0111\u01b0\u1ee3c m\u1ee9c gi\u1ea3m chi ph\u00ed \u0111\u00e1ng k\u1ec3.<\/p>\n<\/p><\/div>\n<\/p><\/div>\n<div class=\"bg_mtl_merit1 sp_w100\">\n    <\/div>\n<\/p><\/div>\n<p>  <a id=\"point02\"><\/a><\/p>\n<div class=\"wrap_hrz_start top100\">\n<div class=\"bg_mtl_merit2 sp_w100\"><\/div>\n<div class=\"merit_box top20_l_sp\">\n<div class=\"merit_line pd_l60\">\n<div class=\"eng fs115 c_mtl\">L\u00dd DO 02<\/div>\n<\/p><\/div>\n<div class=\"merit_cont\">\n<div class=\"eng fs850 fs500_sp c_mtl lh10\">02<\/div>\n<div class=\"fs230 c_mtl top30 lh18\">ki\u1ec3m so\u00e1t ch\u1ea5t l\u01b0\u1ee3ng<span class=\"blk_mtl\">k\u1ef9 l\u01b0\u1ee1ng<\/span><\/div>\n<p class=\"fs115 top5 lh20 top30\">Nhi\u1ec1u kh\u00e1ch h\u00e0ng lo ng\u1ea1i v\u1ec1 c\u00e1c v\u1ea5n \u0111\u1ec1 v\u1ec1 ch\u1ea5t l\u01b0\u1ee3ng, \u0111\u1ed9 ch\u00ednh x\u00e1c, th\u1eddi gian giao h\u00e0ng, v.v. khi s\u1ea3n xu\u1ea5t s\u1ea3n ph\u1ea9m \u1edf n\u01b0\u1edbc ngo\u00e0i.<\/p>\n<p class=\"c_mtl lh20 fs140\">Ngo\u00e0i nh\u1eefng l\u00f4 h\u00e0ng nh\u1ecf, \u0111\u1ed9 ch\u00ednh x\u00e1c cao v\u00e0 th\u1eddi gian giao h\u00e0ng ng\u1eafn, ch\u00fang t\u00f4i c\u1ed1 g\u1eafng duy tr\u00ec v\u00e0 c\u1ea3i thi\u1ec7n ch\u1ea5t l\u01b0\u1ee3ng b\u1eb1ng c\u00e1ch li\u00ean t\u1ee5c ti\u1ebfn h\u00e0nh ki\u1ec3m so\u00e1t ch\u1ea5t l\u01b0\u1ee3ng k\u1ef9 l\u01b0\u1ee1ng.<\/p>\n<p class=\"fs115 top5 lh20\">Ch\u1ea5t l\u01b0\u1ee3ng, \u0111\u1ed9 ch\u00ednh x\u00e1c v\u00e0 th\u1eddi gian giao h\u00e0ng \u0111\u01b0\u1ee3c ki\u1ec3m tra nghi\u00eam ng\u1eb7t b\u1edfi c\u00f4ng ty con \u0111\u1ecba ph\u01b0\u01a1ng c\u1ee7a ch\u00fang t\u00f4i theo h\u1ec7 th\u1ed1ng qu\u1ea3n l\u00fd Nh\u1eadt B\u1ea3n.<\/p>\n<\/p><\/div>\n<\/p><\/div>\n<\/p><\/div>\n<p>  <a id=\"point03\"><\/a><\/p>\n<div class=\"wrap_hrz_end top100\">\n<div class=\"merit_box btm20_l_sp\">\n<div class=\"merit_line\">\n<div class=\"eng fs115 c_mtl\">L\u00dd DO 03<\/div>\n<\/p><\/div>\n<div class=\"merit_cont pd_r60\">\n<div class=\"eng fs850 fs500_sp c_mtl lh10\">03<\/div>\n<div class=\"fs230 c_mtl top30 lh18\">L\u00f4 nh\u1ecf \u0111a d\u1ea1ng cao<span class=\"blk_mtl\">ph\u1ea3n \u1ee9ng linh ho\u1ea1t<\/span><\/div>\n<p class=\"fs115 top5 lh20 top30\">Ch\u00fang t\u00f4i c\u0169ng c\u00f3 th\u1ec3 x\u1eed l\u00fd m\u1ed9t s\u1ed1 m\u1eb7t h\u00e0ng \u0111\u01a1n l\u1ebb, l\u00f4 nh\u1ecf v\u00e0 b\u1ed9 ho\u00e0n ch\u1ec9nh. T\u00f9y theo y\u00eau c\u1ea7u c\u1ee7a kh\u00e1ch h\u00e0ng, ch\u00fang t\u00f4i s\u1ebd l\u1ef1a ch\u1ecdn nh\u00e0 x\u01b0\u1edfng ph\u00f9 h\u1ee3p nh\u1ea5t t\u1eeb c\u00e1c \u0111\u1ed1i t\u00e1c \u0111\u1ed1i t\u00e1c. N\u1ebfu b\u1ea1n c\u00f3 kh\u00e1ch h\u00e0ng \u1edf n\u01b0\u1edbc ngo\u00e0i ho\u1eb7c nh\u00e0 m\u00e1y l\u1eafp r\u00e1p th\u1ef1c hi\u1ec7n l\u1eafp r\u00e1p, ch\u00fang t\u00f4i c\u00f3 th\u1ec3 v\u1eadn chuy\u1ec3n s\u1ea3n ph\u1ea9m tr\u1ef1c ti\u1ebfp \u0111\u1ebfn \u0111\u1ecba \u0111i\u1ec3m. Ch\u00fang t\u00f4i s\u1ebd l\u00e0m m\u1ecdi th\u1ee9 t\u1eeb t\u01b0 v\u1ea5n \u0111\u1ebfn \u0111\u1ec1 xu\u1ea5t!<\/p>\n<\/p><\/div>\n<\/p><\/div>\n<div class=\"bg_mtl_merit3 sp_w100\">\n    <\/div>\n<\/p><\/div>\n<\/div>\n<p><!-- \u9078\u3070\u308c\u308b\u7406\u7531 \u3053\u3053\u307e\u3067--><\/p>\n<p><!-- \u4e8b\u4f8b --><\/p>\n<div class=\"bg_thin_mtl\">\n<div class=\"box_cont m_auto add_side btm100\">\n<div class=\"mtl_h2 top100\">\n<div class=\"eng fs110 c_mtl\">NGHI\u00caN C\u1ee8U TR\u01af\u1edcNG H\u1ee2P<\/div>\n<div class=\"letter3  lh13 fs270\">V\u00ed d\u1ee5 gi\u1ea3i ph\u00e1p<\/div>\n<\/p><\/div>\n<p class=\"ta_center top30  fs125 lh18 ta_left_sp\">Ch\u00fang t\u00f4i s\u1ebd gi\u1edbi thi\u1ec7u c\u00e1c nghi\u00ean c\u1ee9u \u0111i\u1ec3n h\u00ecnh v\u1ec1 c\u00e1c c\u00f4ng ty mua s\u1eafm c\u00e1c b\u1ed9 ph\u1eadn kim lo\u1ea1i th\u00f4ng qua KIYOTA v\u00e0 \u0111\u1ea1t \u0111\u01b0\u1ee3c k\u1ebft qu\u1ea3 kinh doanh cao h\u01a1n.<\/p>\n<div class=\"wrap_hrz top30\">\n<div class=\"box_m4\">\n<div class=\"box_card_5\">\n<div class=\"eng fs150 tag_mtl btm10\">TR\u01af\u1edcNG H\u1ee2P 1<\/div>\n<div class=\"fs150 ta_left top30\">H\u1ed7 tr\u1ee3 linh ho\u1ea1t cho l\u00f4 h\u00e0ng nh\u1ecf v\u00e0 nhi\u1ec1u lo\u1ea1i s\u1ea3n ph\u1ea9m!<\/div>\n<div class=\"box_card_6\">\n<div class=\"fs115 ta_left top20\">Ch\u00fang t\u00f4i \u0111\u00e3 y\u00eau c\u1ea7u b\u00e1o gi\u00e1 cho m\u1ed9t s\u1ea3n ph\u1ea9m c\u00f3 l\u00f4 nh\u1ecf, h\u1ed7n h\u1ee3p cao v\u00e0 ch\u00fang t\u00f4i \u0111\u01b0\u1ee3c y\u00eau c\u1ea7u t\u00ecm m\u1ed9t nh\u00e0 cung c\u1ea5p \u1edf Trung Qu\u1ed1c v\u00e0 \u0110\u00e0i Loan c\u00f3 th\u1ec3 cung c\u1ea5p h\u1ed7 tr\u1ee3 chi ti\u1ebft.<\/div>\n<div class=\"wrap_hrz_sbt top20\">\n<p class=\"c_mtl tag_box\">Nh\u00e0 s\u1ea3n xu\u1ea5t \u0111\u1ed9ng c\u01a1 \/ nh\u00e0 s\u1ea3n xu\u1ea5t h\u1ed9p gi\u1ea3m t\u1ed1c<\/p>\n<p>                <img decoding=\"async\" src=\"https:\/\/www.kiyota-and.co.jp\/wp\/wp-content\/themes\/kiyota\/img\/metal\/case1.png\" width=\"126px\" height=\"auto\" alt=\"\"\/>\n              <\/div>\n<\/p><\/div>\n<\/p><\/div>\n<\/p><\/div>\n<div class=\"box_m4\">\n<div class=\"box_card_5\">\n<div class=\"eng fs150 tag_mtl btm10\">TR\u01af\u1edcNG H\u1ee2P 2<\/div>\n<div class=\"fs150 ta_left top30\">C\u00f3 tr\u1ee5 s\u1edf t\u1ea1i Trung Qu\u1ed1c<\/div>\n<div class=\"box_card_6\">\n<div class=\"fs115 ta_left top20\">V\u00ec ch\u00fang t\u00f4i c\u00f3 c\u01a1 s\u1edf \u1edf Trung Qu\u1ed1c n\u00ean ch\u00fang t\u00f4i c\u00f3 th\u1ec3 cung c\u1ea5p x\u00e1c nh\u1eadn t\u1ea1i ch\u1ed7 v\u00e0 c\u00e1c h\u1ed7 tr\u1ee3 kh\u00e1c r\u1ea5t nhanh ch\u00f3ng.<\/div>\n<div class=\"wrap_hrz_sbt top20\">\n<p class=\"c_mtl tag_box\">Nh\u00e0 s\u1ea3n xu\u1ea5t m\u00e1y v\u0103n ph\u00f2ng OA\/nh\u00e0 s\u1ea3n xu\u1ea5t ph\u1ee5 t\u00f9ng \u00f4 t\u00f4<\/p>\n<p>                <img decoding=\"async\" src=\"https:\/\/www.kiyota-and.co.jp\/wp\/wp-content\/themes\/kiyota\/img\/metal\/case2.png\" width=\"126px\" height=\"auto\" alt=\"\"\/>\n              <\/div>\n<\/p><\/div>\n<\/p><\/div>\n<\/p><\/div>\n<div class=\"box_m4\">\n<div class=\"box_card_5\">\n<div class=\"eng fs150 tag_mtl btm10\">TR\u01af\u1edcNG H\u1ee2P 3<\/div>\n<div class=\"fs150 ta_left top30\">C\u0169ng c\u00f3 th\u1ec3 t\u1ed5 ch\u1ee9c h\u1ed9i th\u1ea3o tr\u00ean web v\u1edbi ng\u01b0\u1eddi d\u00e2n \u0111\u1ecba ph\u01b0\u01a1ng<\/div>\n<div class=\"box_card_6\">\n<div class=\"fs115 ta_left top20\">Ch\u00fang t\u00f4i c\u00f3 th\u1ec3 t\u1ed5 ch\u1ee9c c\u00e1c cu\u1ed9c ph\u1ecfng v\u1ea5n tr\u1ef1c ti\u1ebfp v\u1edbi m\u1ecdi ng\u01b0\u1eddi t\u1ea1i c\u00e1c nh\u00e0 m\u00e1y s\u1ea3n xu\u1ea5t \u0111\u1ecba ph\u01b0\u01a1ng th\u00f4ng qua h\u1ed9i ngh\u1ecb tr\u00ean web, \u0111i\u1ec1u n\u00e0y cho ph\u00e9p ch\u00fang t\u00f4i t\u1ed5 ch\u1ee9c c\u00e1c cu\u1ed9c h\u1ecdp k\u1ef9 thu\u1eadt m\u1ed9t c\u00e1ch su\u00f4n s\u1ebb.<\/div>\n<div class=\"wrap_hrz_sbt top20\">\n<p class=\"c_mtl tag_box\">Nh\u00e0 s\u1ea3n xu\u1ea5t \u0111\u1ed9ng c\u01a1 \/ Nh\u00e0 s\u1ea3n xu\u1ea5t h\u1ed9p gi\u1ea3m t\u1ed1c \/ Nh\u00e0 s\u1ea3n xu\u1ea5t m\u00e1y v\u0103n ph\u00f2ng OA<\/p>\n<p>                <img decoding=\"async\" src=\"https:\/\/www.kiyota-and.co.jp\/wp\/wp-content\/themes\/kiyota\/img\/metal\/case3.png\" width=\"126px\" height=\"auto\" alt=\"\"\/>\n              <\/div>\n<\/p><\/div>\n<\/p><\/div>\n<\/p><\/div>\n<div class=\"box_m4\">\n<div class=\"box_card_5\">\n<div class=\"eng fs150 tag_mtl btm10\">TR\u01af\u1edcNG H\u1ee2P 4<\/div>\n<div class=\"fs150 ta_left top30\">Bao g\u1ed3m l\u1eddi khuy\u00ean t\u00edch h\u1ee3p<\/div>\n<div class=\"box_card_6\">\n<div class=\"fs115 ta_left top20\">Anh \u1ea5y c\u00f3 nhi\u1ec1u kinh nghi\u1ec7m t\u00ecm ngu\u1ed3n cung \u1ee9ng cho c\u00e1c nh\u00e0 s\u1ea3n xu\u1ea5t \u0111\u1ecba ph\u01b0\u01a1ng c\u1ee7a Trung Qu\u1ed1c, v\u00ec v\u1eady ch\u00fang t\u00f4i nh\u1eadn \u0111\u01b0\u1ee3c l\u1eddi khuy\u00ean v\u1ec1 ch\u1ea5t l\u01b0\u1ee3ng x\u00e2y d\u1ef1ng.<\/div>\n<div class=\"wrap_hrz_sbt top20\">\n<p class=\"c_mtl tag_box\">Nh\u00e0 s\u1ea3n xu\u1ea5t thi\u1ebft b\u1ecb x\u00e2y d\u1ef1ng<\/p>\n<p>                <img decoding=\"async\" src=\"https:\/\/www.kiyota-and.co.jp\/wp\/wp-content\/themes\/kiyota\/img\/metal\/case4.png\" width=\"126px\" height=\"auto\" alt=\"\"\/>\n              <\/div>\n<\/p><\/div>\n<\/p><\/div>\n<\/p><\/div>\n<div class=\"box_m4\">\n<div class=\"box_card_5\">\n<div class=\"eng fs150 tag_mtl btm10\">TR\u01af\u1edcNG H\u1ee2P 5<\/div>\n<div class=\"fs150 ta_left top30\">Gi\u1ea3m chi ph\u00ed th\u00e0nh c\u00f4ng<\/div>\n<div class=\"box_card_6\">\n<div class=\"fs115 ta_left top20\">M\u1eb7c d\u00f9 \u0111\u00e2y l\u00e0 m\u1ed9t d\u1ef1 \u00e1n \u0111\u1eb7t h\u00e0ng l\u1ea1i nh\u01b0ng ch\u00fang t\u00f4i \u0111\u00e3 c\u00f3 th\u1ec3 gi\u1ea3m chi ph\u00ed ban \u0111\u1ea7u v\u00e0 c\u0169ng gi\u1ea3m \u0111\u01a1n gi\u00e1 s\u1ea3n ph\u1ea9m 20% so v\u1edbi gi\u00e1 th\u00e0nh tr\u01b0\u1edbc \u0111\u00f3.<\/div>\n<div class=\"wrap_hrz_sbt top20\">\n<p class=\"c_mtl tag_box\">Nh\u00e0 s\u1ea3n xu\u1ea5t thi\u1ebft b\u1ecb x\u00e2y d\u1ef1ng\/nh\u00e0 s\u1ea3n xu\u1ea5t \u0111\u1ed9ng c\u01a1<\/p>\n<p>                <img decoding=\"async\" src=\"https:\/\/www.kiyota-and.co.jp\/wp\/wp-content\/themes\/kiyota\/img\/metal\/case5.png\" width=\"126px\" height=\"auto\" alt=\"\"\/>\n              <\/div>\n<\/p><\/div>\n<\/p><\/div>\n<\/p><\/div>\n<div class=\"box_m4\">\n<div class=\"box_card_5\">\n<div class=\"eng fs150 tag_mtl btm10\">TR\u01af\u1edcNG H\u1ee2P 6<\/div>\n<div class=\"fs150 ta_left top30\">H\u1ed7 tr\u1ee3 th\u1eddi gian giao h\u00e0ng ng\u1eafn<\/div>\n<div class=\"box_card_6\">\n<div class=\"fs115 ta_left top20\">M\u1eb7c d\u00f9 th\u1eddi gian giao h\u00e0ng ng\u1eafn nh\u01b0ng ch\u00fang t\u00f4i v\u1eabn c\u00f3 th\u1ec3 \u0111\u00e1p \u1ee9ng \u0111\u00fang th\u1eddi h\u1ea1n giao h\u00e0ng nh\u1edd li\u00ean t\u1ee5c ph\u1ed1i h\u1ee3p v\u1edbi nh\u00e0 s\u1ea3n xu\u1ea5t.<\/div>\n<div class=\"wrap_hrz_sbt top20\">\n<p class=\"c_mtl tag_box\">Nh\u00e0 s\u1ea3n xu\u1ea5t m\u00e1y v\u0103n ph\u00f2ng OA<\/p>\n<p>                <img decoding=\"async\" src=\"https:\/\/www.kiyota-and.co.jp\/wp\/wp-content\/themes\/kiyota\/img\/metal\/case6.png\" width=\"126px\" height=\"auto\" alt=\"\"\/>\n              <\/div>\n<\/p><\/div>\n<\/p><\/div>\n<\/p><\/div>\n<div class=\"box_m4\">\n<div class=\"box_card_5\">\n<div class=\"eng fs150 tag_mtl btm10\">TR\u01af\u1edcNG H\u1ee2P 7<\/div>\n<div class=\"fs150 ta_left top30\">\u01af\u1edbc t\u00ednh c\u00f3 s\u1eb5n \u1edf Trung Qu\u1ed1c<\/div>\n<div class=\"box_card_6\">\n<div class=\"fs115 ta_left top20\">Ch\u00fang t\u00f4i c\u0169ng c\u00f3 c\u00e1c ngu\u1ed3n b\u00e1o gi\u00e1 chung \u1edf Trung Qu\u1ed1c v\u00e0 c\u00f3 th\u1ec3 cung c\u1ea5p b\u00e1o gi\u00e1 c\u00f3 \u0111\u1ed9 ch\u00ednh x\u00e1c cao.<\/div>\n<div class=\"wrap_hrz_sbt top20\">\n<p class=\"c_mtl tag_box\">Nh\u00e0 s\u1ea3n xu\u1ea5t thi\u1ebft b\u1ecb y t\u1ebf\/nh\u00e0 s\u1ea3n xu\u1ea5t thi\u1ebft b\u1ecb nh\u00e0 \u1edf<\/p>\n<p>                <img decoding=\"async\" src=\"https:\/\/www.kiyota-and.co.jp\/wp\/wp-content\/themes\/kiyota\/img\/metal\/case7.png\" width=\"126px\" height=\"auto\" alt=\"\"\/>\n              <\/div>\n<\/p><\/div>\n<\/p><\/div>\n<\/p><\/div>\n<div class=\"box_m4\">\n<div class=\"box_card_5\">\n<div class=\"eng fs150 tag_mtl btm10\">TR\u01af\u1edcNG H\u1ee2P 8<\/div>\n<div class=\"fs150 ta_left top30\">S\u1ea3n xu\u1ea5t t\u1ea1i Trung Qu\u1ed1c, gi\u1ea3m chi ph\u00ed th\u00e0nh c\u00f4ng<\/div>\n<div class=\"box_card_6\">\n<div class=\"fs115 ta_left top20\">T\u00f4i \u0111ang mua v\u00f2ng bi s\u1ea3n xu\u1ea5t t\u1ea1i Trung Qu\u1ed1c. Do \u0111\u00f3, ch\u00fang t\u00f4i r\u1ea5t bi\u1ebft \u01a1n v\u00ec \u0111\u00e3 c\u00f3 th\u1ec3 gi\u1ea3m chi ph\u00ed c\u1ee7a nh\u00e0 s\u1ea3n xu\u1ea5t hi\u1ec7n t\u1ea1i.<\/div>\n<div class=\"wrap_hrz_sbt top20\">\n<p class=\"c_mtl tag_box\">nh\u00e0 s\u1ea3n xu\u1ea5t b\u00e1n l\u1ebb mang<\/p>\n<p>                <img decoding=\"async\" src=\"https:\/\/www.kiyota-and.co.jp\/wp\/wp-content\/themes\/kiyota\/img\/metal\/case8.png\" width=\"126px\" height=\"auto\" alt=\"\"\/>\n              <\/div>\n<\/p><\/div>\n<\/p><\/div>\n<\/p><\/div>\n<\/p><\/div>\n<\/p><\/div>\n<p><a href=\"https:\/\/www.kiyota-and.co.jp\/metal\" class=\"btn_mtl m_auto\">T\u1edbi m\u1ee5c Kim lo\u1ea1i L\u00ean tr\u00ean<\/a><\/p>\n<div class=\"top100\"><\/div>\n<\/div>\n<p><!-- \u4e8b\u4f8b \u3053\u3053\u307e\u3067--><\/p>\n<p><!-- contact --><\/p>\n<div class=\"box_full bg_feat_mtl_2\">\n<div class=\"box_cont m_auto ta_center add_side\">\n<div class=\"title_ly_l_2 top70 top50_sp lh17 c_wht\">Gi\u1ea3m chi ph\u00ed c\u1ee7a c\u00e1c b\u1ed9 ph\u1eadn kim lo\u1ea1i v\u00e0 t\u00ecm nh\u00e0 m\u00e1y \u1edf n\u01b0\u1edbc ngo\u00e0i, v.v. <br class=\"none_l\"><br \/>\n      M\u1ecdi v\u1ea5n \u0111\u1ec1 v\u1ec1 linh ki\u1ec7n c\u01a1 kh\u00ed h\u00e3y \u0111\u1ebfn Kiyota!<\/div>\n<p class=\"txt_nml top50 c_wht\">Y\u00eau c\u1ea7u th\u00f4ng qua h\u00ecnh th\u1ee9c<\/p>\n<div class=\"top20\"><\/div>\n<p>    <a href=\"https:\/\/www.kiyota-and.co.jp\/metal_contact\" class=\"btn_mtl_l m_auto\">B\u1ea5m v\u00e0o \u0111\u00e2y \u0111\u1ec3 li\u00ean h\u1ec7 v\u1edbi ch\u00fang t\u00f4i<\/a><\/p>\n<div class=\"box_half m_auto\">\n<div class=\"wrap_hrz al_center btm10 top70 top50_sp\">\n<div class=\"ta_left\">\n<p class=\"c_wht btm2 top10 fw600 fs130 m_right20\">Li\u00ean h\u1ec7 v\u1edbi ch\u00fang t\u00f4i qua \u0111i\u1ec7n tho\u1ea1i<\/p>\n<p class=\"c_wht fs60 m_right30 m_right0_sp top3\">Gi\u1edd ti\u1ebfp t\u00e2n \/ C\u00e1c ng\u00e0y trong tu\u1ea7n 9:00 AM - 5:00 PM<\/p>\n<\/p><\/div>\n<div class=\"eng fw700 fs300 top6 m_right0 c_wht\"><a class=\"c_wht\" href=\"tel:0337983613\">03-3798-3613<\/a><\/div>\n<\/p><\/div>\n<\/p><\/div>\n<\/p><\/div>\n<\/div>\n<p><!-- contact\u3053\u3053\u307e\u3067 --><\/p>","protected":false},"excerpt":{"rendered":"<p>\u91d1\u5c5e\u90e8\u54c1\u30fb\u91d1\u5c5e\u52a0\u5de5\u306e\u30b3\u30b9\u30c8\u30c0\u30a6\u30f3\u3092\u5b9f\u73fe\uff01 \u5546\u793e\u306a\u3089\u3067\u306f\u306e\u8c4a\u5bcc\u306a\u6d77\u5916\u306e\u30cd\u30c3\u30c8\u30ef\u30fc\u30af\u3092\u99c6\u4f7f\u3057\u305f\u7af6\u4e89\u529b\u3068\u3001\u67d4\u8edf\u6027\u306e\u3042 [&hellip;]<\/p>\n","protected":false},"author":1,"featured_media":0,"parent":0,"menu_order":0,"comment_status":"closed","ping_status":"closed","template":"page-tsuyomi.php","meta":{"_acf_changed":false,"footnotes":""},"categories":[15],"class_list":["post-28711","page","type-page","status-publish","hentry","category-metal"],"acf":[],"aioseo_notices":[],"_links":{"self":[{"href":"https:\/\/www.kiyota-and.co.jp\/vi\/wp-json\/wp\/v2\/pages\/28711","targetHints":{"allow":["GET"]}}],"collection":[{"href":"https:\/\/www.kiyota-and.co.jp\/vi\/wp-json\/wp\/v2\/pages"}],"about":[{"href":"https:\/\/www.kiyota-and.co.jp\/vi\/wp-json\/wp\/v2\/types\/page"}],"author":[{"embeddable":true,"href":"https:\/\/www.kiyota-and.co.jp\/vi\/wp-json\/wp\/v2\/users\/1"}],"replies":[{"embeddable":true,"href":"https:\/\/www.kiyota-and.co.jp\/vi\/wp-json\/wp\/v2\/comments?post=28711"}],"version-history":[{"count":12,"href":"https:\/\/www.kiyota-and.co.jp\/vi\/wp-json\/wp\/v2\/pages\/28711\/revisions"}],"predecessor-version":[{"id":28934,"href":"https:\/\/www.kiyota-and.co.jp\/vi\/wp-json\/wp\/v2\/pages\/28711\/revisions\/28934"}],"wp:attachment":[{"href":"https:\/\/www.kiyota-and.co.jp\/vi\/wp-json\/wp\/v2\/media?parent=28711"}],"wp:term":[{"taxonomy":"category","embeddable":true,"href":"https:\/\/www.kiyota-and.co.jp\/vi\/wp-json\/wp\/v2\/categories?post=28711"}],"curies":[{"name":"wp","href":"https:\/\/api.w.org\/{rel}","templated":true}]}}