{"id":399,"date":"2022-06-30T00:56:29","date_gmt":"2022-06-29T15:56:29","guid":{"rendered":"http:\/\/www.kiyota-and.co.jp\/wp\/?page_id=399"},"modified":"2022-06-30T05:40:19","modified_gmt":"2022-06-29T20:40:19","slug":"%e5%be%a1%e8%a6%8b%e7%a9%8d%e6%9b%b8%e4%be%9d%e9%a0%bc%e3%83%95%e3%82%a9%e3%83%bc%e3%83%a0%e3%80%90%e9%80%81%e4%bf%a1%e5%ae%8c%e4%ba%86%e3%80%91","status":"publish","type":"page","link":"https:\/\/www.kiyota-and.co.jp\/vi\/quote_contact\/quote_confirm\/quote_thanks","title":{"rendered":"\u9001\u4fe1\u5b8c\u4e86\u3010\u5fa1\u898b\u7a4d\u66f8\u4f9d\u983c\u3011"},"content":{"rendered":"<div class=\"wrap_700 sp_wide\">\n<div class=\"lp_form\">\n<div class=\"lr_line\">\n<div class=\"confirm_sub_text\">\n<p class=\"btm30 ta_center\" style=\"font-weight: bold; font-size: 22px; letter-spacing: 1.4px;\">\u0110\u00e3 g\u1eedi xong<\/p>\n<p class=\"btm10 ta_center\">C\u1ea3m \u01a1n b\u1ea1n \u0111\u00e3 li\u00ean h\u1ec7 v\u1edbi ch\u00fang t\u00f4i.<\/p>\n<p class=\"ta_center\">Ch\u00fang t\u00f4i s\u1ebd g\u1eedi cho b\u1ea1n m\u1ed9t email tr\u1ea3 l\u1eddi t\u1ef1 \u0111\u1ed9ng \u0111\u1ec3 x\u00e1c nh\u1eadn.<\/p>\n<p class=\"ta_center\">Ch\u00fang t\u00f4i mong nh\u1eadn \u0111\u01b0\u1ee3c s\u1ef1 \u1ee7ng h\u1ed9 ti\u1ebfp t\u1ee5c c\u1ee7a b\u1ea1n d\u00e0nh cho T\u1eadp \u0111o\u00e0n Kiyota.<\/p>\n<\/p><\/div>\n<\/p><\/div>\n<\/p><\/div>\n<\/p><\/div>\n<p><a href=\"\" class=\"btn_crp m_auto\">Quay l\u1ea1i \u0111\u1ea7u trang<\/a><\/p>","protected":false},"excerpt":{"rendered":"<p>\u9001\u4fe1\u304c\u5b8c\u4e86\u81f4\u3057\u307e\u3057\u305f \u304a\u554f\u3044\u5408\u308f\u305b\u3042\u308a\u304c\u3068\u3046\u3054\u3056\u3044\u307e\u3057\u305f\u3002 \u78ba\u8a8d\u306e\u305f\u3081\u3001\u81ea\u52d5\u8fd4\u4fe1\u30e1\u30fc\u30eb\u3092\u304a\u9001\u308a\u3057\u3066\u3044\u307e\u3059\u3002 \u4eca [&hellip;]<\/p>\n","protected":false},"author":1,"featured_media":0,"parent":391,"menu_order":0,"comment_status":"closed","ping_status":"closed","template":"page-contact.php","meta":{"_acf_changed":false,"footnotes":""},"categories":[],"class_list":["post-399","page","type-page","status-publish","hentry"],"acf":[],"aioseo_notices":[],"_links":{"self":[{"href":"https:\/\/www.kiyota-and.co.jp\/vi\/wp-json\/wp\/v2\/pages\/399","targetHints":{"allow":["GET"]}}],"collection":[{"href":"https:\/\/www.kiyota-and.co.jp\/vi\/wp-json\/wp\/v2\/pages"}],"about":[{"href":"https:\/\/www.kiyota-and.co.jp\/vi\/wp-json\/wp\/v2\/types\/page"}],"author":[{"embeddable":true,"href":"https:\/\/www.kiyota-and.co.jp\/vi\/wp-json\/wp\/v2\/users\/1"}],"replies":[{"embeddable":true,"href":"https:\/\/www.kiyota-and.co.jp\/vi\/wp-json\/wp\/v2\/comments?post=399"}],"version-history":[{"count":3,"href":"https:\/\/www.kiyota-and.co.jp\/vi\/wp-json\/wp\/v2\/pages\/399\/revisions"}],"predecessor-version":[{"id":406,"href":"https:\/\/www.kiyota-and.co.jp\/vi\/wp-json\/wp\/v2\/pages\/399\/revisions\/406"}],"up":[{"embeddable":true,"href":"https:\/\/www.kiyota-and.co.jp\/vi\/wp-json\/wp\/v2\/pages\/391"}],"wp:attachment":[{"href":"https:\/\/www.kiyota-and.co.jp\/vi\/wp-json\/wp\/v2\/media?parent=399"}],"wp:term":[{"taxonomy":"category","embeddable":true,"href":"https:\/\/www.kiyota-and.co.jp\/vi\/wp-json\/wp\/v2\/categories?post=399"}],"curies":[{"name":"wp","href":"https:\/\/api.w.org\/{rel}","templated":true}]}}