{"id":416,"date":"2022-06-30T05:54:37","date_gmt":"2022-06-29T20:54:37","guid":{"rendered":"http:\/\/www.kiyota-and.co.jp\/wp\/?page_id=416"},"modified":"2022-10-07T15:42:43","modified_gmt":"2022-10-07T06:42:43","slug":"%e4%b8%8d%e5%8b%95%e7%94%a3%e4%ba%8b%e6%a5%ad","status":"publish","type":"page","link":"https:\/\/www.kiyota-and.co.jp\/vi\/real_estate","title":{"rendered":"Kinh doanh cho thu\u00ea b\u1ea5t \u0111\u1ed9ng s\u1ea3n"},"content":{"rendered":"<p class=\"txt_nml top50\">Ch\u00fang t\u00f4i \u0111ang tham gia kinh doanh cho thu\u00ea c\u00e1c t\u00f2a nh\u00e0 v\u0103n ph\u00f2ng l\u1edbn \u1edf Minato-ku, Tokyo. Ngo\u00e0i ra, t\u1ea1i Th\u00e0nh ph\u1ed1 Sagamihara, T\u1ec9nh Kanagawa, ch\u00fang t\u00f4i cho thu\u00ea v\u00e0 v\u1eadn h\u00e0nh t\u00e0i s\u1ea3n c\u1eeda h\u00e0ng, cho ph\u00e9p ch\u00fang t\u00f4i s\u1eed d\u1ee5ng hi\u1ec7u qu\u1ea3 t\u00e0i s\u1ea3n c\u1ee7a m\u00ecnh v\u00e0 cung c\u1ea5p m\u00f4i tr\u01b0\u1eddng s\u1ed1ng phong ph\u00fa cho c\u1ed9ng \u0111\u1ed3ng \u0111\u1ecba ph\u01b0\u01a1ng.\n<\/p>\n<\/p><\/div>\n<\/div>\n<div class=\"box_full top250 top150_sp\">\n<div class=\"layer_graybox_op\">\n<div class=\"box_cont m_auto\">\n<div class=\"wrap_hrz\">\n<div class=\"box_two_3 box_two_l\"> <img loading=\"lazy\" decoding=\"async\" src=\"https:\/\/www.kiyota-and.co.jp\/wp\/wp-content\/themes\/kiyota\/img\/common\/est01.png\" width=\"1000\" height=\"1000\" alt=\"\"\/> <\/div>\n<div class=\"box_two_3 box_two_r\">\n<div class=\"title_ly_l set_up\">T\u00f2a nh\u00e0 Tamachi Kiyota<\/div>\n<div class=\"title_ly_est eng c_est\">T\u00d2A NH\u00c0 TAMACHI KIYOTA<\/div>\n<p class=\"txt_nml top50\">N\u1eb1m trong Khu v\u1ef1c V\u1ecbnh Tokyo, n\u01a1i t\u1eadp trung c\u00e1c ch\u1ee9c n\u0103ng v\u0103n ph\u00f2ng, n\u00f3 mang l\u1ea1i s\u1ef1 thu\u1eadn ti\u1ec7n tuy\u1ec7t v\u1eddi v\u1edbi kh\u1ea3 n\u0103ng ti\u1ebfp c\u1eadn Ga Tamachi, Ga C\u1ed5ng Takanawa, Ga Sengakuji, v.v., c\u0169ng nh\u01b0 c\u00e1c ch\u1ee9c n\u0103ng t\u00f2a nh\u00e0 phong ph\u00fa v\u00e0 kh\u00f4ng gian s\u00e0n r\u1ed9ng r\u00e3i. .<\/p>\n<p class=\"top20 lh20\">T\u1ed5ng di\u1ec7n t\u00edch s\u00e0n: 24.758\u33a1 (9 t\u1ea7ng n\u1ed5i, 1 t\u1ea7ng h\u1ea7m)<br \/>Th\u00f4ng s\u1ed1 k\u1ef9 thu\u1eadt: V\u0103n ph\u00f2ng CNTT<\/p>\n<div class=\"top50\"><\/div>\n<div class=\"top20_sp\"><\/div>\n<\/p><\/div>\n<\/p><\/div>\n<\/p><\/div>\n<\/p><\/div>\n<\/div>\n<div class=\"box_full top250 top150_sp\">\n<div class=\"layer_graybox\">\n<div class=\"box_cont m_auto\">\n<div class=\"wrap_hrz\">\n<div class=\"box_two_3 box_two_l\">\n<div class=\"title_ly_l set_up\">T\u00f2a nh\u00e0 Tamachi CK<\/div>\n<div class=\"title_ly_est eng c_est\">T\u00d2A NH\u00c0 TAMACHI CK<\/div>\n<p class=\"txt_nml top50\">\u0110\u00e2y l\u00e0 m\u1ed9t t\u00f2a nh\u00e0 l\u1edbn n\u1eb1m c\u1ea1nh T\u00f2a nh\u00e0 Tamachi Kiyota v\u00e0 \u0111\u00e3 \u0111\u01b0\u1ee3c c\u1ea3i t\u1ea1o t\u1eeb nh\u00e0 kho gi\u1ea5y th\u00e0nh th\u00f4ng s\u1ed1 k\u1ef9 thu\u1eadt c\u1ee7a trung t\u00e2m d\u1eef li\u1ec7u.\n<\/p>\n<p class=\"top20 lh20\">T\u1ed5ng di\u1ec7n t\u00edch s\u00e0n: 15.370\u33a1 (5 t\u1ea7ng n\u1ed5i, 1 t\u1ea7ng h\u1ea7m)<br \/>Th\u00f4ng s\u1ed1 k\u1ef9 thu\u1eadt: Th\u00f4ng s\u1ed1 k\u1ef9 thu\u1eadt c\u1ee7a trung t\u00e2m d\u1eef li\u1ec7u<br \/>Nhi\u1ebfp \u1ea3nh: \u00a9 Forward Stroke Inc.<\/p>\n<div class=\"top50\"><\/div>\n<div class=\"top20_sp\"><\/div>\n<\/p><\/div>\n<div class=\"box_two_3 box_two_r\"><img loading=\"lazy\" decoding=\"async\" src=\"https:\/\/www.kiyota-and.co.jp\/wp\/wp-content\/themes\/kiyota\/img\/common\/est02.png\" width=\"1000\" height=\"1000\" alt=\"\"\/><\/p><\/div>\n<\/p><\/div>\n<\/p><\/div>\n<\/p><\/div>\n<\/div>\n<div class=\"box_full top250 top150_sp\">\n<div class=\"layer_graybox_op\">\n<div class=\"box_cont m_auto\">\n<div class=\"wrap_hrz\">\n<div class=\"box_two_3 box_two_l\"> <img loading=\"lazy\" decoding=\"async\" src=\"https:\/\/www.kiyota-and.co.jp\/wp\/wp-content\/themes\/kiyota\/img\/common\/est03.png\" width=\"1000\" height=\"1000\" alt=\"\"\/> <\/div>\n<div class=\"box_two_3 box_two_r\">\n<div class=\"title_ly_l set_up lh13\">V\u01b0\u1eddn gia \u0111\u00ecnh Shinagawa<\/div>\n<div class=\"title_ly_est eng c_est\">V\u01af\u1edcN GIA \u0110\u00ccNH SHINAGAWA<\/div>\n<p class=\"txt_nml top50\">C\u01a1 s\u1edf n\u00e0y c\u00f3 v\u1ecb tr\u00ed thu\u1eadn ti\u1ec7n, c\u00e1ch Ga Osaki 8 ph\u00fat \u0111i b\u1ed9 v\u00e0 \u0111\u01b0\u1ee3c \u0111i\u1ec1u h\u00e0nh b\u1edfi Kiyota Life Care Service Co., Ltd., m\u1ed9t c\u00f4ng ty con.\n<\/p>\n<p class=\"top20 lh20\">T\u1ed5ng di\u1ec7n t\u00edch s\u00e0n: 1.314,04\u33a1 (6 t\u1ea7ng n\u1ed5i, 1 t\u1ea7ng h\u1ea7m)<br \/>Th\u00f4ng s\u1ed1 k\u1ef9 thu\u1eadt: Vi\u1ec7n d\u01b0\u1ee1ng l\u00e3o \u0111\u01b0\u1ee3c tr\u1ea3 l\u01b0\u01a1ng v\u1edbi d\u1ecbch v\u1ee5 ch\u0103m s\u00f3c \u0111i\u1ec1u d\u01b0\u1ee1ng<br \/>chi ti\u1ebft:<a href=\"https:\/\/familiagarden-shinagawa.jp\/\" class=\"link\" target=\"_blank\" rel=\"noopener\">V\u01b0\u1eddn gia \u0111\u00ecnh Shinagawa <i class=\"fas fa-external-link-alt\"><\/i><\/a><\/p>\n<div class=\"top50\"><\/div>\n<div class=\"top20_sp\"><\/div>\n<\/p><\/div>\n<\/p><\/div>\n<\/p><\/div>\n<\/p><\/div>\n<\/div>","protected":false},"excerpt":{"rendered":"<p>\u6771\u4eac\u90fd\u6e2f\u533a\u3067\u5927\u578b\u30aa\u30d5\u30a3\u30b9\u30d3\u30eb\u30c7\u30a3\u30f3\u30b0\u306e\u8cc3\u8cb8\u4e8b\u696d\u3092\u304a\u3053\u306a\u3063\u3066\u304a\u308a\u307e\u3059\u3002\u307e\u305f\u3001\u795e\u5948\u5ddd\u770c\u76f8\u6a21\u539f\u5e02\u3067\u306f\u5e97\u8217\u7269\u4ef6\u3092\u8cc3\u8cb8\u904b [&hellip;]<\/p>\n","protected":false},"author":1,"featured_media":0,"parent":0,"menu_order":0,"comment_status":"closed","ping_status":"closed","template":"","meta":{"_acf_changed":false,"footnotes":""},"categories":[],"class_list":["post-416","page","type-page","status-publish","hentry"],"acf":[],"aioseo_notices":[],"_links":{"self":[{"href":"https:\/\/www.kiyota-and.co.jp\/vi\/wp-json\/wp\/v2\/pages\/416","targetHints":{"allow":["GET"]}}],"collection":[{"href":"https:\/\/www.kiyota-and.co.jp\/vi\/wp-json\/wp\/v2\/pages"}],"about":[{"href":"https:\/\/www.kiyota-and.co.jp\/vi\/wp-json\/wp\/v2\/types\/page"}],"author":[{"embeddable":true,"href":"https:\/\/www.kiyota-and.co.jp\/vi\/wp-json\/wp\/v2\/users\/1"}],"replies":[{"embeddable":true,"href":"https:\/\/www.kiyota-and.co.jp\/vi\/wp-json\/wp\/v2\/comments?post=416"}],"version-history":[{"count":11,"href":"https:\/\/www.kiyota-and.co.jp\/vi\/wp-json\/wp\/v2\/pages\/416\/revisions"}],"predecessor-version":[{"id":18425,"href":"https:\/\/www.kiyota-and.co.jp\/vi\/wp-json\/wp\/v2\/pages\/416\/revisions\/18425"}],"wp:attachment":[{"href":"https:\/\/www.kiyota-and.co.jp\/vi\/wp-json\/wp\/v2\/media?parent=416"}],"wp:term":[{"taxonomy":"category","embeddable":true,"href":"https:\/\/www.kiyota-and.co.jp\/vi\/wp-json\/wp\/v2\/categories?post=416"}],"curies":[{"name":"wp","href":"https:\/\/api.w.org\/{rel}","templated":true}]}}