{"id":422,"date":"2022-06-30T07:14:09","date_gmt":"2022-06-29T22:14:09","guid":{"rendered":"http:\/\/www.kiyota-and.co.jp\/wp\/?page_id=422"},"modified":"2025-04-15T00:39:37","modified_gmt":"2025-04-14T15:39:37","slug":"%e4%bc%9a%e7%a4%be%e6%a6%82%e8%a6%81","status":"publish","type":"page","link":"https:\/\/www.kiyota-and.co.jp\/vi\/company","title":{"rendered":"H\u1ed3 s\u01a1 c\u00f4ng ty"},"content":{"rendered":"<p class=\"txt_nml top50\">Kiyota Corporation l\u00e0 m\u1ed9t c\u00f4ng ty th\u01b0\u01a1ng m\u1ea1i ph\u00e1t tri\u1ec3n kinh doanh li\u00ean t\u1ee5c ph\u00e1t tri\u1ec3n b\u1eb1ng c\u00e1ch t\u1eadn d\u1ee5ng c\u00e1c truy\u1ec1n th\u1ed1ng v\u00e0 m\u1ed1i quan h\u1ec7 tin c\u1eady \u0111\u00e3 \u0111\u01b0\u1ee3c vun \u0111\u1eafp trong h\u01a1n 130 n\u0103m. <\/p>\n<\/p><\/div>\n<div class=\"box_s4 top70 box_two_r m_auto_sp\"><img loading=\"lazy\" decoding=\"async\" src=\"https:\/\/www.kiyota-and.co.jp\/wp\/wp-content\/themes\/kiyota\/img\/common\/est.png\" width=\"640\" height=\"427\" alt=\"\"\/><\/div>\n<\/p><\/div>\n<div class=\"wrap_hrz top70 add_side\">\n<div class=\"box_card\"> <a href=\"company\/message\"><\/p>\n<div class=\"img_thum bg\"><img loading=\"lazy\" decoding=\"async\" src=\"https:\/\/www.kiyota-and.co.jp\/wp\/wp-content\/themes\/kiyota\/img\/common\/message.png\" width=\"1500\" height=\"1000\" alt=\"\"\/><\/div>\n<p>        <\/a><\/p>\n<div class=\"ta_left\">\n<div class=\"top20\"><\/div>\n<div class=\"title_ly_s2_1_crp\">L\u1eddi ch\u00e0o t\u1eeb ng\u01b0\u1eddi \u0111\u1ea1i di\u1ec7n<\/div>\n<div class=\"title_ly_s2_2_crp\">TIN NH\u1eaeN<\/div>\n<\/p><\/div>\n<\/p><\/div>\n<div class=\"box_card\"> <a href=\"company\/information\"><\/p>\n<div class=\"img_thum bg\"><img loading=\"lazy\" decoding=\"async\" src=\"https:\/\/www.kiyota-and.co.jp\/wp\/wp-content\/themes\/kiyota\/img\/common\/company.png\" width=\"1500\" height=\"1000\" alt=\"\"\/><\/div>\n<p>        <\/a><\/p>\n<div class=\"ta_left\">\n<div class=\"top20\"><\/div>\n<div class=\"title_ly_s2_1_crp\">Th\u00f4ng tin c\u00f4ng ty<\/div>\n<div class=\"title_ly_s2_2_crp\">TH\u00d4NG TIN<\/div>\n<\/p><\/div>\n<\/p><\/div>\n<div class=\"box_card\"> <a href=\"company\/history\"><\/p>\n<div class=\"img_thum bg\"><img loading=\"lazy\" decoding=\"async\" src=\"https:\/\/www.kiyota-and.co.jp\/wp\/wp-content\/themes\/kiyota\/img\/common\/history.png\" width=\"1500\" height=\"1000\" alt=\"\"\/><\/div>\n<p>        <\/a><\/p>\n<div class=\"ta_left\">\n<div class=\"top20\"><\/div>\n<div class=\"title_ly_s2_1_crp\">L\u1ecbch s\u1eed<\/div>\n<div class=\"title_ly_s2_2_crp\">L\u1ecaCH S\u1eec<\/div>\n<\/p><\/div>\n<\/p><\/div>\n<div class=\"box_card\"> <a href=\"company\/group\"><\/p>\n<div class=\"img_thum bg\"><img loading=\"lazy\" decoding=\"async\" src=\"https:\/\/www.kiyota-and.co.jp\/wp\/wp-content\/themes\/kiyota\/img\/common\/group.png\" width=\"1500\" height=\"1000\" alt=\"\"\/><\/div>\n<p>        <\/a><\/p>\n<div class=\"ta_left\">\n<div class=\"top20\"><\/div>\n<div class=\"title_ly_s2_1_crp\">C\u00f4ng ty li\u00ean k\u1ebft\/t\u1eadp \u0111o\u00e0n c\u00f3 v\u1ed1n \u0111\u1ea7u t\u01b0 n\u01b0\u1edbc ngo\u00e0i\/c\u00f4ng ty t\u1eadp \u0111o\u00e0n<\/div>\n<div class=\"title_ly_s2_2_crp\">NH\u00d3M<\/div>\n<\/p><\/div>\n<\/p><\/div>\n<div class=\"box_card\"> <a href=\"company\/csr\"><\/p>\n<div class=\"img_thum bg\"><img loading=\"lazy\" decoding=\"async\" src=\"https:\/\/www.kiyota-and.co.jp\/wp\/wp-content\/themes\/kiyota\/img\/common\/csr.png\" width=\"1500\" height=\"1000\" alt=\"\"\/><\/div>\n<p>        <\/a><\/p>\n<div class=\"ta_left\">\n<div class=\"top20\"><\/div>\n<div class=\"title_ly_s2_1_crp\">S\u00e1ng ki\u1ebfn m\u00f4i tr\u01b0\u1eddng<\/div>\n<div class=\"title_ly_s2_2_crp\">CSR<\/div>\n<\/p><\/div>\n<\/p><\/div>\n<div class=\"box_card\"> <a href=\"company\/recruit\"><\/p>\n<div class=\"img_thum bg\"><img loading=\"lazy\" decoding=\"async\" src=\"https:\/\/www.kiyota-and.co.jp\/wp\/wp-content\/themes\/kiyota\/img\/common\/recruit.png\" width=\"1500\" height=\"1000\" alt=\"\"\/><\/div>\n<p>        <\/a><\/p>\n<div class=\"ta_left\">\n<div class=\"top20\"><\/div>\n<div class=\"title_ly_s2_1_crp\">Th\u00f4ng tin tuy\u1ec3n d\u1ee5ng<\/div>\n<div class=\"title_ly_s2_2_crp\">TUY\u1ec2N D\u1ee4NG<\/div>\n<\/p><\/div>\n<\/p><\/div>\n<\/p><\/div>\n<\/p><\/div>\n<\/div>\n<div class=\"top70\"><\/div>","protected":false},"excerpt":{"rendered":"<p>\u79c1\u305f\u3061\u30ad\u30e8\u30bf\u682a\u5f0f\u4f1a\u793e\u306f\u3001130\u5e74\u3092\u8d85\u3048\u308b\u6b73\u6708\u306b\u57f9\u308f\u308c\u305f\u4f1d\u7d71\u3068\u4fe1\u983c\u95a2\u4fc2\u3092\u5f37\u307f\u306b\u9032\u5316\u3092\u7d9a\u3051\u308b\u4e8b\u696d\u958b\u767a\u578b\u5546\u793e\u3067\u3059\u3002  [&hellip;]<\/p>\n","protected":false},"author":1,"featured_media":0,"parent":0,"menu_order":0,"comment_status":"closed","ping_status":"closed","template":"","meta":{"_acf_changed":false,"footnotes":""},"categories":[16],"class_list":["post-422","page","type-page","status-publish","hentry","category-company"],"acf":[],"aioseo_notices":[],"_links":{"self":[{"href":"https:\/\/www.kiyota-and.co.jp\/vi\/wp-json\/wp\/v2\/pages\/422","targetHints":{"allow":["GET"]}}],"collection":[{"href":"https:\/\/www.kiyota-and.co.jp\/vi\/wp-json\/wp\/v2\/pages"}],"about":[{"href":"https:\/\/www.kiyota-and.co.jp\/vi\/wp-json\/wp\/v2\/types\/page"}],"author":[{"embeddable":true,"href":"https:\/\/www.kiyota-and.co.jp\/vi\/wp-json\/wp\/v2\/users\/1"}],"replies":[{"embeddable":true,"href":"https:\/\/www.kiyota-and.co.jp\/vi\/wp-json\/wp\/v2\/comments?post=422"}],"version-history":[{"count":15,"href":"https:\/\/www.kiyota-and.co.jp\/vi\/wp-json\/wp\/v2\/pages\/422\/revisions"}],"predecessor-version":[{"id":28950,"href":"https:\/\/www.kiyota-and.co.jp\/vi\/wp-json\/wp\/v2\/pages\/422\/revisions\/28950"}],"wp:attachment":[{"href":"https:\/\/www.kiyota-and.co.jp\/vi\/wp-json\/wp\/v2\/media?parent=422"}],"wp:term":[{"taxonomy":"category","embeddable":true,"href":"https:\/\/www.kiyota-and.co.jp\/vi\/wp-json\/wp\/v2\/categories?post=422"}],"curies":[{"name":"wp","href":"https:\/\/api.w.org\/{rel}","templated":true}]}}