{"id":445,"date":"2022-06-30T08:33:15","date_gmt":"2022-06-29T23:33:15","guid":{"rendered":"http:\/\/www.kiyota-and.co.jp\/wp\/?page_id=445"},"modified":"2025-06-27T08:32:51","modified_gmt":"2025-06-26T23:32:51","slug":"%e4%bc%9a%e7%a4%be%e6%83%85%e5%a0%b1","status":"publish","type":"page","link":"https:\/\/www.kiyota-and.co.jp\/vi\/company\/information","title":{"rendered":"Th\u00f4ng tin c\u00f4ng ty"},"content":{"rendered":"<p class=\"txt_nml top50\">\n<\/p><\/div>\n<div class=\"box_s2 top70  m_auto_sp\"><img loading=\"lazy\" decoding=\"async\" src=\"https:\/\/www.kiyota-and.co.jp\/wp\/wp-content\/themes\/kiyota\/img\/common\/company.png\" width=\"1500\" height=\"1000\" alt=\"\"\/><\/div>\n<\/p><\/div>\n<div class=\"m_auto top70\">\n<table class=\"ResTableA lh_15 mv_fade\">\n<tr>\n<th class=\"c_crp\"> T\u00ean c\u00f4ng ty<\/th>\n<td class=\"align_left_768\">Kiyota &amp; Co., Ltd. (T\u00ean c\u00f4ng ty ti\u1ebfng Anh: Kiyota &amp; Co., Ltd) <\/td>\n<\/tr>\n<tr>\n<th class=\"c_crp\">th\u00e0nh vi\u00ean h\u1ed9i \u0111\u1ed3ng qu\u1ea3n tr\u1ecb<\/th>\n<td class=\"align_left_768\"> Ch\u1ee7 t\u1ecbch v\u00e0 Gi\u00e1m \u0111\u1ed1c \u0111\u1ea1i di\u1ec7n<span class=\"m_left30\">Akihiko Kiyota<\/span><br \/>\n            Gi\u00e1m \u0111\u1ed1c \u0111\u1ea1i di\u1ec7n v\u00e0 Ch\u1ee7 t\u1ecbch<span class=\"m_left30\">Masao Kobayashi<\/span> <br \/>\n            gi\u00e1m \u0111\u1ed1c<span class=\"m_left30\">Kazuaki Fujise<\/span> <br \/>\n            gi\u00e1m \u0111\u1ed1c<span class=\"m_left30\">Kenichi Kodaira<\/span> <br \/>\n            gi\u00e1m \u0111\u1ed1c<span class=\"m_left30\">Takao Sakuma<\/span> <br \/>\n            gi\u00e1m \u0111\u1ed1c<span class=\"m_left30\">Doshu Sakamaki<\/span> <br \/>\n            ki\u1ec3m to\u00e1n vi\u00ean<span class=\"m_left30\">Masahiro Kiyota<\/span><\/td>\n<\/tr>\n<tr>\n<th class=\"c_crp\">th\u00e0nh l\u1eadp<\/th>\n<td class=\"align_left_768\"> 1895 (Minh Tr\u1ecb 28)<\/td>\n<\/tr>\n<tr>\n<th class=\"c_crp\">C\u01a1 s\u1edf<\/th>\n<td class=\"align_left_768\">Ng\u00e0y 15 th\u00e1ng 4 n\u0103m 1922 (Taisho 11)<\/td>\n<\/tr>\n<tr>\n<th class=\"c_crp\">th\u1ee7 \u0111\u00f4<\/th>\n<td class=\"align_left_768\">31 tri\u1ec7u y\u00ean<\/td>\n<\/tr>\n<tr>\n<th class=\"c_crp\">Vi\u1ec7c b\u00e1n h\u00e0ng<\/th>\n<td class=\"align_left_768\">1,871 t\u1ef7 y\u00ean (n\u0103m t\u00e0i ch\u00ednh 2024)<\/td>\n<\/tr>\n<tr>\n<th class=\"c_crp\">S\u1ed1 l\u01b0\u1ee3ng nh\u00e2n vi\u00ean<\/th>\n<td class=\"align_left_768\">32 ng\u01b0\u1eddi (t\u00ednh \u0111\u1ebfn ng\u00e0y 31 th\u00e1ng 3 n\u0103m 2020)<\/td>\n<\/tr>\n<tr>\n<th class=\"c_crp\">N\u1ed9i dung kinh doanh<\/th>\n<td class=\"align_left_768\"> Mua b\u00e1n n\u1ed9i \u0111\u1ecba c\u00e1c b\u1ed9 ph\u1eadn, v\u1eadt li\u1ec7u kim lo\u1ea1i v\u00e0 c\u00e1c s\u1ea3n ph\u1ea9m li\u00ean quan kh\u00e1c<br \/>\n            Ph\u00e1t tri\u1ec3n v\u00e0 kinh doanh c\u00e1c thi\u1ebft b\u1ecb ph\u00fac l\u1ee3i, s\u1ea3n ph\u1ea9m ch\u0103m s\u00f3c s\u1ee9c kh\u1ecfe, v.v.<br \/>\n            D\u1ecbch v\u1ee5 cho thu\u00ea v\u00e0 qu\u1ea3n l\u00fd b\u1ea5t \u0111\u1ed9ng s\u1ea3n <\/td>\n<\/tr>\n<tr>\n<th class=\"c_crp\">\u0110\u1ed1i t\u00e1c kinh doanh ch\u00ednh<\/th>\n<td class=\"align_left_768\"> T\u1eadp \u0111o\u00e0n Sanwa Shutter, C\u00f4ng ty TNHH Fujifilm Business Innovation, T\u1eadp \u0111o\u00e0n Etoria, C\u00f4ng ty TNHH Daiichi Kasei, T\u1eadp \u0111o\u00e0n Canon Electronics, T\u1eadp \u0111o\u00e0n Caremax, T\u1eadp \u0111o\u00e0n Ng\u00e2n h\u00e0ng Sumitomo Mitsui, c\u00e1c nh\u00e0 b\u00e1n l\u1ebb thi\u1ebft b\u1ecb v\u00e0 c\u01a1 s\u1edf ph\u00fac l\u1ee3i, nhi\u1ec1u c\u01a1 quan ch\u00ednh ph\u1ee7, ng\u01b0\u1eddi d\u00f9ng c\u00f4ng nghi\u1ec7p n\u00f3i chung, v.v. <\/td>\n<\/tr>\n<tr>\n<th class=\"c_crp\">Nh\u00e0 cung c\u1ea5p ch\u00ednh <\/th>\n<td class=\"align_left_768\"> C\u00f4ng ty TNHH D\u00e2y &amp; H\u00e0n Nippon Steel Bussan, C\u00f4ng ty TNHH Th\u00e9p Mitsui &amp; Co., C\u00f4ng ty TNHH Kiyota Sanohatsu Shoji, C\u00f4ng ty TNHH Fuji Electric, C\u00f4ng ty TNHH Urawa Yakin Kogyo, Tanabe Press Co., Ltd., Toyotatsu All Life Co., Ltd., Ninh Ba Maka Bearing Co., Ltd. (Trung Qu\u1ed1c), v.v. <\/td>\n<\/tr>\n<tr>\n<th class=\"c_crp\">ISO <\/th>\n<td class=\"align_left_768\"> \u0110\u1ea1t \u0111\u01b0\u1ee3c ISO14001 (Intertek-14650)<\/td>\n<\/tr>\n<tr>\n<th class=\"c_crp\">Ng\u00e2n h\u00e0ng t\u01b0\u01a1ng \u1ee9ng<\/th>\n<td class=\"align_left_768\"> T\u1eadp \u0111o\u00e0n Ng\u00e2n h\u00e0ng Sumitomo Mitsui Chi nh\u00e1nh Mitadori<br \/>\n            Ng\u00e2n h\u00e0ng Mizuho Chi nh\u00e1nh Hamamatsucho<br \/>\n            Ng\u00e2n h\u00e0ng Mitsubishi UFJ chi nh\u00e1nh Mita <\/td>\n<\/tr>\n<tr>\n<th class=\"c_crp\">\u0110\u1ecba ch\u1ec9<\/th>\n<td class=\"align_left_768\"> 108-0023<br \/>\n            T\u1ea7ng 3, T\u00f2a nh\u00e0 Tamachi Kiyota, 4-3-4 Shibaura, Minato-ku, Tokyo <\/td>\n<\/tr>\n<tr>\n<th class=\"c_crp\">\u0110T<\/th>\n<td class=\"align_left_768\"> Tr\u1ee5 s\u1edf b\u00e1n h\u00e0ng<br \/>\n            03-3798-3613 (Nh\u00f3m Ph\u1ee5 t\u00f9ng\/V\u1eadt li\u1ec7u kim lo\u1ea1i)<br \/>\n            03-3798-3617 (Nh\u00f3m ph\u00e1t tri\u1ec3n thi\u1ebft b\u1ecb ph\u00fac l\u1ee3i)<br \/>\n            Tr\u1ee5 s\u1edf qu\u1ea3n l\u00fd<br \/>\n            03-3798-3614 (T\u1ed5 K\u1ebf to\u00e1n)<br \/>\n            03-3798-3612 (Nh\u00f3m T\u1ed5ng v\u1ee5\/Nh\u00f3m B\u1ea5t \u0111\u1ed9ng s\u1ea3n) <\/td>\n<\/tr>\n<tr>\n<th class=\"c_crp\">FAX<\/th>\n<td class=\"align_left_768\"> 03-3798-3610 (chung)<br \/>\n            03-3798-3618 (Nh\u00f3m ph\u00e1t tri\u1ec3n thi\u1ebft b\u1ecb ph\u00fac l\u1ee3i) <\/td>\n<\/tr>\n<\/table>\n<div class=\"title_ly_l top70 lh13\">b\u1ea3n \u0111\u1ed3 truy c\u1eadp<\/div>\n<div class=\"title_ly_crp eng c_crp\">B\u1ea2N \u0110\u1ed2 TRUY C\u1eacP<\/div>\n<div class=\"top50\"><\/div>\n<p>      <iframe src=\"https:\/\/www.google.com\/maps\/embed?pb=!1m18!1m12!1m3!1d3242.5162278105763!2d139.74183188882057!3d35.639650980717555!2m3!1f0!2f0!3f0!3m2!1i1024!2i768!4f13.1!3m3!1m2!1s0x60188a4d3b12fa29%3A0x6429bbf3534fac05!2z44Kt44Oo44K_44ix!5e0!3m2!1sja!2sjp!4v1656517618384!5m2!1sja!2sjp\" width=\"100%\" height=\"350\" style=\"border:0;\" allowfullscreen=\"\" loading=\"lazy\" referrerpolicy=\"no-referrer-when-downgrade\"><\/iframe>\n    <\/div>\n<\/p><\/div>\n<\/div>\n<div class=\"top100\"><\/div>","protected":false},"excerpt":{"rendered":"<p>\u4f1a\u793e\u540d \u30ad\u30e8\u30bf\u682a\u5f0f\u4f1a\u793e \uff08\u82f1\u6587\u793e\u540d Kiyota &#038; Co., Ltd\uff09 \u5f79\u54e1 \u4ee3\u8868\u53d6\u7de0\u5f79\u4f1a\u9577\u6e05\u7530  [&hellip;]<\/p>\n","protected":false},"author":1,"featured_media":0,"parent":422,"menu_order":0,"comment_status":"closed","ping_status":"closed","template":"","meta":{"_acf_changed":false,"footnotes":""},"categories":[16],"class_list":["post-445","page","type-page","status-publish","hentry","category-company"],"acf":[],"aioseo_notices":[],"_links":{"self":[{"href":"https:\/\/www.kiyota-and.co.jp\/vi\/wp-json\/wp\/v2\/pages\/445","targetHints":{"allow":["GET"]}}],"collection":[{"href":"https:\/\/www.kiyota-and.co.jp\/vi\/wp-json\/wp\/v2\/pages"}],"about":[{"href":"https:\/\/www.kiyota-and.co.jp\/vi\/wp-json\/wp\/v2\/types\/page"}],"author":[{"embeddable":true,"href":"https:\/\/www.kiyota-and.co.jp\/vi\/wp-json\/wp\/v2\/users\/1"}],"replies":[{"embeddable":true,"href":"https:\/\/www.kiyota-and.co.jp\/vi\/wp-json\/wp\/v2\/comments?post=445"}],"version-history":[{"count":10,"href":"https:\/\/www.kiyota-and.co.jp\/vi\/wp-json\/wp\/v2\/pages\/445\/revisions"}],"predecessor-version":[{"id":28651,"href":"https:\/\/www.kiyota-and.co.jp\/vi\/wp-json\/wp\/v2\/pages\/445\/revisions\/28651"}],"up":[{"embeddable":true,"href":"https:\/\/www.kiyota-and.co.jp\/vi\/wp-json\/wp\/v2\/pages\/422"}],"wp:attachment":[{"href":"https:\/\/www.kiyota-and.co.jp\/vi\/wp-json\/wp\/v2\/media?parent=445"}],"wp:term":[{"taxonomy":"category","embeddable":true,"href":"https:\/\/www.kiyota-and.co.jp\/vi\/wp-json\/wp\/v2\/categories?post=445"}],"curies":[{"name":"wp","href":"https:\/\/api.w.org\/{rel}","templated":true}]}}