{"id":448,"date":"2022-06-30T08:38:15","date_gmt":"2022-06-29T23:38:15","guid":{"rendered":"http:\/\/www.kiyota-and.co.jp\/wp\/?page_id=448"},"modified":"2022-07-15T18:19:54","modified_gmt":"2022-07-15T09:19:54","slug":"%e6%b2%bf%e9%9d%a9","status":"publish","type":"page","link":"https:\/\/www.kiyota-and.co.jp\/vi\/company\/history","title":{"rendered":"L\u1ecbch s\u1eed"},"content":{"rendered":"<p class=\"txt_nml top50\">\n<\/p><\/div>\n<div class=\"box_s2 top70 m_auto_sp\"><img loading=\"lazy\" decoding=\"async\" src=\"https:\/\/www.kiyota-and.co.jp\/wp\/wp-content\/themes\/kiyota\/img\/common\/history.png\" width=\"1500\" height=\"1000\" alt=\"\"\/><\/div>\n<\/p><\/div>\n<div class=\"m_auto top70\">\n<table class=\"ResTableA lh_15 mv_fade\">\n<tr>\n<th class=\"c_crp\">1895 (Minh Tr\u1ecb 28)<\/th>\n<td class=\"align_left_768\">B\u1eaft \u0111\u1ea7u kinh doanh b\u00e1n than \u1edf Th\u1ecb tr\u1ea5n Kyobashi Odawara v\u1edbi t\u01b0 c\u00e1ch l\u00e0 m\u1ed9t doanh nghi\u1ec7p t\u01b0 nh\u00e2n.<\/td>\n<\/tr>\n<tr>\n<th class=\"c_crp\">Th\u00e1ng 4 n\u0103m 1922 (Taisho 11)<\/th>\n<td class=\"align_left_768\">Th\u00e0nh l\u1eadp C\u00f4ng ty TNHH Kiyota Shoten v\u00e0 k\u00fd h\u1ee3p \u0111\u1ed3ng \u0111\u1ea1i l\u00fd \u0111\u1ed9c quy\u1ec1n v\u1edbi Mitsui &amp; Co., Okura Mining, v.v.<\/td>\n<\/tr>\n<tr>\n<th class=\"c_crp\">Th\u00e1ng 5 n\u0103m 1949 (Showa 24)<\/th>\n<td class=\"align_left_768\">K\u00fd th\u1ecfa thu\u1eadn \u0111\u1ea1i l\u00fd v\u1edbi C\u00f4ng ty TNHH B\u1ea3o hi\u1ec3m H\u00e0ng h\u1ea3i Taisho (nay l\u00e0 C\u00f4ng ty TNHH B\u1ea3o hi\u1ec3m Mitsui Sumitomo)<\/td>\n<\/tr>\n<tr>\n<th class=\"c_crp\">Th\u00e1ng 10 n\u0103m 1960<\/th>\n<td class=\"align_left_768\">K\u00fd h\u1ee3p \u0111\u1ed3ng \u0111\u1ea1i l\u00fd \u0111\u1eb7c bi\u1ec7t v\u1edbi C\u00f4ng ty TNHH General Oil v\u00e0 b\u1eaft \u0111\u1ea7u kinh doanh mua b\u00e1n x\u0103ng d\u1ea7u.<\/td>\n<\/tr>\n<tr>\n<th class=\"c_crp\">Th\u00e1ng 10 n\u0103m 1967<\/th>\n<td class=\"align_left_768\">Khai tr\u01b0\u01a1ng v\u0103n ph\u00f2ng Sagamihara<\/td>\n<\/tr>\n<tr>\n<th class=\"c_crp\">th\u00e1ng 4 n\u0103m 1982<\/th>\n<td class=\"align_left_768\">T\u00f2a nh\u00e0 Tamachi Kiyota (tr\u1ee5 s\u1edf ch\u00ednh v\u00e0 v\u0103n ph\u00f2ng cho thu\u00ea) \u0111\u00e3 ho\u00e0n th\u00e0nh.<\/td>\n<\/tr>\n<tr>\n<th class=\"c_crp\">th\u00e1ng 9 n\u0103m 1984<\/th>\n<td class=\"align_left_768\">\u0110\u1ed5i t\u00ean th\u01b0\u01a1ng m\u1ea1i th\u00e0nh Kiyota Corporation v\u00e0 b\u1eaft \u0111\u1ea7u kinh doanh s\u1ea3n ph\u1ea9m th\u00e9p.<\/td>\n<\/tr>\n<tr>\n<th class=\"c_crp\">Th\u00e1ng 1 n\u0103m 1988 (Showa 63)<\/th>\n<td class=\"align_left_768\">\u0110\u1ea1t \u0111\u01b0\u1ee3c gi\u1ea5y ph\u00e9p v\u0103n ph\u00f2ng ki\u1ebfn tr\u00fac s\u01b0 h\u1ea1ng nh\u1ea5t<\/td>\n<\/tr>\n<tr>\n<th class=\"c_crp\">th\u00e1ng 4 n\u0103m 1989<\/th>\n<td class=\"align_left_768\">B\u1eaft \u0111\u1ea7u kinh doanh b\u00e1n thi\u1ebft b\u1ecb y t\u1ebf v\u00e0 ph\u00fac l\u1ee3i<\/td>\n<\/tr>\n<tr>\n<th class=\"c_crp\">Th\u00e1ng 12 n\u0103m 1991 <\/th>\n<td class=\"align_left_768\">Khai tr\u01b0\u01a1ng trung t\u00e2m tr\u00f2 ch\u01a1i &quot;Azekula&quot; t\u1ea1i v\u0103n ph\u00f2ng Sagamihara<\/td>\n<\/tr>\n<tr>\n<th class=\"c_crp\">Th\u00e1ng 9 n\u0103m 1995<\/th>\n<td class=\"align_left_768\">L\u1ec5 k\u1ef7 ni\u1ec7m 100 n\u0103m \u0111\u01b0\u1ee3c t\u1ed5 ch\u1ee9c<\/td>\n<\/tr>\n<tr>\n<th class=\"c_crp\">th\u00e1ng 1 n\u0103m 1996<\/th>\n<td class=\"align_left_768\">C\u00f4ng tr\u00ecnh c\u1ea3i t\u1ea1o t\u00f2a nh\u00e0 Tamachi CK \u0111\u00e3 ho\u00e0n th\u00e0nh<\/td>\n<\/tr>\n<tr>\n<th class=\"c_crp\">th\u00e1ng 6 n\u0103m 1996<\/th>\n<td class=\"align_left_768\">Th\u00e0nh l\u1eadp c\u00f4ng ty con \u0111\u1ecba ph\u01b0\u01a1ng \u1edf H\u1ed3ng K\u00f4ng &quot;Kiyota Sanohatsu Shoji Co., Ltd.&quot;<\/td>\n<\/tr>\n<tr>\n<th class=\"c_crp\">Th\u00e1ng 9 n\u0103m 1997<\/th>\n<td class=\"align_left_768\">Khai tr\u01b0\u01a1ng c\u1eeda h\u00e0ng ch\u0103m s\u00f3c \u0111i\u1ec1u d\u01b0\u1ee1ng C\u1eeda h\u00e0ng C\u1ea3ng Kiyota.<\/td>\n<\/tr>\n<tr>\n<th class=\"c_crp\">Th\u00e1ng 11 n\u0103m 1998<\/th>\n<td class=\"align_left_768\">Khai tr\u01b0\u01a1ng c\u1eeda h\u00e0ng ch\u0103m s\u00f3c \u0111i\u1ec1u d\u01b0\u1ee1ng C\u1eeda h\u00e0ng Kiyota Sumida.<\/td>\n<\/tr>\n<tr>\n<th class=\"c_crp\">Th\u00e1ng 5 n\u0103m 2002 (Heisei 14)<\/th>\n<td class=\"align_left_768\">Th\u00e0nh l\u1eadp C\u00f4ng ty TNHH Takasumiken Kiyota (c\u1eeda h\u00e0ng ch\u0103m s\u00f3c \u0111i\u1ec1u d\u01b0\u1ee1ng\/c\u1eeda h\u00e0ng Yokohama)<\/td>\n<\/tr>\n<tr>\n<th class=\"c_crp\">Th\u00e1ng 1 n\u0103m 2003 (Heisei 15)<\/th>\n<td class=\"align_left_768\">\u0110\u1ea1t \u0111\u01b0\u1ee3c ch\u1ee9ng nh\u1eadn ISO14001<\/td>\n<\/tr>\n<tr>\n<th class=\"c_crp\">th\u00e1ng 7 n\u0103m 2003<\/th>\n<td class=\"align_left_768\">Th\u00e0nh l\u1eadp C\u00f4ng ty TNHH D\u1ecbch v\u1ee5 Ch\u0103m s\u00f3c Nh\u00e2n th\u1ecd Kiyota<\/td>\n<\/tr>\n<tr>\n<th class=\"c_crp\">th\u00e1ng 2 n\u0103m 2004<\/th>\n<td class=\"align_left_768\">C\u1eeda h\u00e0ng ch\u0103m s\u00f3c \u0111i\u1ec1u d\u01b0\u1ee1ng C\u1eeda h\u00e0ng Kiyota Saikyo khai tr\u01b0\u01a1ng.<\/td>\n<\/tr>\n<tr>\n<th class=\"c_crp\">th\u00e1ng 2 n\u0103m 2004<\/th>\n<td class=\"align_left_768\">Th\u00e0nh l\u1eadp trung t\u00e2m ki\u1ec3m so\u00e1t ch\u1ea5t l\u01b0\u1ee3ng<\/td>\n<\/tr>\n<tr>\n<th class=\"c_crp\">th\u00e1ng 12 n\u0103m 2004<\/th>\n<td class=\"align_left_768\">Th\u00e0nh l\u1eadp c\u00f4ng ty con \u0111\u1ecba ph\u01b0\u01a1ng t\u1ea1i Trung Qu\u1ed1c, Dongguan Qingtian Precision Gear Co., Ltd.<\/td>\n<\/tr>\n<tr>\n<th class=\"c_crp\">th\u00e1ng 4 n\u0103m 2011<\/th>\n<td class=\"align_left_768\">Th\u00e0nh l\u1eadp c\u00f4ng ty con \u0111\u1ecba ph\u01b0\u01a1ng t\u1ea1i Trung Qu\u1ed1c, Chuqing Trading (Shenzhen) Co., Ltd.<\/td>\n<\/tr>\n<tr>\n<th class=\"c_crp\">th\u00e1ng 2 n\u0103m 2013<\/th>\n<td class=\"align_left_768\">Khai tr\u01b0\u01a1ng c\u1eeda h\u00e0ng ch\u0103m s\u00f3c \u0111i\u1ec1u d\u01b0\u1ee1ng C\u1eeda h\u00e0ng Kiyota Johoku.<\/td>\n<\/tr>\n<tr>\n<th class=\"c_crp\">Th\u00e1ng 4 n\u0103m 2022 (Reiwa 4)<\/th>\n<td class=\"align_left_768\">Kinh doanh m\u00f4i tr\u01b0\u1eddng s\u1ed1ng ph\u00fac l\u1ee3i t\u00edch h\u1ee3p v\u1edbi C\u00f4ng ty TNHH Takasumiken Kiyota<\/td>\n<\/tr>\n<\/table><\/div>\n<\/p><\/div>\n<\/div>\n<div class=\"top100\"><\/div>","protected":false},"excerpt":{"rendered":"<p>1895\u5e74\uff08\u660e\u6cbb28\u5e74\uff09 \u500b\u4eba\u7d4c\u55b6\u306b\u3088\u308a\u3001\u4eac\u6a4b\u5c0f\u7530\u539f\u753a\u306b\u3066\u77f3\u70ad\u8ca9\u58f2\u696d\u3092\u958b\u59cb 1922\u5e74\uff08\u5927\u6b6311\u5e74\uff094\u6708 \u682a\u5f0f [&hellip;]<\/p>\n","protected":false},"author":1,"featured_media":0,"parent":422,"menu_order":0,"comment_status":"closed","ping_status":"closed","template":"","meta":{"_acf_changed":false,"footnotes":""},"categories":[16],"class_list":["post-448","page","type-page","status-publish","hentry","category-company"],"acf":[],"aioseo_notices":[],"_links":{"self":[{"href":"https:\/\/www.kiyota-and.co.jp\/vi\/wp-json\/wp\/v2\/pages\/448","targetHints":{"allow":["GET"]}}],"collection":[{"href":"https:\/\/www.kiyota-and.co.jp\/vi\/wp-json\/wp\/v2\/pages"}],"about":[{"href":"https:\/\/www.kiyota-and.co.jp\/vi\/wp-json\/wp\/v2\/types\/page"}],"author":[{"embeddable":true,"href":"https:\/\/www.kiyota-and.co.jp\/vi\/wp-json\/wp\/v2\/users\/1"}],"replies":[{"embeddable":true,"href":"https:\/\/www.kiyota-and.co.jp\/vi\/wp-json\/wp\/v2\/comments?post=448"}],"version-history":[{"count":5,"href":"https:\/\/www.kiyota-and.co.jp\/vi\/wp-json\/wp\/v2\/pages\/448\/revisions"}],"predecessor-version":[{"id":592,"href":"https:\/\/www.kiyota-and.co.jp\/vi\/wp-json\/wp\/v2\/pages\/448\/revisions\/592"}],"up":[{"embeddable":true,"href":"https:\/\/www.kiyota-and.co.jp\/vi\/wp-json\/wp\/v2\/pages\/422"}],"wp:attachment":[{"href":"https:\/\/www.kiyota-and.co.jp\/vi\/wp-json\/wp\/v2\/media?parent=448"}],"wp:term":[{"taxonomy":"category","embeddable":true,"href":"https:\/\/www.kiyota-and.co.jp\/vi\/wp-json\/wp\/v2\/categories?post=448"}],"curies":[{"name":"wp","href":"https:\/\/api.w.org\/{rel}","templated":true}]}}