{"id":452,"date":"2022-06-30T08:42:36","date_gmt":"2022-06-29T23:42:36","guid":{"rendered":"http:\/\/www.kiyota-and.co.jp\/wp\/?page_id=452"},"modified":"2022-07-15T18:20:38","modified_gmt":"2022-07-15T09:20:38","slug":"%e9%96%a2%e9%80%a3%e4%bc%9a%e7%a4%be%e3%83%bb%e6%b5%b7%e5%a4%96%e5%87%ba%e8%b3%87%e6%b3%95%e4%ba%ba%e3%83%bb%e3%82%b0%e3%83%ab%e3%83%bc%e3%83%97%e4%bc%81%e6%a5%ad","status":"publish","type":"page","link":"https:\/\/www.kiyota-and.co.jp\/vi\/company\/group","title":{"rendered":"C\u00f4ng ty li\u00ean k\u1ebft\/t\u1eadp \u0111o\u00e0n c\u00f3 v\u1ed1n \u0111\u1ea7u t\u01b0 n\u01b0\u1edbc ngo\u00e0i\/c\u00f4ng ty t\u1eadp \u0111o\u00e0n"},"content":{"rendered":"<p class=\"txt_nml top50\">\n<\/p><\/div>\n<div class=\"box_s2 top70 m_auto_sp\"><img loading=\"lazy\" decoding=\"async\" src=\"https:\/\/www.kiyota-and.co.jp\/wp\/wp-content\/themes\/kiyota\/img\/common\/group.png\" width=\"1500\" height=\"1000\" alt=\"\"\/><\/div>\n<\/p><\/div>\n<div class=\"m_auto top30\">\n<div class=\"title_ly_s2_1_crp\">C\u00f4ng ty li\u00ean k\u1ebft <\/div>\n<div class=\"title_ly_s2_2_crp\"><\/div>\n<div class=\"top50\"><\/div>\n<table class=\"ResTableA lh_15 mv_fade\">\n<tr>\n<th class=\"c_crp\"> T\u00ean c\u00f4ng ty<\/th>\n<td class=\"align_left_768\">C\u00f4ng ty TNHH D\u1ecbch v\u1ee5 Ch\u0103m s\u00f3c Cu\u1ed9c s\u1ed1ng Kiyota<a href=\"http:\/\/www.kiyota-life.co.jp\/\" target=\"_blank\" rel=\"noopener\">Trang web <i class=\"fas fa-external-link-alt\"><\/i><\/a><\/td>\n<\/tr>\n<tr>\n<th class=\"c_crp\">\u0110\u1ecba ch\u1ec9<\/th>\n<td class=\"align_left_768\">T\u1ea7ng 3, T\u00f2a nh\u00e0 Tamachi Kiyota, 4-3-4 Shibaura, Minato-ku, Tokyo<\/td>\n<\/tr>\n<tr>\n<th class=\"c_crp\">\u0110T<\/th>\n<td class=\"align_left_768\">03-5440-5511 (Ng\u01b0\u1eddi \u0111\u1ea1i di\u1ec7n)<\/td>\n<\/tr>\n<tr>\n<th class=\"c_crp\">C\u01a1 s\u1edf<\/th>\n<td class=\"align_left_768\">th\u00e1ng 7 n\u0103m 2003<\/td>\n<\/tr>\n<tr>\n<th class=\"c_crp\">N\u1ed9i dung kinh doanh<\/th>\n<td class=\"align_left_768\">H\u1ed7 tr\u1ee3 ch\u0103m s\u00f3c t\u1ea1i nh\u00e0, d\u1ecbch v\u1ee5 ch\u0103m s\u00f3c th\u0103m kh\u00e1m, d\u1ecbch v\u1ee5 th\u0103m kh\u00e1m \u0111i\u1ec1u d\u01b0\u1ee1ng, kinh doanh vi\u1ec7n d\u01b0\u1ee1ng l\u00e3o tr\u1ea3 ph\u00ed<\/td>\n<\/tr>\n<\/table>\n<div class=\"top50\"><\/div>\n<table class=\"ResTableA lh_15 mv_fade\">\n<tr>\n<th class=\"c_crp\"> T\u00ean c\u00f4ng ty<\/th>\n<td class=\"align_left_768\">C\u00f4ng ty TNHH Takasumiken Kiyota<a href=\"http:\/\/www.kojukenkiyota.com\/\" target=\"_blank\" rel=\"noopener\">Trang web <i class=\"fas fa-external-link-alt\"><\/i><\/a><\/td>\n<\/tr>\n<tr>\n<th class=\"c_crp\">\u0110\u1ecba ch\u1ec9<\/th>\n<td class=\"align_left_768\">1-21 Ibukino, Ph\u01b0\u1eddng Midori, Th\u00e0nh ph\u1ed1 Yokohama, T\u1ec9nh Kanagawa<\/td>\n<\/tr>\n<tr>\n<th class=\"c_crp\">\u0110T<\/th>\n<td class=\"align_left_768\">045-507-7331 (Ng\u01b0\u1eddi \u0111\u1ea1i di\u1ec7n)<\/td>\n<\/tr>\n<tr>\n<th class=\"c_crp\">C\u01a1 s\u1edf<\/th>\n<td class=\"align_left_768\">th\u00e1ng 4 n\u0103m 2002<\/td>\n<\/tr>\n<tr>\n<th class=\"c_crp\">N\u1ed9i dung kinh doanh<\/th>\n<td class=\"align_left_768\">B\u00e1n v\u00e0 cho thu\u00ea thi\u1ebft b\u1ecb, v\u1eadt t\u01b0 ch\u0103m s\u00f3c \u0111i\u1ec1u d\u01b0\u1ee1ng, c\u1ea3i t\u1ea1o nh\u00e0 c\u1eeda cho ng\u01b0\u1eddi gi\u00e0 v\u00e0 ng\u01b0\u1eddi khuy\u1ebft t\u1eadt.<\/td>\n<\/tr>\n<\/table>\n<div class=\"top70\"><\/div>\n<div class=\"title_ly_s2_1_crp\">Chi nh\u00e1nh \u1edf n\u01b0\u1edbc ngo\u00e0i<\/div>\n<div class=\"title_ly_s2_2_crp\"><\/div>\n<div class=\"top50\"><\/div>\n<table class=\"ResTableA lh_15 mv_fade\">\n<tr>\n<th class=\"c_crp\">T\u00ean c\u00f4ng ty<\/th>\n<td class=\"align_left_768\">C\u00f4ng ty TNHH Kiyota Sanohatsu Shoji<a href=\"http:\/\/www.kiyota-sanohatsu.com\/jp\/\" target=\"_blank\" rel=\"noopener\">Trang web <i class=\"fas fa-external-link-alt\"><\/i><\/a><\/td>\n<\/tr>\n<tr>\n<th class=\"c_crp\">\u0110\u1ecba ch\u1ec9<\/th>\n<td class=\"align_left_768\">Ph\u00f2ng 2601-2, T\u00f2a nh\u00e0 26, Trung t\u00e2m Vi\u1ec5n th\u00f4ng Trung t\u00e2m, S\u1ed1 11, Ph\u1ed1 Hesheng, Sha Tin, H\u1ed3ng K\u00f4ng<\/td>\n<\/tr>\n<tr>\n<th class=\"c_crp\">\u0110T<\/th>\n<td class=\"align_left_768\">852-2375-3188<\/td>\n<\/tr>\n<tr>\n<th class=\"c_crp\">C\u01a1 s\u1edf<\/th>\n<td class=\"align_left_768\">th\u00e1ng 6 n\u0103m 1996<\/td>\n<\/tr>\n<tr>\n<th class=\"c_crp\">N\u1ed9i dung kinh doanh<\/th>\n<td class=\"align_left_768\">Mua b\u00e1n c\u00e1c lo\u1ea1i th\u00e9p, kim lo\u1ea1i m\u00e0u, \u1ed1c v\u00edt c\u00e1c lo\u1ea1i, linh ki\u1ec7n thi\u00eau k\u1ebft v\u00e0 thi\u1ebft b\u1ecb ch\u00ednh x\u00e1c.<\/td>\n<\/tr>\n<\/table>\n<div class=\"top50\"><\/div>\n<table class=\"ResTableA lh_15 mv_fade\">\n<tr>\n<th class=\"c_crp\">T\u00ean c\u00f4ng ty<\/th>\n<td class=\"align_left_768\">C\u00f4ng ty TNHH Th\u01b0\u01a1ng m\u1ea1i Chuqing (Th\u00e2m Quy\u1ebfn)<\/td>\n<\/tr>\n<tr>\n<th class=\"c_crp\">\u0110\u1ecba ch\u1ec9<\/th>\n<td class=\"align_left_768\">Ph\u00f2ng 825-6, T\u00f2a nh\u00e0 8, T\u00f2a nh\u00e0 Kali Center, S\u1ed1 2008 \u0110\u01b0\u1eddng Renmin South, Qu\u1eadn Luohu, Th\u00e2m Quy\u1ebfn, T\u1ec9nh Qu\u1ea3ng \u0110\u00f4ng, Trung Qu\u1ed1c<\/td>\n<\/tr>\n<tr>\n<th class=\"c_crp\">\u0110T<\/th>\n<td class=\"align_left_768\">86-0755-2518-0652<\/td>\n<\/tr>\n<tr>\n<th class=\"c_crp\">C\u01a1 s\u1edf<\/th>\n<td class=\"align_left_768\">th\u00e1ng 4 n\u0103m 2011<\/td>\n<\/tr>\n<tr>\n<th class=\"c_crp\">N\u1ed9i dung kinh doanh<\/th>\n<td class=\"align_left_768\">B\u00e1n v\u00e0 kinh doanh n\u1ed9i \u0111\u1ecba c\u00e1c b\u1ed9 ph\u1eadn d\u00f9ng trong \u00f4 t\u00f4, thi\u1ebft b\u1ecb v\u0103n ph\u00f2ng v\u00e0 c\u00e1c s\u1ea3n ph\u1ea9m \u0111\u1ed9ng c\u01a1 t\u1ea1i Trung Qu\u1ed1c<\/td>\n<\/tr>\n<\/table>\n<div class=\"top70\"><\/div>\n<div class=\"title_ly_s2_1_crp\">T\u1ed5ng c\u00f4ng ty c\u00f3 v\u1ed1n \u0111\u1ea7u t\u01b0 n\u01b0\u1edbc ngo\u00e0i<\/div>\n<div class=\"title_ly_s2_2_crp\"><\/div>\n<div class=\"top50\"><\/div>\n<table class=\"ResTableA lh_15 mv_fade\">\n<tr>\n<th class=\"c_crp\">T\u00ean c\u00f4ng ty<\/th>\n<td class=\"align_left_768\">C\u00f4ng ty TNHH Thi\u1ebft b\u1ecb ch\u00ednh x\u00e1c \u0110\u00f4ng Quan Qingtian<\/td>\n<\/tr>\n<tr>\n<th class=\"c_crp\">\u0110\u1ecba ch\u1ec9<\/th>\n<td class=\"align_left_768\">T\u00f2a nh\u00e0 6, s\u1ed1 1, \u0111\u01b0\u1eddng Baolong, Zhen, Houjie, \u0110\u00f4ng Ho\u1ea3n, Qu\u1ea3ng \u0110\u00f4ng, Trung Qu\u1ed1c<\/td>\n<\/tr>\n<tr>\n<th class=\"c_crp\">\u0110T<\/th>\n<td class=\"align_left_768\">86-769-8523-5262<\/td>\n<\/tr>\n<tr>\n<th class=\"c_crp\">C\u01a1 s\u1edf<\/th>\n<td class=\"align_left_768\">th\u00e1ng 12 n\u0103m 2004<\/td>\n<\/tr>\n<tr>\n<th class=\"c_crp\">N\u1ed9i dung kinh doanh<\/th>\n<td class=\"align_left_768\">S\u1ea3n xu\u1ea5t c\u00e1c b\u1ed9 ph\u1eadn gia c\u00f4ng ch\u00ednh x\u00e1c nh\u01b0 s\u1ea3n ph\u1ea9m b\u00e1nh r\u0103ng v\u00e0 l\u1eafp r\u00e1p c\u00e1c b\u1ed9 ph\u1eadn<\/td>\n<\/tr>\n<\/table>\n<div class=\"top50\"><\/div>\n<table class=\"ResTableA lh_15 mv_fade\">\n<tr>\n<th class=\"c_crp\">T\u00ean c\u00f4ng ty<\/th>\n<td class=\"align_left_768\">C\u00f4ng ty TNHH Urawa Yakiniku H\u1ed3ng K\u00f4ng<\/td>\n<\/tr>\n<tr>\n<th class=\"c_crp\">\u0110\u1ecba ch\u1ec9<\/th>\n<td class=\"align_left_768\">Ph\u00f2ng 1207, Th\u00e1p 12, Imperial Plaza, 17-19 South, Tsim Sha Tsui, H\u1ed3ng K\u00f4ng, C\u1eedu Long<\/td>\n<\/tr>\n<tr>\n<th class=\"c_crp\">\u0110T<\/th>\n<td class=\"align_left_768\">852-2375-3889<\/td>\n<\/tr>\n<tr>\n<th class=\"c_crp\">C\u01a1 s\u1edf<\/th>\n<td class=\"align_left_768\">th\u00e1ng 4 n\u0103m 2000<\/td>\n<\/tr>\n<\/table>\n<div class=\"top70\"><\/div>\n<div class=\"title_ly_s2_1_crp\">T\u1eadp \u0111o\u00e0n c\u00f4ng ty<\/div>\n<div class=\"title_ly_s2_2_crp\"><\/div>\n<div class=\"top50\"><\/div>\n<table class=\"ResTableA lh_15 mv_fade\">\n<tr>\n<th class=\"c_crp\">T\u00ean c\u00f4ng ty<\/th>\n<td class=\"align_left_768\">C\u00f4ng ty TNHH Chiyoda Subac<a href=\"http:\/\/www.svac.co.jp\/\" target=\"_blank\" rel=\"noopener\">Trang web <i class=\"fas fa-external-link-alt\"><\/i><\/a><\/td>\n<\/tr>\n<tr>\n<th class=\"c_crp\">\u0110\u1ecba ch\u1ec9<\/th>\n<td class=\"align_left_768\">T\u00f2a nh\u00e0 Tamachi Kiyota, 4-3-4 Shibaura, Minato-ku, Tokyo<\/td>\n<\/tr>\n<tr>\n<th class=\"c_crp\">C\u01a1 s\u1edf<\/th>\n<td class=\"align_left_768\">th\u00e1ng 8 n\u0103m 1948<\/td>\n<\/tr>\n<tr>\n<th class=\"c_crp\">th\u1ee7 \u0111\u00f4<\/th>\n<td class=\"align_left_768\">200 tri\u1ec7u y\u00ean<\/td>\n<\/tr>\n<tr>\n<th class=\"c_crp\">N\u1ed9i dung kinh doanh<\/th>\n<td class=\"align_left_768\">Ph\u00e1t tri\u1ec3n, b\u00e1n, cho thu\u00ea v\u00e0 m\u00f4i gi\u1edbi b\u1ea5t \u0111\u1ed9ng s\u1ea3n n\u00f3i chung<br \/>\n            Qu\u1ea3n l\u00fd x\u00e2y d\u1ef1ng chung c\u01b0, v.v.<br \/>\n            Gia h\u1ea1n c\u00f4ng tr\u00ecnh\/h\u1ee3p \u0111\u1ed3ng x\u00e2y d\u1ef1ng<br \/>\n            Thi\u1ebft k\u1ebf v\u0103n ph\u00f2ng\/b\u00e1n n\u1ed9i th\u1ea5t<br \/>\n            Mua b\u00e1n c\u00e1c thi\u1ebft b\u1ecb nh\u01b0 \u0111i\u1ec1u h\u00f2a kh\u00f4ng kh\u00ed v\u00e0 thi\u1ebft b\u1ecb chi\u1ebfu s\u00e1ng<br \/>\n            Kinh doanh xanh h\u00f3a nh\u01b0 cho thu\u00ea c\u00e2y v\u00e0 tr\u1ed3ng c\u00e2y<br \/>\n            Kinh doanh Kaunet\/kinh doanh kho b\u00e3i<\/td>\n<\/tr>\n<\/table>\n<div class=\"top50\"><\/div>\n<table class=\"ResTableA lh_15 mv_fade\">\n<tr>\n<th class=\"c_crp\">T\u00ean c\u00f4ng ty<\/th>\n<td class=\"align_left_768\">C\u00f4ng ty TNHH Seikyo Life<\/td>\n<\/tr>\n<tr>\n<th class=\"c_crp\">\u0110\u1ecba ch\u1ec9<\/th>\n<td class=\"align_left_768\">T\u00f2a nh\u00e0 Tamachi Kiyota, 4-3-4 Shibaura, Minato-ku, Tokyo<\/td>\n<\/tr>\n<tr>\n<th class=\"c_crp\">C\u01a1 s\u1edf<\/th>\n<td class=\"align_left_768\">th\u00e1ng 7 n\u0103m 2012<\/td>\n<\/tr>\n<tr>\n<th class=\"c_crp\">th\u1ee7 \u0111\u00f4<\/th>\n<td class=\"align_left_768\">10 tri\u1ec7u y\u00ean<\/td>\n<\/tr>\n<tr>\n<th class=\"c_crp\">N\u1ed9i dung kinh doanh<\/th>\n<td class=\"align_left_768\">Kinh doanh cho thu\u00ea b\u1ea5t \u0111\u1ed9ng s\u1ea3n, kinh doanh cho thu\u00ea<br \/>\n            H\u1ed7 tr\u1ee3 doanh nghi\u1ec7p v\u01b0\u1eddn \u01b0\u01a1m<\/td>\n<\/tr>\n<\/table>\n<div class=\"top50\"><\/div>\n<table class=\"ResTableA lh_15 mv_fade\">\n<tr>\n<th class=\"c_crp\">T\u00ean c\u00f4ng ty<\/th>\n<td class=\"align_left_768\">C\u00f4ng ty TNHH B\u1ea3o tr\u00ec S\u1ea1ch Chiyoda<\/td>\n<\/tr>\n<tr>\n<th class=\"c_crp\">\u0110\u1ecba ch\u1ec9<\/th>\n<td class=\"align_left_768\">T\u00f2a nh\u00e0 Tamachi Kiyota, 4-3-4 Shibaura, Minato-ku, Tokyo<\/td>\n<\/tr>\n<tr>\n<th class=\"c_crp\">\u0110T<\/th>\n<td class=\"align_left_768\">03-3798-7874<\/td>\n<\/tr>\n<tr>\n<th class=\"c_crp\">C\u01a1 s\u1edf<\/th>\n<td class=\"align_left_768\">Th\u00e1ng 9 n\u0103m 1981<\/td>\n<\/tr>\n<tr>\n<th class=\"c_crp\">th\u1ee7 \u0111\u00f4<\/th>\n<td class=\"align_left_768\">18,5 tri\u1ec7u y\u00ean<\/td>\n<\/tr>\n<tr>\n<th class=\"c_crp\">N\u1ed9i dung kinh doanh<\/th>\n<td class=\"align_left_768\">Qu\u1ea3n l\u00fd t\u00f2a nh\u00e0, h\u1ee3p \u0111\u1ed3ng v\u1ec7 sinh, mua b\u00e1n thi\u1ebft b\u1ecb v\u1ec7 sinh, v.v.<\/td>\n<\/tr>\n<\/table><\/div>\n<\/p><\/div>\n<\/div>\n<div class=\"top100\"><\/div>","protected":false},"excerpt":{"rendered":"<p>\u95a2\u9023\u4f1a\u793e \u4f1a\u793e\u540d \u30ad\u30e8\u30bf\u30fb\u30e9\u30a4\u30d5\u30b1\u30a2\u30b5\u30fc\u30d3\u30b9\u682a\u5f0f\u4f1a\u793e\u3000Web site \u4f4f\u6240 \u6771\u4eac\u90fd\u6e2f\u533a\u829d\u6d664\u4e01\u76ee3\u756a4\u53f7\u3000\u7530 [&hellip;]<\/p>\n","protected":false},"author":1,"featured_media":0,"parent":422,"menu_order":0,"comment_status":"closed","ping_status":"closed","template":"","meta":{"_acf_changed":false,"footnotes":""},"categories":[16],"class_list":["post-452","page","type-page","status-publish","hentry","category-company"],"acf":[],"aioseo_notices":[],"_links":{"self":[{"href":"https:\/\/www.kiyota-and.co.jp\/vi\/wp-json\/wp\/v2\/pages\/452","targetHints":{"allow":["GET"]}}],"collection":[{"href":"https:\/\/www.kiyota-and.co.jp\/vi\/wp-json\/wp\/v2\/pages"}],"about":[{"href":"https:\/\/www.kiyota-and.co.jp\/vi\/wp-json\/wp\/v2\/types\/page"}],"author":[{"embeddable":true,"href":"https:\/\/www.kiyota-and.co.jp\/vi\/wp-json\/wp\/v2\/users\/1"}],"replies":[{"embeddable":true,"href":"https:\/\/www.kiyota-and.co.jp\/vi\/wp-json\/wp\/v2\/comments?post=452"}],"version-history":[{"count":5,"href":"https:\/\/www.kiyota-and.co.jp\/vi\/wp-json\/wp\/v2\/pages\/452\/revisions"}],"predecessor-version":[{"id":593,"href":"https:\/\/www.kiyota-and.co.jp\/vi\/wp-json\/wp\/v2\/pages\/452\/revisions\/593"}],"up":[{"embeddable":true,"href":"https:\/\/www.kiyota-and.co.jp\/vi\/wp-json\/wp\/v2\/pages\/422"}],"wp:attachment":[{"href":"https:\/\/www.kiyota-and.co.jp\/vi\/wp-json\/wp\/v2\/media?parent=452"}],"wp:term":[{"taxonomy":"category","embeddable":true,"href":"https:\/\/www.kiyota-and.co.jp\/vi\/wp-json\/wp\/v2\/categories?post=452"}],"curies":[{"name":"wp","href":"https:\/\/api.w.org\/{rel}","templated":true}]}}