{"id":455,"date":"2022-06-30T09:10:19","date_gmt":"2022-06-30T00:10:19","guid":{"rendered":"http:\/\/www.kiyota-and.co.jp\/wp\/?page_id=455"},"modified":"2025-04-11T12:36:59","modified_gmt":"2025-04-11T03:36:59","slug":"%e7%92%b0%e5%a2%83%e3%81%b8%e3%81%ae%e5%8f%96%e3%82%8a%e7%b5%84%e3%81%bf%ef%bc%88sdgs%ef%bc%89","status":"publish","type":"page","link":"https:\/\/www.kiyota-and.co.jp\/vi\/company\/csr","title":{"rendered":"S\u00e1ng ki\u1ebfn m\u00f4i tr\u01b0\u1eddng"},"content":{"rendered":"<p class=\"txt_nml top50\">\n<\/div>\n<div class=\"box_s2 top70 m_auto_sp\"><img loading=\"lazy\" decoding=\"async\" src=\"https:\/\/www.kiyota-and.co.jp\/wp\/wp-content\/themes\/kiyota\/img\/common\/csr.png\" width=\"1500\" height=\"1000\" alt=\"\" \/><\/div>\n<\/p><\/div>\n<\/p><\/div>\n<\/div>\n<div class=\"box_full top250 top150_sp\">\n<div class=\"layer_graybox_op\">\n<div class=\"box_cont m_auto\">\n<div class=\"wrap_hrz\">\n<div class=\"box_two_3 box_two_l\"><img loading=\"lazy\" decoding=\"async\" src=\"https:\/\/www.kiyota-and.co.jp\/wp\/wp-content\/themes\/kiyota\/img\/common\/csr1.png\" width=\"1000\" height=\"1000\" alt=\"\" \/><\/div>\n<div class=\"box_two_3 box_two_r\">\n<div class=\"title_ly_l set_up\">Mua l\u1ea1i ISO14001<\/div>\n<div class=\"title_ly_crp eng c_crp\">ISO14001<\/div>\n<p class=\"txt_nml top50\">T\u1eadp \u0111o\u00e0n Kiyota \u0111\u00e3 \u0111\u1ea1t \u0111\u01b0\u1ee3c ISO 14001, ti\u00eau chu\u1ea9n qu\u1ed1c t\u1ebf v\u1ec1 h\u1ec7 th\u1ed1ng qu\u1ea3n l\u00fd m\u00f4i tr\u01b0\u1eddng.<\/p>\n<p>Ch\u00fang t\u00f4i \u0111\u00e3 ti\u1ebfp t\u1ee5c nh\u1eadn \u0111\u01b0\u1ee3c ch\u1ee9ng nh\u1eadn k\u1ec3 t\u1eeb khi \u0111\u0103ng k\u00fd v\u00e0o n\u0103m 2003.<\/p>\n<div class=\"top50\"><\/div>\n<p><a href=\"http:\/\/www.kiyota-and.co.jp\/wp\/wp-content\/uploads\/2022\/06\/iso14001_2.pdf\" class=\"link m_auto_sp\" target=\"_blank\" rel=\"noopener\">Gi\u1ea5y ch\u1ee9ng nh\u1eadn \u0111\u0103ng k\u00fd ch\u1ee9ng nh\u1eadn <i class=\"fas fa-file-pdf\"><\/i><\/a><\/p>\n<div class=\"top20\"><\/div>\n<p><a href=\"https:\/\/www.kiyota-and.co.jp\/wp\/wp-content\/uploads\/2023\/04\/kankyou_kiyota_0401.pdf\" class=\"link m_auto_sp\" target=\"_blank\" rel=\"noopener\"> Ch\u00ednh s\u00e1ch m\u00f4i tr\u01b0\u1eddng c\u1ee7a T\u1eadp \u0111o\u00e0n Kiyota <i class=\"fas fa-file-pdf\"><\/i><\/a><\/p>\n<div class=\"top20_sp\"><\/div>\n<\/div>\n<\/div>\n<\/div>\n<\/div>\n<\/div>\n<div class=\"box_full top250 top150_sp\">\n<div class=\"layer_graybox\">\n<div class=\"box_cont m_auto\">\n<div class=\"wrap_hrz\">\n<div class=\"box_two_3 box_two_l\">\n<div class=\"title_ly_l set_up\">Ho\u1ea1t \u0111\u1ed9ng CSR<\/div>\n<div class=\"title_ly_crp eng c_crp\">CSR<\/div>\n<p class=\"txt_nml top50\">Trong qu\u00e1 tr\u00ecnh ph\u00e1t tri\u1ec3n ho\u1ea1t \u0111\u1ed9ng kinh doanh c\u1ee7a m\u00ecnh, T\u1eadp \u0111o\u00e0n KIYOTA lu\u00f4n ch\u00fa \u00fd \u0111\u1ebfn s\u1ef1 an to\u00e0n, ch\u00ednh x\u00e1c, t\u00e1c \u0111\u1ed9ng \u0111\u1ebfn m\u00f4i tr\u01b0\u1eddng v\u00e0 c\u00e1c b\u00ean li\u00ean quan, tham gia v\u00e0o c\u00e1c giao d\u1ecbch c\u00f4ng b\u1eb1ng v\u00e0 ph\u00f9 h\u1ee3p, th\u00fac \u0111\u1ea9y s\u1ef1 ph\u00e1t tri\u1ec3n c\u1ee7a ch\u00ednh m\u00ecnh d\u1ef1a tr\u00ean tri\u1ebft l\u00fd doanh nghi\u1ec7p v\u00e0 \u0111\u00f3ng g\u00f3p cho x\u00e3 h\u1ed9i. C\u00e1c ho\u1ea1t \u0111\u1ed9ng CSR trong to\u00e0n c\u00f4ng ty nh\u1eb1m \u0111\u00f3ng g\u00f3p cho t\u01b0\u01a1ng lai v\u00e0 c\u1ea3i thi\u1ec7n cu\u1ed9c s\u1ed1ng c\u1ee7a nh\u00e2n vi\u00ean v\u00e0 c\u00e1c b\u00ean li\u00ean quan.<\/p>\n<div class=\"top50\"><\/div>\n<p><a href=\"https:\/\/www.kiyota-and.co.jp\/wp\/wp-content\/uploads\/2023\/04\/csr_kiyota_0401.pdf\" class=\"link m_auto_sp\" target=\"_blank\" rel=\"noopener\"> C\u00e1c s\u00e1ng ki\u1ebfn trong ho\u1ea1t \u0111\u1ed9ng CSR <i class=\"fas fa-file-pdf\"><\/i><\/a><\/p>\n<div class=\"top20_sp\"><\/div>\n<\/div>\n<div class=\"box_two_3 box_two_r\"><img loading=\"lazy\" decoding=\"async\" src=\"https:\/\/www.kiyota-and.co.jp\/wp\/wp-content\/uploads\/2023\/04\/csr4.jpg\" width=\"1000\" height=\"1000\" alt=\"\" \/><\/div>\n<\/div>\n<\/div>\n<\/div>\n<\/div>\n<div class=\"box_full top250 top150_sp\">\n<div class=\"layer_graybox_op\">\n<div class=\"box_cont m_auto\">\n<div class=\"wrap_hrz\">\n<div class=\"box_two_3 box_two_l\"><img loading=\"lazy\" decoding=\"async\" src=\"https:\/\/www.kiyota-and.co.jp\/wp\/wp-content\/themes\/kiyota\/img\/common\/csr2.png\" width=\"1000\" height=\"1000\" alt=\"\" \/><\/div>\n<div class=\"box_two_3 box_two_r\">\n<div class=\"title_ly_l set_up lh13\">phong tr\u00e0o n\u1eafp sinh th\u00e1i<\/div>\n<div class=\"title_ly_crp eng c_crp\">ECOCAP<\/div>\n<p class=\"txt_nml top50\">B\u1eb1ng c\u00e1ch thu th\u1eadp n\u1eafp chai nh\u1ef1a v\u00e0 quy\u00ean g\u00f3p cho Hi\u1ec7p h\u1ed9i X\u00fac ti\u1ebfn Ecocap, ch\u00fang t\u00f4i \u0111ang tham gia v\u00e0o phong tr\u00e0o Ecocap nh\u1eb1m m\u1ee5c \u0111\u00edch c\u1ea3i thi\u1ec7n m\u00f4i tr\u01b0\u1eddng to\u00e0n c\u1ea7u v\u00e0 cung c\u1ea5p v\u1eafc xin cho tr\u1ebb em tr\u00ean to\u00e0n th\u1ebf gi\u1edbi.<\/p>\n<div class=\"top50\"><\/div>\n<p><a href=\"https:\/\/ecocap.or.jp\/\" class=\"link m_auto_sp\" target=\"_blank\" rel=\"noopener\">Hi\u1ec7p h\u1ed9i khuy\u1ebfn m\u00e3i Eco Cap <i class=\"fas fa-external-link-alt\"><\/i><\/a><\/p>\n<div class=\"top20_sp\"><\/div>\n<\/div>\n<\/div>\n<\/div>\n<\/div>\n<\/div>\n<div class=\"box_full top250 top150_sp\">\n<div class=\"layer_graybox\">\n<div class=\"box_cont m_auto\">\n<div class=\"wrap_hrz\">\n<div class=\"box_two_3 box_two_l\">\n<div class=\"title_ly_l set_up\">T\u1eb7ng tem \u0111\u00e3 qua s\u1eed d\u1ee5ng, th\u1ebb tr\u1ea3 tr\u01b0\u1edbc, v.v.<\/div>\n<div class=\"title_ly_crp eng c_crp\">QUY\u00caN G\u00d3P<\/div>\n<p class=\"txt_nml top50\">B\u1eb1ng c\u00e1ch thu th\u1eadp tem v\u00e0 th\u1ebb tr\u1ea3 tr\u01b0\u1edbc \u0111\u00e3 qua s\u1eed d\u1ee5ng v\u00e0 quy\u00ean g\u00f3p cho Qu\u1ef9 B\u1ea3o v\u1ec7 Tr\u00e1i \u0111\u1ea5t Xanh, ch\u00fang t\u00f4i \u0111ang tham gia ho\u1ea1t \u0111\u1ed9ng tr\u1ed3ng c\u00e2y \u1edf Nanjishan, Th\u00e0nh ph\u1ed1 Tongchuan, Trung Qu\u1ed1c v\u00e0 Kilimanjaro, Tanzania.<\/p>\n<div class=\"top50\"><\/div>\n<p><a href=\"https:\/\/green-earth-japan.net\/\" class=\"link m_auto_sp\" target=\"_blank\" rel=\"noopener\">qu\u1ef9 b\u1ea3o v\u1ec7 tr\u00e1i \u0111\u1ea5t xanh <i class=\"fas fa-external-link-alt\"><\/i><\/a><\/p>\n<div class=\"top20_sp\"><\/div>\n<\/div>\n<div class=\"box_two_3 box_two_r\"><img loading=\"lazy\" decoding=\"async\" src=\"https:\/\/www.kiyota-and.co.jp\/wp\/wp-content\/themes\/kiyota\/img\/common\/csr3.png\" width=\"1000\" height=\"1000\" alt=\"\" \/><\/div>\n<\/div>\n<\/div>\n<\/div>\n<\/div>\n<div class=\"top100\"><\/div>","protected":false},"excerpt":{"rendered":"<p>ISO14001\u306e\u53d6\u5f97 ISO14001 \u30ad\u30e8\u30bf\u682a\u5f0f\u4f1a\u793e\u3067\u306f\u3001\u74b0\u5883\u30de\u30cd\u30b8\u30e1\u30f3\u30c8\u30b7\u30b9\u30c6\u30e0\u306e\u56fd\u969b\u898f\u683c\u3067\u3042\u308b\u300cISO [&hellip;]<\/p>\n","protected":false},"author":1,"featured_media":0,"parent":422,"menu_order":0,"comment_status":"closed","ping_status":"closed","template":"","meta":{"_acf_changed":false,"footnotes":""},"categories":[16],"class_list":["post-455","page","type-page","status-publish","hentry","category-company"],"acf":[],"aioseo_notices":[],"_links":{"self":[{"href":"https:\/\/www.kiyota-and.co.jp\/vi\/wp-json\/wp\/v2\/pages\/455","targetHints":{"allow":["GET"]}}],"collection":[{"href":"https:\/\/www.kiyota-and.co.jp\/vi\/wp-json\/wp\/v2\/pages"}],"about":[{"href":"https:\/\/www.kiyota-and.co.jp\/vi\/wp-json\/wp\/v2\/types\/page"}],"author":[{"embeddable":true,"href":"https:\/\/www.kiyota-and.co.jp\/vi\/wp-json\/wp\/v2\/users\/1"}],"replies":[{"embeddable":true,"href":"https:\/\/www.kiyota-and.co.jp\/vi\/wp-json\/wp\/v2\/comments?post=455"}],"version-history":[{"count":17,"href":"https:\/\/www.kiyota-and.co.jp\/vi\/wp-json\/wp\/v2\/pages\/455\/revisions"}],"predecessor-version":[{"id":28949,"href":"https:\/\/www.kiyota-and.co.jp\/vi\/wp-json\/wp\/v2\/pages\/455\/revisions\/28949"}],"up":[{"embeddable":true,"href":"https:\/\/www.kiyota-and.co.jp\/vi\/wp-json\/wp\/v2\/pages\/422"}],"wp:attachment":[{"href":"https:\/\/www.kiyota-and.co.jp\/vi\/wp-json\/wp\/v2\/media?parent=455"}],"wp:term":[{"taxonomy":"category","embeddable":true,"href":"https:\/\/www.kiyota-and.co.jp\/vi\/wp-json\/wp\/v2\/categories?post=455"}],"curies":[{"name":"wp","href":"https:\/\/api.w.org\/{rel}","templated":true}]}}