{"id":460,"date":"2022-06-30T09:13:52","date_gmt":"2022-06-30T00:13:52","guid":{"rendered":"http:\/\/www.kiyota-and.co.jp\/wp\/?page_id=460"},"modified":"2025-04-15T00:40:19","modified_gmt":"2025-04-14T15:40:19","slug":"%e6%8e%a1%e7%94%a8%e6%83%85%e5%a0%b1","status":"publish","type":"page","link":"https:\/\/www.kiyota-and.co.jp\/vi\/company\/recruit","title":{"rendered":"Th\u00f4ng tin tuy\u1ec3n d\u1ee5ng"},"content":{"rendered":"<div class=\"title_ly_l_2 lh17 top50\">B\u1ea1n c\u00f3 mu\u1ed1n l\u00e0m vi\u1ec7c v\u1edbi m\u1ed9t c\u00f4ng ty n\u01a1i b\u1ea1n c\u00f3 th\u1ec3 \u0111\u01b0\u01a1ng \u0111\u1ea7u v\u1edbi nh\u1eefng th\u00e1ch th\u1ee9c c\u1ea3 trong n\u01b0\u1edbc v\u00e0 qu\u1ed1c t\u1ebf kh\u00f4ng?<\/div>\n<p class=\"txt_nml top20\">Trong 130 n\u0103m k\u1ec3 t\u1eeb khi th\u00e0nh l\u1eadp, Kiyota kh\u00f4ng ng\u1eebng \u0111\u00f3n nh\u1eadn nh\u1eefng th\u00e1ch th\u1ee9c m\u1edbi v\u00e0 \u0111\u1ed5i m\u1edbi nh\u01b0 m\u1ed9t c\u00f4ng ty th\u01b0\u01a1ng m\u1ea1i ph\u00e1t tri\u1ec3n kinh doanh d\u1ef1a tr\u00ean truy\u1ec1n th\u1ed1ng v\u00e0 m\u1ed1i quan h\u1ec7 tin c\u1eady nh\u1eb1m g\u00f3p ph\u1ea7n t\u1ea1o n\u00ean m\u1ed9t &quot;x\u00e3 h\u1ed9i th\u1ecbnh v\u01b0\u1ee3ng&quot;. Ch\u00fang t\u00f4i cung c\u1ea5p m\u1ed9t m\u00f4i tr\u01b0\u1eddng n\u01a1i b\u1ea1n c\u00f3 th\u1ec3 ph\u00e1t tri\u1ec3n trong l\u0129nh v\u1ef1c to\u00e0n c\u1ea7u v\u00e0 ch\u00fang t\u00f4i mong ch\u1edd th\u1eed th\u00e1ch c\u1ee7a b\u1ea1n! <\/p>\n<\/p><\/div>\n<div class=\"box_s2 top70 m_auto_sp\"><img loading=\"lazy\" decoding=\"async\" src=\"https:\/\/www.kiyota-and.co.jp\/wp\/wp-content\/themes\/kiyota\/img\/common\/recruit.png\" width=\"1500\" height=\"1000\" alt=\"\"\/><\/div>\n<\/p><\/div>\n<\/p><\/div>\n<\/div>\n<div class=\"box_full top250 top150_sp\">\n<div class=\"layer_graybox_op\">\n<div class=\"box_cont m_auto\">\n<div class=\"wrap_hrz\">\n<div class=\"box_two_3 box_two_l\"> <img loading=\"lazy\" decoding=\"async\" src=\"https:\/\/www.kiyota-and.co.jp\/wp\/wp-content\/themes\/kiyota\/img\/common\/recruit1.png\" width=\"1000\" height=\"1000\" alt=\"\"\/> <\/div>\n<div class=\"box_two_3 box_two_r\">\n<div class=\"title_ly_l set_up\">Tuy\u1ec3n d\u1ee5ng sinh vi\u00ean m\u1edbi t\u1ed1t nghi\u1ec7p<\/div>\n<div class=\"title_ly_crp eng c_crp\">TUY\u1ec2N D\u1ee4NG<\/div>\n<p class=\"txt_nml top50\">Ch\u00fang t\u00f4i hi\u1ec7n kh\u00f4ng tuy\u1ec3n d\u1ee5ng.<\/p>\n<div class=\"top50\"><\/div>\n<p>          <!--<a href=\"#\" class=\"btn_crp m_auto_sp\">Xem chi ti\u1ebft<\/a>--!>\n          \n\n<div class=\"top20_sp\"><\/div>\n\n\n        <\/div>\n\n\n      <\/div>\n\n\n    <\/div>\n\n\n  <\/div>\n\n\n<\/div>\n\n\n\n\n<div class=\"box_full top250 top150_sp\">\n  \n\n<div class=\"layer_graybox\">\n    \n\n<div class=\"box_cont m_auto\">\n      \n\n<div class=\"wrap_hrz\">\n        \n\n<div class=\"box_two_3 box_two_l\">\n          \n\n<div class=\"title_ly_l set_up\">Tuy\u1ec3n d\u1ee5ng gi\u1eefa s\u1ef1 nghi\u1ec7p<\/div>\n\n\n          \n\n<div class=\"title_ly_crp eng c_crp\">TUY\u1ec2N D\u1ee4NG<\/div>\n\n\n          \n\n<p class=\"txt_nml top50\">Ch\u00fang t\u00f4i hi\u1ec7n kh\u00f4ng tuy\u1ec3n d\u1ee5ng.<\/p>\n\n\n          \n\n<div class=\"top50\"><\/div>\n\n\n          <!--<a href=\"#\" class=\"btn_crp m_auto_sp\">Xem chi ti\u1ebft<\/a>--!>\n          \n\n<div class=\"top20_sp\"><\/div>\n\n\n        <\/div>\n\n\n        \n\n<div class=\"box_two_3 box_two_r\"><img loading=\"lazy\" decoding=\"async\" src=\"https:\/\/www.kiyota-and.co.jp\/wp\/wp-content\/themes\/kiyota\/img\/common\/recruit2.png\" width=\"1000\" height=\"1000\" alt=\"\"\/> <\/div>\n\n\n      <\/div>\n\n\n    <\/div>\n\n\n  <\/div>\n\n\n<\/div>\n\n\n\n\n<div class=\"top100\"><\/div>\n\n\n<\/p>","protected":false},"excerpt":{"rendered":"<p>\u56fd\u5185\u5916\u3067\u30c1\u30e3\u30ec\u30f3\u30b8\u3067\u304d\u308b\u4f1a\u793e\u3067\u4e00\u7dd2\u306b\u50cd\u304d\u307e\u305b\u3093\u304b\uff1f \u30ad\u30e8\u30bf\u306f\u3001\u5275\u696d\u304b\u3089130\u5e74\u3082\u306e\u9593\u3001\u65b0\u305f\u306a\u30c1\u30e3\u30ec\u30f3\u30b8\u3092\u3057\u7d9a\u3051 [&hellip;]<\/p>\n","protected":false},"author":1,"featured_media":0,"parent":422,"menu_order":0,"comment_status":"closed","ping_status":"closed","template":"","meta":{"_acf_changed":false,"footnotes":""},"categories":[16],"class_list":["post-460","page","type-page","status-publish","hentry","category-company"],"acf":[],"aioseo_notices":[],"_links":{"self":[{"href":"https:\/\/www.kiyota-and.co.jp\/vi\/wp-json\/wp\/v2\/pages\/460","targetHints":{"allow":["GET"]}}],"collection":[{"href":"https:\/\/www.kiyota-and.co.jp\/vi\/wp-json\/wp\/v2\/pages"}],"about":[{"href":"https:\/\/www.kiyota-and.co.jp\/vi\/wp-json\/wp\/v2\/types\/page"}],"author":[{"embeddable":true,"href":"https:\/\/www.kiyota-and.co.jp\/vi\/wp-json\/wp\/v2\/users\/1"}],"replies":[{"embeddable":true,"href":"https:\/\/www.kiyota-and.co.jp\/vi\/wp-json\/wp\/v2\/comments?post=460"}],"version-history":[{"count":6,"href":"https:\/\/www.kiyota-and.co.jp\/vi\/wp-json\/wp\/v2\/pages\/460\/revisions"}],"predecessor-version":[{"id":28952,"href":"https:\/\/www.kiyota-and.co.jp\/vi\/wp-json\/wp\/v2\/pages\/460\/revisions\/28952"}],"up":[{"embeddable":true,"href":"https:\/\/www.kiyota-and.co.jp\/vi\/wp-json\/wp\/v2\/pages\/422"}],"wp:attachment":[{"href":"https:\/\/www.kiyota-and.co.jp\/vi\/wp-json\/wp\/v2\/media?parent=460"}],"wp:term":[{"taxonomy":"category","embeddable":true,"href":"https:\/\/www.kiyota-and.co.jp\/vi\/wp-json\/wp\/v2\/categories?post=460"}],"curies":[{"name":"wp","href":"https:\/\/api.w.org\/{rel}","templated":true}]}}