{"id":476,"date":"2022-06-30T10:33:15","date_gmt":"2022-06-30T01:33:15","guid":{"rendered":"http:\/\/www.kiyota-and.co.jp\/wp\/?page_id=476"},"modified":"2026-01-05T09:00:57","modified_gmt":"2026-01-05T00:00:57","slug":"%e5%80%8b%e4%ba%ba%e6%83%85%e5%a0%b1%e4%bf%9d%e8%ad%b7%e6%96%b9%e9%87%9d","status":"publish","type":"page","link":"https:\/\/www.kiyota-and.co.jp\/vi\/privacy","title":{"rendered":"ch\u00ednh s\u00e1ch b\u1ea3o m\u1eadt"},"content":{"rendered":"<p class=\"txt_nml top50\">\n<p class=\"txt_mm\"> C\u00f4ng ty TNHH Kiyota (sau \u0111\u00e2y g\u1ecdi l\u00e0 &quot;c\u00f4ng ty ch\u00fang t\u00f4i&quot;) hi\u1ec3u r\u1eb1ng th\u00f4ng tin c\u00e1 nh\u00e2n l\u00e0 m\u1ed9t t\u00e0i s\u1ea3n quan tr\u1ecdng v\u00e0 nh\u1eadn th\u1ee9c \u0111\u01b0\u1ee3c tr\u00e1ch nhi\u1ec7m x\u00e3 h\u1ed9i c\u1ee7a m\u00ecnh trong vi\u1ec7c x\u1eed l\u00fd th\u00f4ng tin c\u00e1 nh\u00e2n m\u1ed9t c\u00e1ch ph\u00f9 h\u1ee3p, v\u00e0 s\u1ebd n\u1ed7 l\u1ef1c b\u1ea3o v\u1ec7 th\u00f4ng tin c\u00e1 nh\u00e2n theo ch\u00ednh s\u00e1ch sau \u0111\u00e2y. <\/p>\n<div class=\"top30\"><\/div>\n<div class=\"title_ly_s2_1_crp\">Tu\u00e2n th\u1ee7 ph\u00e1p lu\u1eadt v\u00e0 c\u00e1c quy \u0111\u1ecbnh li\u00ean quan <\/div>\n<div class=\"title_ly_s2_2_crp\"><\/div>\n<div class=\"top20\"><\/div>\n<p class=\"txt_mm\"> T\u1eadp \u0111o\u00e0n Kiyota (sau \u0111\u00e2y g\u1ecdi l\u00e0 &quot;C\u00f4ng ty&quot;) hi\u1ec3u r\u1eb1ng th\u00f4ng tin c\u00e1 nh\u00e2n l\u00e0 t\u00e0i s\u1ea3n quan tr\u1ecdng v\u00e0 nh\u1eadn th\u1ee9c r\u1eb1ng tr\u00e1ch nhi\u1ec7m x\u00e3 h\u1ed9i c\u1ee7a ch\u00fang t\u00f4i l\u00e0 x\u1eed l\u00fd th\u00f4ng tin c\u00e1 nh\u00e2n m\u1ed9t c\u00e1ch th\u00edch h\u1ee3p v\u00e0 \u0111\u00e3 \u00e1p d\u1ee5ng ch\u00ednh s\u00e1ch sau. sau \u0111\u00e2y. <\/p>\n<div class=\"top30\"><\/div>\n<div class=\"title_ly_s2_1_crp\">Thu th\u1eadp th\u00f4ng tin c\u00e1 nh\u00e2n <\/div>\n<div class=\"title_ly_s2_2_crp\"><\/div>\n<div class=\"top20\"><\/div>\n<p class=\"txt_mm\"> Khi thu th\u1eadp th\u00f4ng tin c\u00e1 nh\u00e2n t\u1eeb kh\u00e1ch h\u00e0ng, tr\u01b0\u1edbc ti\u00ean ch\u00fang t\u00f4i s\u1ebd l\u00e0m r\u00f5 m\u1ee5c \u0111\u00edch s\u1eed d\u1ee5ng th\u00f4ng tin c\u00e1 nh\u00e2n \u0111\u00f3 v\u00e0 sau \u0111\u00f3 m\u1edbi xin s\u1ef1 \u0111\u1ed3ng \u00fd c\u1ee7a kh\u00e1ch h\u00e0ng. <\/p>\n<div class=\"top30\"><\/div>\n<div class=\"title_ly_s2_1_crp\">S\u1eed d\u1ee5ng th\u00f4ng tin c\u00e1 nh\u00e2n <\/div>\n<div class=\"title_ly_s2_2_crp\"><\/div>\n<div class=\"top20\"><\/div>\n<p class=\"txt_mm\"> Th\u00f4ng tin c\u00e1 nh\u00e2n m\u00e0 c\u00f4ng ty ch\u00fang t\u00f4i thu th\u1eadp s\u1ebd \u0111\u01b0\u1ee3c s\u1eed d\u1ee5ng cho m\u1ee5c \u0111\u00edch s\u1eed d\u1ee5ng \u0111\u00e3 n\u00eau t\u1ea1i th\u1eddi \u0111i\u1ec3m mua l\u1ea1i ho\u1eb7c trong ph\u1ea1m vi m\u1ed1i quan h\u1ec7 h\u1ee3p l\u00fd v\u1edbi \u0111\u00f3, mi\u1ec5n l\u00e0 th\u00f4ng tin \u0111\u00f3 c\u1ea7n thi\u1ebft cho ho\u1ea1t \u0111\u1ed9ng kinh doanh. <\/p>\n<div class=\"top30\"><\/div>\n<div class=\"title_ly_s2_1_crp\">Cung c\u1ea5p th\u00f4ng tin c\u00e1 nh\u00e2n cho b\u00ean th\u1ee9 ba<\/div>\n<div class=\"title_ly_s2_2_crp\"><\/div>\n<div class=\"top20\"><\/div>\n<p class=\"txt_mm\"> C\u00f4ng ty ch\u00fang t\u00f4i s\u1ebd kh\u00f4ng cung c\u1ea5p th\u00f4ng tin c\u00e1 nh\u00e2n cho b\u1ea5t k\u1ef3 b\u00ean th\u1ee9 ba n\u00e0o n\u1ebfu kh\u00f4ng c\u00f3 s\u1ef1 \u0111\u1ed3ng \u00fd tr\u01b0\u1edbc c\u1ee7a kh\u00e1ch h\u00e0ng, tr\u1eeb khi ph\u00e1p lu\u1eadt y\u00eau c\u1ea7u.<\/p>\n<div class=\"top30\"><\/div>\n<div class=\"title_ly_s2_1_crp\">C\u00e1c bi\u1ec7n ph\u00e1p qu\u1ea3n l\u00fd an to\u00e0n<\/div>\n<div class=\"title_ly_s2_2_crp\"><\/div>\n<div class=\"top20\"><\/div>\n<p class=\"txt_mm\"> C\u00f4ng ty ch\u00fang t\u00f4i s\u1ebd th\u1ef1c hi\u1ec7n c\u00e1c bi\u1ec7n ph\u00e1p qu\u1ea3n l\u00fd an to\u00e0n th\u00edch h\u1ee3p \u0111\u1ec3 ng\u0103n ch\u1eb7n vi\u1ec7c truy c\u1eadp tr\u00e1i ph\u00e9p, m\u1ea5t m\u00e1t, ph\u00e1 h\u1ee7y, gi\u1ea3 m\u1ea1o, r\u00f2 r\u1ec9, v.v. th\u00f4ng tin c\u00e1 nh\u00e2n. Ngo\u00e0i ra, ch\u00fang t\u00f4i s\u1ebd c\u1ed1 g\u1eafng gi\u00fap t\u1ea5t c\u1ea3 nh\u1eefng ng\u01b0\u1eddi x\u1eed l\u00fd th\u00f4ng tin c\u00e1 nh\u00e2n nh\u1eadn th\u1ee9c \u0111\u01b0\u1ee3c t\u1ea7m quan tr\u1ecdng v\u00e0 tr\u00e1ch nhi\u1ec7m b\u1ea3o v\u1ec7 th\u00f4ng tin c\u00e1 nh\u00e2n. <\/p>\n<div class=\"top30\"><\/div>\n<div class=\"title_ly_s2_1_crp\">Th\u1ee7 t\u1ee5c ti\u1ebft l\u1ed9, ch\u1ec9nh s\u1eeda, x\u00f3a, v.v.<\/div>\n<div class=\"title_ly_s2_2_crp\"><\/div>\n<div class=\"top20\"><\/div>\n<p class=\"txt_mm\"> C\u00f4ng ty ch\u00fang t\u00f4i s\u1ebd \u0111\u00e1p \u1ee9ng m\u1ed9t c\u00e1ch th\u00edch h\u1ee3p c\u00e1c y\u00eau c\u1ea7u c\u1ee7a kh\u00e1ch h\u00e0ng v\u1ec1 vi\u1ec7c ti\u1ebft l\u1ed9, ch\u1ec9nh s\u1eeda, b\u1ed5 sung, x\u00f3a, v.v. th\u00f4ng tin c\u00e1 nh\u00e2n c\u1ee7a h\u1ecd d\u1ef1a tr\u00ean nguy\u00ean t\u1eafc th\u1ee7 t\u1ee5c ti\u1ebft l\u1ed9 th\u00f4ng tin c\u00e1 nh\u00e2n c\u1ee7a ch\u00fang t\u00f4i.<\/p>\n<div class=\"top30\"><\/div>\n<div class=\"title_ly_s2_1_crp\">\u0110i\u1ec3m li\u00ean h\u1ec7 khi c\u00f3 th\u1eafc m\u1eafc v\u1ec1 th\u00f4ng tin c\u00e1 nh\u00e2n <\/div>\n<div class=\"title_ly_s2_2_crp\"><\/div>\n<div class=\"top20\"><\/div>\n<p class=\"txt_mm\"> Vui l\u00f2ng li\u00ean h\u1ec7 v\u1edbi v\u0103n ph\u00f2ng sau \u0111\u00e2y n\u1ebfu b\u1ea1n c\u00f3 b\u1ea5t k\u1ef3 \u00fd ki\u1ebfn, y\u00eau c\u1ea7u ho\u1eb7c \u0111\u1ec1 ngh\u1ecb ti\u1ebft l\u1ed9 th\u00f4ng tin n\u00e0o li\u00ean quan \u0111\u1ebfn vi\u1ec7c c\u00f4ng ty ch\u00fang t\u00f4i x\u1eed l\u00fd th\u00f4ng tin c\u00e1 nh\u00e2n. <\/p>\n<div class=\"top30\"><\/div>\n<div class=\"title_ly_s2_1_crp\">\u0110i\u1ec3m li\u00ean l\u1ea1c <\/div>\n<div class=\"title_ly_s2_2_crp\"><\/div>\n<div class=\"top20\"><\/div>\n<p class=\"txt_mm\"> Tr\u1ee5 s\u1edf qu\u1ea3n l\u00fd Nh\u00f3m c\u00f4ng t\u00e1c t\u1ed5ng h\u1ee3p<br \/>\n        108-0023<br \/>\n        T\u00f2a nh\u00e0 Tamachi Kiyota, 4-3-4 Shibaura, Minato-ku, Tokyo<br \/>\n        \u0110I\u1ec6N THO\u1ea0I. 03-3798-3612<\/p>\n<p class=\"txt_s\">*Gi\u1edd ti\u1ebfp t\u00e2n: Th\u1ee9 Hai \u0111\u1ebfn Th\u1ee9 S\u00e1u 9:00 \u0111\u1ebfn 17:00 (tr\u1eeb ng\u00e0y l\u1ec5 cu\u1ed1i n\u0103m v\u00e0 \u0111\u1ea7u n\u0103m)<\/p>\n<\/p>\n<div class=\"top30\"><\/div>\n<\/p><\/div>\n<\/p><\/div>\n<\/div>\n<div class=\"box_full\">\n<div class=\"box_cont m_auto add_side\">\n<div class=\"m_auto\">\n<div class=\"title_ly_l top70 lh13\">V\u1ec1 m\u1ee5c \u0111\u00edch s\u1eed d\u1ee5ng th\u00f4ng tin c\u00e1 nh\u00e2n<\/div>\n<div class=\"title_ly_crp eng c_crp\">CH\u00cdNH S\u00c1CH RI\u00caNG T\u01af<\/div>\n<p class=\"txt_nml top50\">\n<p class=\"txt_mm\"> Th\u00f4ng tin c\u00e1 nh\u00e2n m\u00e0 c\u00f4ng ty ch\u00fang t\u00f4i thu \u0111\u01b0\u1ee3c s\u1ebd \u0111\u01b0\u1ee3c s\u1eed d\u1ee5ng trong ph\u1ea1m vi c\u00e1c m\u1ee5c \u0111\u00edch sau. <\/p>\n<div class=\"top30\"><\/div>\n<table class=\"ResTableA lh_15 mv_fade txt_mm\">\n<tr>\n<th class=\"c_crp ta_left\" style=\"padding-left: 20px;\"> Th\u00f4ng tin c\u00e1 nh\u00e2n v\u1ec1 kh\u00e1ch h\u00e0ng<br \/>\n            \u00b7th\u00f4ng tin c\u00e1 nh\u00e2n<br \/>\n            \u30fbD\u1eef li\u1ec7u c\u00e1 nh\u00e2n<br \/>\n            \u30fbD\u1eef li\u1ec7u c\u00e1 nh\u00e2n \u0111\u01b0\u1ee3c l\u01b0u gi\u1eef <\/th>\n<td class=\"align_left_768\"> 1. Truy\u1ec1n th\u00f4ng kinh doanh<br \/>\n            2. Th\u1ef1c hi\u1ec7n h\u1ee3p \u0111\u1ed3ng<br \/>\n            3. Cung c\u1ea5p th\u00f4ng tin, t\u00e0i li\u1ec7u qu\u1ea3ng c\u00e1o\u2026 v\u1ec1 s\u1ea3n ph\u1ea9m\/d\u1ecbch v\u1ee5<br \/>\n            4. L\u1eadp k\u1ebf ho\u1ea1ch v\u00e0 \u0111\u1ec1 xu\u1ea5t v\u1ec1 s\u1ea3n ph\u1ea9m\/d\u1ecbch v\u1ee5<br \/>\n            5.Nghi\u00ean c\u1ee9u v\u00e0 ph\u00e2n t\u00edch \u0111\u1ec3 ph\u00e1t tri\u1ec3n s\u1ea3n ph\u1ea9m ho\u1eb7c c\u1ea3i ti\u1ebfn ch\u1ea5t l\u01b0\u1ee3ng s\u1ea3n ph\u1ea9m\/d\u1ecbch v\u1ee5<br \/>\n            6.Th\u00f4ng tin v\u1ec1 c\u00e1c s\u1ef1 ki\u1ec7n nh\u01b0 tri\u1ec3n l\u00e3m<br \/>\n            7. Th\u00f4ng tin li\u00ean quan \u0111\u1ebfn ho\u1ea1t \u0111\u1ed9ng kinh doanh c\u1ee7a ch\u00fang t\u00f4i<br \/>\n            8.Tr\u1ea3 l\u1eddi c\u00e1c th\u1eafc m\u1eafc ho\u1eb7c y\u00eau c\u1ea7u<\/p>\n<p>            1. Cung c\u1ea5p d\u1ecbch v\u1ee5 ch\u0103m s\u00f3c \u0111i\u1ec1u d\u01b0\u1ee1ng.<br \/>\n            2. Th\u1ef1c hi\u1ec7n c\u00e1c nhi\u1ec7m v\u1ee5 li\u00ean quan \u0111\u1ebfn d\u1ecbch v\u1ee5 ch\u0103m s\u00f3c \u0111i\u1ec1u d\u01b0\u1ee1ng.<br \/>\n            3. Li\u00ean h\u1ec7 v\u00e0 \u0111\u1ec1 xu\u1ea5t v\u1ec1 c\u00e1c d\u1ecbch v\u1ee5 tr\u00ean qua th\u01b0, \u0111i\u1ec7n tho\u1ea1i, th\u0103m vi\u1ebfng, v.v.<br \/>\n            4. Ph\u1ed1i h\u1ee3p v\u1edbi c\u00e1c c\u01a1 s\u1edf d\u1ecbch v\u1ee5 kh\u00e1c trong ph\u1ea1m vi c\u1ea7n thi\u1ebft ph\u1ee5c v\u1ee5 c\u00f4ng t\u00e1c ch\u0103m s\u00f3c \u0111i\u1ec1u d\u01b0\u1ee1ng c\u1ee7a kh\u00e1ch h\u00e0ng t\u1ea1i cu\u1ed9c h\u1ecdp nh\u00e2n vi\u00ean d\u1ecbch v\u1ee5 ch\u0103m s\u00f3c \u0111i\u1ec1u d\u01b0\u1ee1ng.<br \/>\n            5. Cung c\u1ea5p th\u00f4ng tin c\u00e1 nh\u00e2n cho b\u00ean th\u1ee9 ba trong ph\u1ea1m vi c\u1ea7n thi\u1ebft \u0111\u1ec3 \u0111\u1ea1t \u0111\u01b0\u1ee3c m\u1ee5c \u0111\u00edch 1.2 tr\u00ean.<br \/>\n            6.S\u1eed d\u1ee5ng cho d\u1eef li\u1ec7u th\u1ed1ng k\u00ea, ngo\u1ea1i tr\u1eeb vi\u1ec7c s\u1eed d\u1ee5ng c\u00f3 th\u1ec3 nh\u1eadn d\u1ea1ng c\u00e1 nh\u00e2n. <\/td>\n<\/tr>\n<tr>\n<th class=\"c_crp ta_left\" style=\"padding-left: 20px;\">Th\u00f4ng tin c\u00e1 nh\u00e2n li\u00ean quan \u0111\u1ebfn \u0111\u1ed1i t\u00e1c kinh doanh (bao g\u1ed3m c\u1ea3 \u0111\u1ed1i t\u00e1c kinh doanh gi\u00e1n ti\u1ebfp) v\u00e0 \u0111\u1ed1i t\u00e1c kinh doanh<br \/>\n            \u00b7th\u00f4ng tin c\u00e1 nh\u00e2n<br \/>\n            \u30fbD\u1eef li\u1ec7u c\u00e1 nh\u00e2n<br \/>\n            \u30fbD\u1eef li\u1ec7u c\u00e1 nh\u00e2n \u0111\u01b0\u1ee3c l\u01b0u gi\u1eef <\/th>\n<td class=\"align_left_768\"> 1. Truy\u1ec1n th\u00f4ng kinh doanh<br \/>\n            2. Th\u1ef1c hi\u1ec7n h\u1ee3p \u0111\u1ed3ng<br \/>\n            3. \u0110\u00e0m ph\u00e1n giao d\u1ecbch<br \/>\n            4.Tr\u1ea3 l\u1eddi c\u00e1c th\u1eafc m\u1eafc ho\u1eb7c y\u00eau c\u1ea7u <\/td>\n<\/tr>\n<tr>\n<th class=\"c_crp ta_left\" style=\"padding-left: 20px;\"> Th\u00f4ng tin c\u00e1 nh\u00e2n c\u1ee7a nh\u1eefng ng\u01b0\u1eddi mong mu\u1ed1n gia nh\u1eadp c\u00f4ng ty ch\u00fang t\u00f4i<br \/>\n            \u00b7th\u00f4ng tin c\u00e1 nh\u00e2n<br \/>\n            \u30fbD\u1eef li\u1ec7u c\u00e1 nh\u00e2n<br \/>\n            \u30fbD\u1eef li\u1ec7u c\u00e1 nh\u00e2n \u0111\u01b0\u1ee3c l\u01b0u gi\u1eef <\/th>\n<td class=\"align_left_768\"> 1. Ph\u1ed5 bi\u1ebfn th\u00f4ng tin, g\u1eedi t\u00e0i li\u1ec7u v\u1ec1 tuy\u1ec3n d\u1ee5ng<br \/>\n            2. Th\u00f4ng b\u00e1o v\u1ec1 vi\u1ec7c l\u1ef1a ch\u1ecdn v\u00e0 g\u1eedi h\u1ed3 s\u01a1<br \/>\n            3.Li\u00ean h\u1ec7 v\u1edbi nh\u00e2n vi\u00ean t\u01b0\u01a1ng lai<br \/>\n            4.Tr\u1ea3 l\u1eddi c\u00e1c th\u1eafc m\u1eafc ho\u1eb7c y\u00eau c\u1ea7u <\/td>\n<\/tr>\n<tr>\n<th class=\"c_crp ta_left\" style=\"padding-left: 20px;\"> Th\u00f4ng tin c\u00e1 nh\u00e2n v\u1ec1 c\u1ed5 \u0111\u00f4ng<br \/>\n            \u00b7th\u00f4ng tin c\u00e1 nh\u00e2n<br \/>\n            \u30fbD\u1eef li\u1ec7u c\u00e1 nh\u00e2n<br \/>\n            \u30fbD\u1eef li\u1ec7u c\u00e1 nh\u00e2n \u0111\u01b0\u1ee3c l\u01b0u gi\u1eef <\/th>\n<td class=\"align_left_768\"> 1. Th\u1ef1c hi\u1ec7n quy\u1ec1n v\u00e0 ngh\u0129a v\u1ee5 theo ph\u00e1p lu\u1eadt th\u01b0\u01a1ng m\u1ea1i<br \/>\n            2. Mang l\u1ea1i nhi\u1ec1u l\u1ee3i \u00edch kh\u00e1c nhau cho c\u1ed5 \u0111\u00f4ng li\u00ean quan \u0111\u1ebfn \u0111\u1ecba v\u1ecb c\u1ee7a h\u1ecd<br \/>\n            3. Th\u1ef1c hi\u1ec7n nhi\u1ec1u bi\u1ec7n ph\u00e1p nh\u1eb1m t\u1ea1o thu\u1eadn l\u1ee3i cho quan h\u1ec7 v\u1edbi c\u1ed5 \u0111\u00f4ng<br \/>\n            4. Qu\u1ea3n l\u00fd c\u1ed5 \u0111\u00f4ng d\u1ef1a tr\u00ean c\u00e1c ti\u00eau chu\u1ea9n quy \u0111\u1ecbnh d\u1ef1a tr\u00ean c\u00e1c lu\u1eadt v\u00e0 quy \u0111\u1ecbnh kh\u00e1c nhau, ch\u1eb3ng h\u1ea1n nh\u01b0 t\u1ea1o d\u1eef li\u1ec7u c\u1ed5 \u0111\u00f4ng<br \/>\n            5.Tr\u1ea3 l\u1eddi c\u00e1c th\u1eafc m\u1eafc ho\u1eb7c y\u00eau c\u1ea7u <\/td>\n<\/tr>\n<\/table>\n<div class=\"top30\"><\/div>\n<\/p><\/div>\n<\/p><\/div>\n<\/div>\n<p><a id=\"privacy\"><\/a><\/p>\n<div class=\"box_full\">\n<div class=\"box_cont m_auto add_side\">\n<div class=\"m_auto\">\n<div class=\"title_ly_l top70 lh13\">Ch\u00ednh s\u00e1ch c\u01a1 b\u1ea3n v\u1ec1 th\u00f4ng tin c\u00e1 nh\u00e2n c\u1ee5 th\u1ec3 <\/div>\n<div class=\"title_ly_crp eng c_crp\">CH\u00cdNH S\u00c1CH RI\u00caNG T\u01af<\/div>\n<p class=\"txt_nml top50\">\n<p class=\"txt_mm\"> C\u00f4ng ty ch\u00fang t\u00f4i t\u00f4n tr\u1ecdng gi\u00e1 tr\u1ecb c\u1ee7a th\u00f4ng tin v\u00e0 lu\u00f4n n\u1ed7 l\u1ef1c qu\u1ea3n l\u00fd v\u00e0 b\u1ea3o v\u1ec7 th\u00f4ng tin m\u1ed9t c\u00e1ch tri\u1ec7t \u0111\u1ec3. Ch\u00fang t\u00f4i ho\u00e0n to\u00e0n nh\u1eadn th\u1ee9c \u0111\u01b0\u1ee3c t\u1ea7m quan tr\u1ecdng c\u1ee7a vi\u1ec7c qu\u1ea3n l\u00fd v\u00e0 b\u1ea3o v\u1ec7 th\u00f4ng tin c\u00e1 nh\u00e2n c\u1ee5 th\u1ec3 trong khi t\u00f4n tr\u1ecdng gi\u00e1 tr\u1ecb c\u1ee7a n\u00f3 v\u00e0 \u0111\u00e3 thi\u1ebft l\u1eadp ch\u00ednh s\u00e1ch c\u01a1 b\u1ea3n n\u00e0y \u0111\u1ec3 ho\u1ea1t \u0111\u1ed9ng nh\u01b0 m\u1ed9t t\u1ed5 ch\u1ee9c nh\u1eb1m \u0111\u1ea3m b\u1ea3o x\u1eed l\u00fd th\u00edch h\u1ee3p th\u00f4ng tin c\u00e1 nh\u00e2n c\u1ee5 th\u1ec3, v.v. <\/p>\n<div class=\"top30\"><\/div>\n<div class=\"title_ly_s2_1_crp\">1. T\u00ean ng\u01b0\u1eddi \u0111i\u1ec1u h\u00e0nh kinh doanh <\/div>\n<div class=\"title_ly_s2_2_crp\"><\/div>\n<div class=\"top20\"><\/div>\n<p class=\"txt_mm\"> T\u1eadp \u0111o\u00e0n Kiyota <\/p>\n<div class=\"top30\"><\/div>\n<div class=\"title_ly_s2_1_crp\">2. Tu\u00e2n th\u1ee7 c\u00e1c lu\u1eadt, h\u01b0\u1edbng d\u1eabn li\u00ean quan, v.v. <\/div>\n<div class=\"title_ly_s2_2_crp\"><\/div>\n<div class=\"top20\"><\/div>\n<p class=\"txt_mm\"> C\u00f4ng ty ch\u00fang t\u00f4i tu\u00e2n th\u1ee7 &quot;\u0110\u1ea1o lu\u1eadt s\u1eed d\u1ee5ng s\u1ed1 \u0111\u1ec3 nh\u1eadn d\u1ea1ng c\u00e1 nh\u00e2n c\u1ee5 th\u1ec3 trong th\u1ee7 t\u1ee5c h\u00e0nh ch\u00ednh&quot;, &quot;\u0110\u1ea1o lu\u1eadt b\u1ea3o v\u1ec7 th\u00f4ng tin c\u00e1 nh\u00e2n&quot; v\u00e0 &quot;H\u01b0\u1edbng d\u1eabn x\u1eed l\u00fd ph\u00f9 h\u1ee3p th\u00f4ng tin c\u00e1 nh\u00e2n c\u1ee5 th\u1ec3&quot;. m\u1ed9t c\u00e1ch th\u00edch h\u1ee3p. <\/p>\n<div class=\"top30\"><\/div>\n<div class=\"title_ly_s2_1_crp\">3. C\u00e1c v\u1ea5n \u0111\u1ec1 v\u1ec1 bi\u1ec7n ph\u00e1p qu\u1ea3n l\u00fd an to\u00e0n <\/div>\n<div class=\"title_ly_s2_2_crp\"><\/div>\n<div class=\"top20\"><\/div>\n<p class=\"txt_mm\"> V\u1ec1 c\u00e1c bi\u1ec7n ph\u00e1p qu\u1ea3n l\u00fd an to\u00e0n \u0111\u1ed1i v\u1edbi th\u00f4ng tin c\u00e1 nh\u00e2n c\u1ee5 th\u1ec3, c\u00f4ng ty ch\u00fang t\u00f4i \u0111\u00e3 thi\u1ebft l\u1eadp ri\u00eang &quot;Quy \u0111\u1ecbnh x\u1eed l\u00fd th\u00f4ng tin c\u00e1 nh\u00e2n c\u1ee5 th\u1ec3&quot; v\u00e0 s\u1ebd th\u1ef1c hi\u1ec7n \u0111\u1ea7y \u0111\u1ee7 c\u00e1c bi\u1ec7n ph\u00e1p \u0111\u1ec3 \u0111\u1ea3m b\u1ea3o x\u1eed l\u00fd th\u00edch h\u1ee3p.<\/p>\n<div class=\"top30\"><\/div>\n<div class=\"title_ly_s2_1_crp\">4. \u0110\u1ea7u m\u1ed1i li\u00ean h\u1ec7 n\u1ebfu c\u00f3 th\u1eafc m\u1eafc, khi\u1ebfu n\u1ea1i, v.v.<\/div>\n<div class=\"title_ly_s2_2_crp\"><\/div>\n<div class=\"top20\"><\/div>\n<p class=\"txt_mm\"> M\u1ecdi th\u1eafc m\u1eafc ho\u1eb7c khi\u1ebfu n\u1ea1i li\u00ean quan \u0111\u1ebfn c\u00e1ch ch\u00fang t\u00f4i x\u1eed l\u00fd th\u00f4ng tin c\u00e1 nh\u00e2n c\u1ee5 th\u1ec3, vui l\u00f2ng li\u00ean h\u1ec7 b\u1ed9 ph\u1eadn gi\u1ea3i \u0111\u00e1p th\u1eafc m\u1eafc sau \u0111\u00e2y.<\/p>\n<div class=\"top30\"><\/div>\n<div class=\"title_ly_s2_1_crp\">\u0110i\u1ec3m li\u00ean l\u1ea1c<\/div>\n<div class=\"title_ly_s2_2_crp\"><\/div>\n<div class=\"top20\"><\/div>\n<p class=\"txt_mm\"> Tr\u1ee5 s\u1edf qu\u1ea3n l\u00fd Nh\u00f3m c\u00f4ng t\u00e1c t\u1ed5ng h\u1ee3p<br \/>\n        108-0023<br \/>\n        T\u00f2a nh\u00e0 Tamachi Kiyota, 4-3-4 Shibaura, Minato-ku, Tokyo<br \/>\n        \u0110I\u1ec6N THO\u1ea0I. 03-3798-3612<\/p>\n<p class=\"txt_s\">*Gi\u1edd ti\u1ebfp t\u00e2n: Th\u1ee9 Hai \u0111\u1ebfn Th\u1ee9 S\u00e1u 9:00 \u0111\u1ebfn 17:00 (tr\u1eeb ng\u00e0y l\u1ec5 cu\u1ed1i n\u0103m v\u00e0 \u0111\u1ea7u n\u0103m)<\/p>\n<div class=\"top30\"><\/div>\n<\/p><\/div>\n<\/p><\/div>\n<\/div>\n<div class=\"top100\"><\/div>","protected":false},"excerpt":{"rendered":"<p>\u30ad\u30e8\u30bf\u682a\u5f0f\u4f1a\u793e\uff08\u4ee5\u4e0b\u3001\u300c\u5f53\u793e\u300d\u3068\u3044\u3044\u307e\u3059\u3002\uff09\u306f\u3001\u500b\u4eba\u60c5\u5831\u304c\u91cd\u8981\u306a\u8cc7\u7523\u3067\u3042\u308b\u3053\u3068\u3092\u7406\u89e3\u3057\u3001\u500b\u4eba\u60c5\u5831\u3092\u9069\u5207\u306b\u53d6\u308a\u6271 [&hellip;]<\/p>\n","protected":false},"author":1,"featured_media":0,"parent":0,"menu_order":0,"comment_status":"closed","ping_status":"closed","template":"","meta":{"_acf_changed":false,"footnotes":""},"categories":[],"class_list":["post-476","page","type-page","status-publish","hentry"],"acf":[],"aioseo_notices":[],"_links":{"self":[{"href":"https:\/\/www.kiyota-and.co.jp\/vi\/wp-json\/wp\/v2\/pages\/476","targetHints":{"allow":["GET"]}}],"collection":[{"href":"https:\/\/www.kiyota-and.co.jp\/vi\/wp-json\/wp\/v2\/pages"}],"about":[{"href":"https:\/\/www.kiyota-and.co.jp\/vi\/wp-json\/wp\/v2\/types\/page"}],"author":[{"embeddable":true,"href":"https:\/\/www.kiyota-and.co.jp\/vi\/wp-json\/wp\/v2\/users\/1"}],"replies":[{"embeddable":true,"href":"https:\/\/www.kiyota-and.co.jp\/vi\/wp-json\/wp\/v2\/comments?post=476"}],"version-history":[{"count":7,"href":"https:\/\/www.kiyota-and.co.jp\/vi\/wp-json\/wp\/v2\/pages\/476\/revisions"}],"predecessor-version":[{"id":29136,"href":"https:\/\/www.kiyota-and.co.jp\/vi\/wp-json\/wp\/v2\/pages\/476\/revisions\/29136"}],"wp:attachment":[{"href":"https:\/\/www.kiyota-and.co.jp\/vi\/wp-json\/wp\/v2\/media?parent=476"}],"wp:term":[{"taxonomy":"category","embeddable":true,"href":"https:\/\/www.kiyota-and.co.jp\/vi\/wp-json\/wp\/v2\/categories?post=476"}],"curies":[{"name":"wp","href":"https:\/\/api.w.org\/{rel}","templated":true}]}}