{"id":481,"date":"2022-06-30T11:09:20","date_gmt":"2022-06-30T02:09:20","guid":{"rendered":"http:\/\/www.kiyota-and.co.jp\/wp\/?page_id=481"},"modified":"2022-06-30T12:01:10","modified_gmt":"2022-06-30T03:01:10","slug":"%e9%9b%bb%e6%b0%97%e4%ba%9c%e9%89%9b%e3%83%a1%e3%83%83%e3%82%ad%e9%8b%bc%e6%9d%bf%ef%bc%88%e3%82%af%e3%83%ad%e3%83%a0%e3%83%95%e3%83%aa%e3%83%bc%e6%9d%90%e5%90%ab%e3%82%80%ef%bc%89","status":"publish","type":"page","link":"https:\/\/www.kiyota-and.co.jp\/vi\/metal\/galvanized_sheet_iron","title":{"rendered":"Th\u00e9p t\u1ea5m m\u1ea1 \u0111i\u1ec7n (k\u1ec3 c\u1ea3 v\u1eadt li\u1ec7u kh\u00f4ng ch\u1ee9a crom)"},"content":{"rendered":"<div class=\"wrap_hrz\">\n<div class=\"box_two_2 box_two_l top70\"> <img loading=\"lazy\" decoding=\"async\" src=\"https:\/\/www.kiyota-and.co.jp\/wp\/wp-content\/themes\/kiyota\/img\/common\/material.png\" width=\"174\" height=\"116\" alt=\"\"\/> <\/div>\n<div class=\"box_two_2 top70 box_two_r\">\n<table class=\"ResTableA lh_15 mv_fade\">\n<tr>\n<th class=\"c_mtl\">t\u00ean<\/th>\n<td class=\"align_left_768\">Th\u00e9p t\u1ea5m m\u1ea1 \u0111i\u1ec7n (k\u1ec3 c\u1ea3 v\u1eadt li\u1ec7u kh\u00f4ng ch\u1ee9a crom) <\/td>\n<\/tr>\n<tr>\n<th class=\"c_mtl\">ph\u00e2n lo\u1ea1i<\/th>\n<td class=\"align_left_768\">v\u1eadt li\u1ec7u kim lo\u1ea1i<\/td>\n<\/tr>\n<tr>\n<th class=\"c_mtl\">\u0110\u1eb7c tr\u01b0ng<\/th>\n<td class=\"align_left_768\">C\u00e1c t\u1ea5m th\u00e9p m\u1ecfng m\u00e0 ch\u00fang t\u00f4i x\u1eed l\u00fd kh\u00f4ng ch\u1ee9a crom.<br \/>\nN\u00f3 l\u00e0 m\u1ed9t t\u1ea5m th\u00e9p m\u1ea1 \u0111i\u1ec7n v\u1edbi c\u00e1ch x\u1eed l\u00fd b\u1ec1 m\u1eb7t th\u00e2n thi\u1ec7n v\u1edbi m\u00f4i tr\u01b0\u1eddng.<br \/>\nN\u00f3 c\u00f3 kh\u1ea3 n\u0103ng ch\u1ed1ng \u0103n m\u00f2n, \u0111\u1ed9 d\u1eabn \u0111i\u1ec7n, ch\u1ed1ng d\u1ea5u v\u00e2n tay v\u00e0 kh\u1ea3 n\u0103ng s\u01a1n tuy\u1ec7t v\u1eddi.<br \/>\nCh\u00fang t\u00f4i b\u00e1n cho c\u00e1c nh\u00e0 s\u1ea3n xu\u1ea5t thi\u1ebft b\u1ecb OA trong n\u01b0\u1edbc v\u1edbi t\u01b0 c\u00e1ch l\u00e0 kh\u00e1ch h\u00e0ng ch\u00ednh c\u1ee7a ch\u00fang t\u00f4i.<br \/>\nV\u00ec ch\u00fang t\u00f4i c\u1ed9ng t\u00e1c v\u1edbi c\u00e1c trung t\u00e2m x\u1eed l\u00fd n\u00ean ch\u00fang t\u00f4i c\u00f3 th\u1ec3 \u0111\u00e1p \u1ee9ng c\u00e1c k\u00edch th\u01b0\u1edbc, ti\u00eau chu\u1ea9n v\u00e0 th\u1eddi gian giao h\u00e0ng ng\u1eafn m\u00e0 b\u1ea1n y\u00eau c\u1ea7u. <\/td>\n<\/tr>\n<tr>\n<th class=\"c_mtl\">K\u00edch th\u01b0\u1edbc c\u00f3 s\u1eb5n<\/th>\n<td class=\"align_left_768\">\u0110\u1ed9 d\u00e0y 0,5mm ~ 2,0mm<\/td>\n<\/tr>\n<tr>\n<th class=\"c_mtl\">cu\u1ed9c \u0111i\u1ec1u tra<\/th>\n<td class=\"align_left_768\"><a href=\"\/metal_contact\/\">H\u1ecfi v\u1ec1 s\u1ea3n ph\u1ea9m n\u00e0y<\/a><\/td>\n<\/tr>\n<\/table><\/div>\n<\/p><\/div>\n<\/p><\/div>\n<\/div>\n<div class=\"box_full\">\n<div class=\"box_cont m_auto\"> <\/div>\n<\/div>\n<div class=\"top70\"><\/div>\n<div class=\"box_full bg_gry\">\n<div class=\"box_cont m_auto add_side\">\n<div class=\"title_ly_l top70 lh13\">Danh s\u00e1ch s\u1ea3n ph\u1ea9m v\u1eadt li\u1ec7u kim lo\u1ea1i<\/div>\n<div class=\"title_ly_mtl eng c_mtl\">C\u00c1C S\u1ea2N PH\u1ea8M<\/div>\n<div class=\"wrap_hrz top70\">\n<div class=\"box_card\"> <a href=\"\/metal\/galvanized_steel_sheet\/\"><\/p>\n<div class=\"img_thum bg\"><img loading=\"lazy\" decoding=\"async\" src=\"https:\/\/www.kiyota-and.co.jp\/wp\/wp-content\/themes\/kiyota\/img\/common\/material.png\" width=\"900\" height=\"600\" alt=\"\"\/><\/div>\n<p>        <\/a><\/p>\n<div class=\"ta_left\">\n<div class=\"top20\"><\/div>\n<div class=\"title_ly_s_mtl\">T\u1ea5m th\u00e9p \u0111en m\u1ea1 \u0111i\u1ec7n (k\u1ec3 c\u1ea3 v\u1eadt li\u1ec7u kh\u00f4ng ch\u1ee9a crom)<\/div>\n<\/p><\/div>\n<\/p><\/div>\n<\/p><\/div>\n<\/p><\/div>\n<div class=\"top70\"><\/div>\n<\/div>","protected":false},"excerpt":{"rendered":"<p>\u540d\u79f0 \u96fb\u6c17\u4e9c\u925b\u30e1\u30c3\u30ad\u92fc\u677f\uff08\u30af\u30ed\u30e0\u30d5\u30ea\u30fc\u6750\u542b\u3080\uff09 \u5206\u985e \u91d1\u5c5e\u6750\u6599 \u7279\u5fb4 \u5f0a\u793e\u306b\u3066\u53d6\u308a\u6271\u3063\u3066\u304a\u308a\u307e\u3059\u8584\u677f\u92fc\u677f\u306f\u30af\u30ed [&hellip;]<\/p>\n","protected":false},"author":1,"featured_media":0,"parent":0,"menu_order":0,"comment_status":"closed","ping_status":"closed","template":"","meta":{"_acf_changed":false,"footnotes":""},"categories":[15],"class_list":["post-481","page","type-page","status-publish","hentry","category-metal"],"acf":[],"aioseo_notices":[],"_links":{"self":[{"href":"https:\/\/www.kiyota-and.co.jp\/vi\/wp-json\/wp\/v2\/pages\/481","targetHints":{"allow":["GET"]}}],"collection":[{"href":"https:\/\/www.kiyota-and.co.jp\/vi\/wp-json\/wp\/v2\/pages"}],"about":[{"href":"https:\/\/www.kiyota-and.co.jp\/vi\/wp-json\/wp\/v2\/types\/page"}],"author":[{"embeddable":true,"href":"https:\/\/www.kiyota-and.co.jp\/vi\/wp-json\/wp\/v2\/users\/1"}],"replies":[{"embeddable":true,"href":"https:\/\/www.kiyota-and.co.jp\/vi\/wp-json\/wp\/v2\/comments?post=481"}],"version-history":[{"count":5,"href":"https:\/\/www.kiyota-and.co.jp\/vi\/wp-json\/wp\/v2\/pages\/481\/revisions"}],"predecessor-version":[{"id":495,"href":"https:\/\/www.kiyota-and.co.jp\/vi\/wp-json\/wp\/v2\/pages\/481\/revisions\/495"}],"wp:attachment":[{"href":"https:\/\/www.kiyota-and.co.jp\/vi\/wp-json\/wp\/v2\/media?parent=481"}],"wp:term":[{"taxonomy":"category","embeddable":true,"href":"https:\/\/www.kiyota-and.co.jp\/vi\/wp-json\/wp\/v2\/categories?post=481"}],"curies":[{"name":"wp","href":"https:\/\/api.w.org\/{rel}","templated":true}]}}