{"id":490,"date":"2022-06-30T11:32:52","date_gmt":"2022-06-30T02:32:52","guid":{"rendered":"http:\/\/www.kiyota-and.co.jp\/wp\/?page_id=490"},"modified":"2022-06-30T11:35:50","modified_gmt":"2022-06-30T02:35:50","slug":"%e9%9b%bb%e6%b0%97%e4%ba%9c%e9%89%9b%e3%83%a1%e3%83%83%e3%82%ad%e9%bb%92%e8%89%b2%e9%8b%bc%e6%9d%bf%ef%bc%88%e3%82%af%e3%83%ad%e3%83%a0%e3%83%95%e3%83%aa%e3%83%bc%e6%9d%90%e5%90%ab%e3%82%80%ef%bc%89","status":"publish","type":"page","link":"https:\/\/www.kiyota-and.co.jp\/vi\/metal\/galvanized_steel_sheet","title":{"rendered":"T\u1ea5m th\u00e9p \u0111en m\u1ea1 \u0111i\u1ec7n (k\u1ec3 c\u1ea3 v\u1eadt li\u1ec7u kh\u00f4ng ch\u1ee9a crom)"},"content":{"rendered":"<div class=\"wrap_hrz\">\n<div class=\"box_two_2 box_two_l top70\"> <img loading=\"lazy\" decoding=\"async\" src=\"https:\/\/www.kiyota-and.co.jp\/wp\/wp-content\/themes\/kiyota\/img\/common\/material.png\" width=\"174\" height=\"116\" alt=\"\"\/> <\/div>\n<div class=\"box_two_2 top70 box_two_r\">\n<table class=\"ResTableA lh_15 mv_fade\">\n<tr>\n<th class=\"c_mtl\">t\u00ean<\/th>\n<td class=\"align_left_768\">T\u1ea5m th\u00e9p \u0111en m\u1ea1 \u0111i\u1ec7n (k\u1ec3 c\u1ea3 v\u1eadt li\u1ec7u kh\u00f4ng ch\u1ee9a crom)<\/td>\n<\/tr>\n<tr>\n<th class=\"c_mtl\">ph\u00e2n lo\u1ea1i<\/th>\n<td class=\"align_left_768\">v\u1eadt li\u1ec7u kim lo\u1ea1i<\/td>\n<\/tr>\n<tr>\n<th class=\"c_mtl\">\u0110\u1eb7c tr\u01b0ng<\/th>\n<td class=\"align_left_768\">Ngo\u00e0i c\u00e1c t\u1ea5m th\u00e9p m\u1ecfng n\u00eau tr\u00ean, ch\u00fang t\u00f4i c\u0169ng \u0111\u00e3 \u00e1p d\u1ee5ng bi\u1ec7n ph\u00e1p x\u1eed l\u00fd b\u1ec1 m\u1eb7t th\u00e2n thi\u1ec7n v\u1edbi m\u00f4i tr\u01b0\u1eddng t\u01b0\u01a1ng t\u1ef1.<br \/>\n\u0110\u01b0\u1ee3c l\u00e0m b\u1eb1ng t\u1ea5m th\u00e9p \u0111en m\u1ea1 \u0111i\u1ec7n.<br \/>\nN\u00f3 c\u0169ng c\u00f3 kh\u1ea3 n\u0103ng ch\u1ed1ng \u0103n m\u00f2n, d\u1eabn \u0111i\u1ec7n v\u00e0 ch\u1ed1ng d\u1ea5u v\u00e2n tay tuy\u1ec7t v\u1eddi, v\u00e0 v\u00ec n\u00f3 c\u00f3 m\u00e0u \u0111en n\u00ean n\u00f3 c\u00f3 \u0111\u1eb7c t\u00ednh h\u1ea5p th\u1ee5 nhi\u1ec7t v\u00e0 b\u1ee9c x\u1ea1 tuy\u1ec7t v\u1eddi.<br \/>\nN\u00f3 c\u0169ng \u0111\u01b0\u1ee3c s\u1eed d\u1ee5ng trong c\u00e1c \u1ee9ng d\u1ee5ng quang h\u1ecdc nh\u01b0 m\u00e1y sao ch\u00e9p.<br \/>\nV\u00ec ch\u00fang t\u00f4i c\u1ed9ng t\u00e1c v\u1edbi c\u00e1c trung t\u00e2m x\u1eed l\u00fd n\u00ean ch\u00fang t\u00f4i c\u00f3 th\u1ec3 \u0111\u00e1p \u1ee9ng c\u00e1c k\u00edch th\u01b0\u1edbc, ti\u00eau chu\u1ea9n v\u00e0 th\u1eddi gian giao h\u00e0ng ng\u1eafn m\u00e0 b\u1ea1n y\u00eau c\u1ea7u. <\/td>\n<\/tr>\n<tr>\n<th class=\"c_mtl\">K\u00edch th\u01b0\u1edbc c\u00f3 s\u1eb5n<\/th>\n<td class=\"align_left_768\">\u0110\u1ed9 d\u00e0y 0,5mm ~ 2,0mm<\/td>\n<\/tr>\n<tr>\n<th class=\"c_mtl\">cu\u1ed9c \u0111i\u1ec1u tra<\/th>\n<td class=\"align_left_768\"><a href=\"\/metal_contact\/\">H\u1ecfi v\u1ec1 s\u1ea3n ph\u1ea9m n\u00e0y<\/a><\/td>\n<\/tr>\n<\/table><\/div>\n<\/p><\/div>\n<\/p><\/div>\n<\/div>\n<div class=\"box_full\">\n<div class=\"box_cont m_auto\"> <\/div>\n<\/div>\n<div class=\"top70\"><\/div>\n<div class=\"box_full bg_gry\">\n<div class=\"box_cont m_auto add_side\">\n<div class=\"title_ly_l top70 lh13\">Danh s\u00e1ch s\u1ea3n ph\u1ea9m v\u1eadt li\u1ec7u kim lo\u1ea1i<\/div>\n<div class=\"title_ly_mtl eng c_mtl\">C\u00c1C S\u1ea2N PH\u1ea8M<\/div>\n<div class=\"wrap_hrz top70\">\n<div class=\"box_card\"> <a href=\"\/metal\/galvanized_sheet_iron\/\"><\/p>\n<div class=\"img_thum bg\"><img loading=\"lazy\" decoding=\"async\" src=\"https:\/\/www.kiyota-and.co.jp\/wp\/wp-content\/themes\/kiyota\/img\/common\/material.png\" width=\"900\" height=\"600\" alt=\"\"\/><\/div>\n<p>        <\/a><\/p>\n<div class=\"ta_left\">\n<div class=\"top20\"><\/div>\n<div class=\"title_ly_s_mtl\">Th\u00e9p t\u1ea5m m\u1ea1 \u0111i\u1ec7n (k\u1ec3 c\u1ea3 v\u1eadt li\u1ec7u kh\u00f4ng ch\u1ee9a crom)<\/div>\n<\/p><\/div>\n<\/p><\/div>\n<\/p><\/div>\n<\/p><\/div>\n<div class=\"top70\"><\/div>\n<\/div>","protected":false},"excerpt":{"rendered":"<p>\u540d\u79f0 \u96fb\u6c17\u4e9c\u925b\u30e1\u30c3\u30ad\u9ed2\u8272\u92fc\u677f\uff08\u30af\u30ed\u30e0\u30d5\u30ea\u30fc\u6750\u542b\u3080\uff09 \u5206\u985e \u91d1\u5c5e\u6750\u6599 \u7279\u5fb4 \u4e0a\u8a18\u8584\u677f\u92fc\u677f\u306e\u307b\u304b\u306b\u3082\u540c\u3058\u304f\u74b0\u5883\u306b\u5bfe [&hellip;]<\/p>\n","protected":false},"author":1,"featured_media":0,"parent":0,"menu_order":0,"comment_status":"closed","ping_status":"closed","template":"","meta":{"_acf_changed":false,"footnotes":""},"categories":[15],"class_list":["post-490","page","type-page","status-publish","hentry","category-metal"],"acf":[],"aioseo_notices":[],"_links":{"self":[{"href":"https:\/\/www.kiyota-and.co.jp\/vi\/wp-json\/wp\/v2\/pages\/490","targetHints":{"allow":["GET"]}}],"collection":[{"href":"https:\/\/www.kiyota-and.co.jp\/vi\/wp-json\/wp\/v2\/pages"}],"about":[{"href":"https:\/\/www.kiyota-and.co.jp\/vi\/wp-json\/wp\/v2\/types\/page"}],"author":[{"embeddable":true,"href":"https:\/\/www.kiyota-and.co.jp\/vi\/wp-json\/wp\/v2\/users\/1"}],"replies":[{"embeddable":true,"href":"https:\/\/www.kiyota-and.co.jp\/vi\/wp-json\/wp\/v2\/comments?post=490"}],"version-history":[{"count":2,"href":"https:\/\/www.kiyota-and.co.jp\/vi\/wp-json\/wp\/v2\/pages\/490\/revisions"}],"predecessor-version":[{"id":494,"href":"https:\/\/www.kiyota-and.co.jp\/vi\/wp-json\/wp\/v2\/pages\/490\/revisions\/494"}],"wp:attachment":[{"href":"https:\/\/www.kiyota-and.co.jp\/vi\/wp-json\/wp\/v2\/media?parent=490"}],"wp:term":[{"taxonomy":"category","embeddable":true,"href":"https:\/\/www.kiyota-and.co.jp\/vi\/wp-json\/wp\/v2\/categories?post=490"}],"curies":[{"name":"wp","href":"https:\/\/api.w.org\/{rel}","templated":true}]}}