{"id":83,"date":"2022-06-28T21:35:40","date_gmt":"2022-06-28T12:35:40","guid":{"rendered":"http:\/\/www.kiyota-and.co.jp\/wp\/?page_id=83"},"modified":"2022-07-08T17:42:10","modified_gmt":"2022-07-08T08:42:10","slug":"contact","status":"publish","type":"page","link":"https:\/\/www.kiyota-and.co.jp\/vi\/contact","title":{"rendered":"cu\u1ed9c \u0111i\u1ec1u tra"},"content":{"rendered":"<div class=\"wpcf7 no-js\" id=\"wpcf7-f5-o1\" lang=\"ja\" dir=\"ltr\" data-wpcf7-id=\"5\">\n<div class=\"screen-reader-response\"><p role=\"status\" aria-live=\"polite\" aria-atomic=\"true\"><\/p> <ul><\/ul><\/div>\n<form action=\"\/vi\/wp-json\/wp\/v2\/pages\/83#wpcf7-f5-o1\" method=\"post\" class=\"wpcf7-form init\" aria-label=\"Bi\u1ec3u m\u1eabu li\u00ean h\u1ec7\" novalidate=\"novalidate\" data-status=\"init\" data-trp-original-action=\"\/vi\/wp-json\/wp\/v2\/pages\/83#wpcf7-f5-o1\">\n<fieldset class=\"hidden-fields-container\"><input type=\"hidden\" name=\"_wpcf7\" value=\"5\" \/><input type=\"hidden\" name=\"_wpcf7_version\" value=\"6.1.4\" \/><input type=\"hidden\" name=\"_wpcf7_locale\" value=\"ja\" \/><input type=\"hidden\" name=\"_wpcf7_unit_tag\" value=\"wpcf7-f5-o1\" \/><input type=\"hidden\" name=\"_wpcf7_container_post\" value=\"0\" \/><input type=\"hidden\" name=\"_wpcf7_posted_data_hash\" value=\"\" \/><input type=\"hidden\" name=\"_wpcf7_recaptcha_response\" value=\"\" \/>\n<\/fieldset>\n<div class=\"wrap_700 sp_wide\">\n\t<div class=\"lp_form\">\n\t\t<div class=\"lr_line\">\n\t\t\t<div class=\"confirm_sub_text\">\n\t\t\t\t<p><br \/>\nVui l\u00f2ng \u0111i\u1ec1n c\u00e1c th\u00f4ng tin c\u1ea7n thi\u1ebft v\u00e0o m\u1eabu b\u00ean d\u01b0\u1edbi,<span class=\"d-inline-block\" style=\"line-height: 1.5;\">Vui l\u00f2ng nh\u1ea5n n\u00fat x\u00e1c nh\u1eadn.<\/span>\n\t\t\t\t<\/p>\n\t\t\t<\/div>\n\t\t\t<dl class=\"form_flex\">\n\t\t\t\t<dt>\n\t\t\t\t\t<p>t\u00ean<span class=\"req\">Y\u00eau c\u1ea7u<\/span>\n\t\t\t\t\t<\/p>\n\t\t\t\t<\/dt>\n\t\t\t\t<dd>\n\t\t\t\t\t<p><span class=\"wpcf7-form-control-wrap\" data-name=\"your-name\"><input size=\"40\" maxlength=\"400\" class=\"wpcf7-form-control wpcf7-text wpcf7-validates-as-required w1\" id=\"your-name\" autocomplete=\"off\" aria-required=\"true\" aria-invalid=\"false\" placeholder=\"V\u00ed d\u1ee5) Ichiro Suzuki\" value=\"\" type=\"text\" name=\"your-name\" \/><\/span>\n\t\t\t\t\t<\/p>\n\t\t\t\t<\/dd>\n\t\t\t\t<dt>\n\t\t\t\t\t<p>T\u00ean c\u00f4ng ty<span class=\"req\">Y\u00eau c\u1ea7u<\/span>\n\t\t\t\t\t<\/p>\n\t\t\t\t<\/dt>\n\t\t\t\t<dd>\n\t\t\t\t\t<p><span class=\"wpcf7-form-control-wrap\" data-name=\"company-name\"><input size=\"40\" maxlength=\"400\" class=\"wpcf7-form-control wpcf7-text wpcf7-validates-as-required w1\" id=\"company-name\" autocomplete=\"off\" aria-required=\"true\" aria-invalid=\"false\" placeholder=\"V\u00ed d\u1ee5) \u25cb\u25cb C\u00f4ng ty TNHH\" value=\"\" type=\"text\" name=\"company-name\" \/><\/span>\n\t\t\t\t\t<\/p>\n\t\t\t\t<\/dd>\n\t\t\t\t<dt>\n\t\t\t\t\t<p>\u0111\u1ecba ch\u1ec9 email<span class=\"req\">Y\u00eau c\u1ea7u<\/span>\n\t\t\t\t\t<\/p>\n\t\t\t\t<\/dt>\n\t\t\t\t<dd>\n\t\t\t\t\t<p><span class=\"wpcf7-form-control-wrap\" data-name=\"your-email\"><input size=\"40\" maxlength=\"400\" class=\"wpcf7-form-control wpcf7-email wpcf7-validates-as-required wpcf7-text wpcf7-validates-as-email w1\" id=\"your-email\" autocomplete=\"off\" aria-required=\"true\" aria-invalid=\"false\" placeholder=\"\u4f8b\uff09\u25cb\u25cb@gmail.com\" value=\"\" type=\"email\" name=\"your-email\" \/><\/span>\n\t\t\t\t\t<\/p>\n\t\t\t\t<\/dd>\n\t\t\t\t<dt>\n\t\t\t\t\t<p>s\u1ed1 \u0111i\u1ec7n tho\u1ea1i\n\t\t\t\t\t<\/p>\n\t\t\t\t<\/dt>\n\t\t\t\t<dd>\n\t\t\t\t\t<p><span class=\"wpcf7-form-control-wrap\" data-name=\"tel-30\"><input size=\"40\" maxlength=\"400\" class=\"wpcf7-form-control wpcf7-tel wpcf7-text wpcf7-validates-as-tel w1\" id=\"tel-30\" autocomplete=\"off\" aria-invalid=\"false\" placeholder=\"V\u00ed d\u1ee5) 000-0000-0000\" value=\"\" type=\"tel\" name=\"tel-30\" \/><\/span>\n\t\t\t\t\t<\/p>\n\t\t\t\t<\/dd>\n\t\t\t\t<dt>\n\t\t\t\t\t<p>Chi ti\u1ebft y\u00eau c\u1ea7u\n\t\t\t\t\t<\/p>\n\t\t\t\t\t<p style=\"font-size: 14px; font-weight: normal; padding: 10px 10px 0 0;\">*Vui l\u00f2ng nh\u1eadp trong v\u00f2ng 300 k\u00fd t\u1ef1.\n\t\t\t\t\t<\/p>\n\t\t\t\t<\/dt>\n\t\t\t\t<dd>\n\t\t\t\t\t<p><span class=\"wpcf7-form-control-wrap\" data-name=\"your-message\"><textarea cols=\"40\" rows=\"10\" maxlength=\"300\" minlength=\"10\" class=\"wpcf7-form-control wpcf7-textarea w2\" id=\"your-message\" aria-invalid=\"false\" placeholder=\"*Vui l\u00f2ng \u0111i\u1ec1n \u0111\u1ea7y \u0111\u1ee7 th\u00f4ng tin y\u00eau c\u1ea7u c\u1ee7a b\u1ea1n.\" name=\"your-message\"><\/textarea><\/span>\n\t\t\t\t\t<\/p>\n\t\t\t\t\t<p style=\"text-align: right;\"><span class=\"wpcf7-character-count up\" data-target-name=\"your-message\" data-starting-value=\"0\" data-current-value=\"0\" data-maximum-value=\"300\" data-minimum-value=\"10\">0<\/span>\n\t\t\t\t\t<\/p>\n\t\t\t\t<\/dd>\n\t\t\t<\/dl>\n\t\t<\/div>\n\t\t<div class=\"privacy\">\n\t\t\t<p class=\"privacy_head\">V\u1ec1 vi\u1ec7c x\u1eed l\u00fd th\u00f4ng tin c\u00e1 nh\u00e2n\n\t\t\t<\/p>\n\t\t\t<p style=\"text-align: center;\">Trang web n\u00e0y \u0111\u01b0\u1ee3c b\u1ea3o v\u1ec7 b\u1edfi reCAPTCHA,<br class=\"sp_none\" \/>Google<a href=\"https:\/\/policies.google.com\/privacy\">Ch\u00ednh s\u00e1ch b\u1ea3o m\u1eadt<\/a>V\u00e0<a href=\"https:\/\/policies.google.com\/terms\">\u0111i\u1ec1u kho\u1ea3n d\u1ecbch v\u1ee5<\/a>\u00e1p d\u1ee5ng.\n\t\t\t<\/p>\n\t\t\t<p class=\"m_btn_text\"><br \/>\n<span class=\"wpcf7-form-control-wrap\" data-name=\"acceptance-587\"><span class=\"wpcf7-form-control wpcf7-acceptance\"><span class=\"wpcf7-list-item\"><label><input type=\"checkbox\" name=\"acceptance-587\" value=\"1\" aria-invalid=\"false\" \/><span class=\"wpcf7-list-item-label\">\u0110\u1ec3 ng\u0103n ch\u1eb7n email spam, vui l\u00f2ng \u0111\u00e1nh d\u1ea5u v\u00e0o \u00f4 n\u00e0y tr\u01b0\u1edbc khi g\u1eedi.<\/span><\/label><\/span><\/span><\/span>\n\t\t\t<\/p>\n\t\t<\/div>\n\t<\/div>\n<\/div>\n<p><input class=\"wpcf7-form-control wpcf7-submit has-spinner btn_crp m_auto m_top35 w_200\" type=\"submit\" value=\"\u0110i \u0111\u1ebfn m\u00e0n h\u00ecnh x\u00e1c nh\u1eadn\" \/><br \/>\n<input type=\"hidden\" name=\"_cf7msm_multistep_tag\" class=\"wpcf7-form-control wpcf7-multistep cf7msm-multistep\" value=\"{&quot;first_step&quot;:1,&quot;next_url&quot;:&quot;http:\\\/\\\/www.kiyota-and.co.jp\\\/contact\\\/confirm&quot;}\" \/><input type=\"hidden\" name=\"cf7msm-no-ss\" value=\"\" \/>\n<\/p><div class=\"wpcf7-response-output\" aria-hidden=\"true\"><\/div>\n<input type=\"hidden\" name=\"trp-form-language\" value=\"vi\"\/><\/form>\n<\/div>","protected":false},"excerpt":{"rendered":"","protected":false},"author":1,"featured_media":0,"parent":0,"menu_order":0,"comment_status":"closed","ping_status":"closed","template":"page-contact.php","meta":{"_acf_changed":false,"footnotes":""},"categories":[],"class_list":["post-83","page","type-page","status-publish","hentry"],"acf":[],"aioseo_notices":[],"_links":{"self":[{"href":"https:\/\/www.kiyota-and.co.jp\/vi\/wp-json\/wp\/v2\/pages\/83","targetHints":{"allow":["GET"]}}],"collection":[{"href":"https:\/\/www.kiyota-and.co.jp\/vi\/wp-json\/wp\/v2\/pages"}],"about":[{"href":"https:\/\/www.kiyota-and.co.jp\/vi\/wp-json\/wp\/v2\/types\/page"}],"author":[{"embeddable":true,"href":"https:\/\/www.kiyota-and.co.jp\/vi\/wp-json\/wp\/v2\/users\/1"}],"replies":[{"embeddable":true,"href":"https:\/\/www.kiyota-and.co.jp\/vi\/wp-json\/wp\/v2\/comments?post=83"}],"version-history":[{"count":7,"href":"https:\/\/www.kiyota-and.co.jp\/vi\/wp-json\/wp\/v2\/pages\/83\/revisions"}],"predecessor-version":[{"id":487,"href":"https:\/\/www.kiyota-and.co.jp\/vi\/wp-json\/wp\/v2\/pages\/83\/revisions\/487"}],"wp:attachment":[{"href":"https:\/\/www.kiyota-and.co.jp\/vi\/wp-json\/wp\/v2\/media?parent=83"}],"wp:term":[{"taxonomy":"category","embeddable":true,"href":"https:\/\/www.kiyota-and.co.jp\/vi\/wp-json\/wp\/v2\/categories?post=83"}],"curies":[{"name":"wp","href":"https:\/\/api.w.org\/{rel}","templated":true}]}}