{"id":90,"date":"2022-06-29T12:27:53","date_gmt":"2022-06-29T03:27:53","guid":{"rendered":"http:\/\/www.kiyota-and.co.jp\/wp\/?page_id=90"},"modified":"2022-07-08T17:42:36","modified_gmt":"2022-07-08T08:42:36","slug":"quot_contact","status":"publish","type":"page","link":"https:\/\/www.kiyota-and.co.jp\/vi\/quote_contact","title":{"rendered":"Li\u00ean h\u1ec7 v\u1edbi ch\u00fang t\u00f4i [Y\u00eau c\u1ea7u b\u00e1o gi\u00e1]"},"content":{"rendered":"<div class=\"wpcf7 no-js\" id=\"wpcf7-f93-o1\" lang=\"ja\" dir=\"ltr\" data-wpcf7-id=\"93\">\n<div class=\"screen-reader-response\"><p role=\"status\" aria-live=\"polite\" aria-atomic=\"true\"><\/p> <ul><\/ul><\/div>\n<form action=\"\/vi\/wp-json\/wp\/v2\/pages\/90#wpcf7-f93-o1\" method=\"post\" class=\"wpcf7-form init\" aria-label=\"Bi\u1ec3u m\u1eabu li\u00ean h\u1ec7\" novalidate=\"novalidate\" data-status=\"init\" data-trp-original-action=\"\/vi\/wp-json\/wp\/v2\/pages\/90#wpcf7-f93-o1\">\n<fieldset class=\"hidden-fields-container\"><input type=\"hidden\" name=\"_wpcf7\" value=\"93\" \/><input type=\"hidden\" name=\"_wpcf7_version\" value=\"6.1.4\" \/><input type=\"hidden\" name=\"_wpcf7_locale\" value=\"ja\" \/><input type=\"hidden\" name=\"_wpcf7_unit_tag\" value=\"wpcf7-f93-o1\" \/><input type=\"hidden\" name=\"_wpcf7_container_post\" value=\"0\" \/><input type=\"hidden\" name=\"_wpcf7_posted_data_hash\" value=\"\" \/><input type=\"hidden\" name=\"_wpcf7_recaptcha_response\" value=\"\" \/>\n<\/fieldset>\n<div class=\"wrap_700 sp_wide\">\n\t<div class=\"lp_form\">\n\t\t<div class=\"lr_line\">\n\t\t\t<div class=\"confirm_sub_text\">\n\t\t\t\t<p class=\"btm20 ta_center\" style=\"font-weight: bold;\"><br \/>\nVui l\u00f2ng \u0111i\u1ec1n c\u00e1c th\u00f4ng tin c\u1ea7n thi\u1ebft v\u00e0o m\u1eabu b\u00ean d\u01b0\u1edbi,<span class=\"d-inline-block\" style=\"line-height: 1.5;\">Vui l\u00f2ng nh\u1ea5n n\u00fat x\u00e1c nh\u1eadn.<\/span>\n\t\t\t\t<\/p>\n\t\t\t\t<p style=\"font-size: 14px;\">*\u0110\u00e2y kh\u00f4ng ph\u1ea3i l\u00e0 m\u1eabu \u0111\u01a1n \u0111\u1eb7t h\u00e0ng.\n\t\t\t\t<\/p>\n\t\t\t\t<p style=\"font-size: 14px;\"><br \/>\n*N\u1ebfu b\u1ea1n \u0111ang s\u1eed d\u1ee5ng h\u1ec7 th\u1ed1ng ph\u00fac l\u1ee3i thi\u1ebft b\u1ecb sinh ho\u1ea1t h\u00e0ng ng\u00e0y, \u0111\u01a1n \u0111\u0103ng k\u00fd c\u1ee7a b\u1ea1n c\u00f3 th\u1ec3 kh\u00f4ng \u0111\u01b0\u1ee3c ph\u00ea duy\u1ec7t t\u00f9y thu\u1ed9c v\u00e0o ch\u00ednh quy\u1ec1n \u0111\u1ecba ph\u01b0\u01a1ng ngay c\u1ea3 khi b\u1ea1n mua s\u1ea3n ph\u1ea9m t\u1eeb C\u1eeda h\u00e0ng tr\u1ef1c tuy\u1ebfn Kiyota. H\u00e3y ch\u1eafc ch\u1eafn ki\u1ec3m tra v\u1edbi v\u0103n ph\u00f2ng ch\u00ednh quy\u1ec1n \u0111\u1ecba ph\u01b0\u01a1ng c\u1ee7a b\u1ea1n tr\u01b0\u1edbc khi mua.\n\t\t\t\t<\/p>\n\t\t\t<\/div>\n\t\t\t<dl class=\"form_flex\">\n\t\t\t\t<dt>\n\t\t\t\t\t<p>T\u00ean ng\u01b0\u1eddi d\u00f9ng<span class=\"req\">Y\u00eau c\u1ea7u<\/span>\n\t\t\t\t\t<\/p>\n\t\t\t\t<\/dt>\n\t\t\t\t<dd>\n\t\t\t\t\t<p><span class=\"wpcf7-form-control-wrap\" data-name=\"your-name\"><input size=\"40\" maxlength=\"400\" class=\"wpcf7-form-control wpcf7-text wpcf7-validates-as-required w1\" id=\"your-name\" aria-required=\"true\" aria-invalid=\"false\" placeholder=\"V\u00ed d\u1ee5) Khoai m\u00f4n Kiyota\" value=\"\" type=\"text\" name=\"your-name\" \/><\/span>\n\t\t\t\t\t<\/p>\n\t\t\t\t<\/dd>\n\t\t\t\t<dt>\n\t\t\t\t\t<p>\u0110\u1ecba ch\u1ec9 ng\u01b0\u1eddi d\u00f9ng<span class=\"req\">Y\u00eau c\u1ea7u<\/span>\n\t\t\t\t\t<\/p>\n\t\t\t\t<\/dt>\n\t\t\t\t<dd>\n\t\t\t\t\t<p><span class=\"wpcf7-form-control-wrap\" data-name=\"your-address\"><input size=\"40\" maxlength=\"400\" class=\"wpcf7-form-control wpcf7-text wpcf7-validates-as-required w1\" id=\"your-address\" aria-required=\"true\" aria-invalid=\"false\" placeholder=\"V\u00ed d\u1ee5) Ph\u00f2ng 301, T\u00f2a nh\u00e0 Tamachi Kiyota, 4-3-4 Shibaura, Minato-ku, Tokyo 108-0023\" value=\"\" type=\"text\" name=\"your-address\" \/><\/span>\n\t\t\t\t\t<\/p>\n\t\t\t\t<\/dd>\n\t\t\t\t<dt>\n\t\t\t\t\t<p>S\u1ed1 \u0111i\u1ec7n tho\u1ea1i c\u1ee7a ng\u01b0\u1eddi d\u00f9ng<span class=\"req\">Y\u00eau c\u1ea7u<\/span>\n\t\t\t\t\t<\/p>\n\t\t\t\t<\/dt>\n\t\t\t\t<dd>\n\t\t\t\t\t<p><span class=\"wpcf7-form-control-wrap\" data-name=\"tel-30\"><input size=\"40\" maxlength=\"400\" class=\"wpcf7-form-control wpcf7-tel wpcf7-validates-as-required wpcf7-text wpcf7-validates-as-tel w1\" id=\"tel-30\" aria-required=\"true\" aria-invalid=\"false\" placeholder=\"V\u00ed d\u1ee5) 03-3798-3617\" value=\"\" type=\"tel\" name=\"tel-30\" \/><\/span>\n\t\t\t\t\t<\/p>\n\t\t\t\t<\/dd>\n\t\t\t\t<dt>\n\t\t\t\t\t<p>\u0110\u1ecba ch\u1ec9 g\u1eedi d\u1ef1 to\u00e1n v\u00e0 c\u00e1c t\u00e0i li\u1ec7u c\u1ea7n thi\u1ebft kh\u00e1c\n\t\t\t\t\t<\/p>\n\t\t\t\t<\/dt>\n\t\t\t\t<dd>\n\t\t\t\t\t<p><span class=\"wpcf7-form-control-wrap\" data-name=\"send-address\"><input size=\"40\" maxlength=\"400\" class=\"wpcf7-form-control wpcf7-text w1\" id=\"send-address\" aria-invalid=\"false\" placeholder=\"C\u00f3 th\u1ec3 \u0111\u1ec3 tr\u1ed1ng n\u1ebfu tr\u00f9ng v\u1edbi \u0111\u1ecba ch\u1ec9 c\u1ee7a ng\u01b0\u1eddi d\u00f9ng\" value=\"\" type=\"text\" name=\"send-address\" \/><\/span>\n\t\t\t\t\t<\/p>\n\t\t\t\t<\/dd>\n\t\t\t\t<dt>\n\t\t\t\t\t<p>\u0110\u1ecba ch\u1ec9 giao s\u1ea3n ph\u1ea9m\n\t\t\t\t\t<\/p>\n\t\t\t\t<\/dt>\n\t\t\t\t<dd>\n\t\t\t\t\t<p><span class=\"wpcf7-form-control-wrap\" data-name=\"send-address-pro\"><input size=\"40\" maxlength=\"400\" class=\"wpcf7-form-control wpcf7-text w1\" id=\"send-address-pro\" aria-invalid=\"false\" placeholder=\"C\u00f3 th\u1ec3 \u0111\u1ec3 tr\u1ed1ng n\u1ebfu tr\u00f9ng v\u1edbi \u0111\u1ecba ch\u1ec9 c\u1ee7a ng\u01b0\u1eddi d\u00f9ng\" value=\"\" type=\"text\" name=\"send-address-pro\" \/><\/span>\n\t\t\t\t\t<\/p>\n\t\t\t\t<\/dd>\n\t\t\t\t<dt>\n\t\t\t\t\t<p>S\u1ed1 \u0111i\u1ec7n tho\u1ea1i li\u00ean h\u1ec7\n\t\t\t\t\t<\/p>\n\t\t\t\t<\/dt>\n\t\t\t\t<dd>\n\t\t\t\t\t<p><span class=\"wpcf7-form-control-wrap\" data-name=\"tel-60\"><input size=\"40\" maxlength=\"400\" class=\"wpcf7-form-control wpcf7-text w1\" id=\"tel-60\" aria-invalid=\"false\" placeholder=\"Tr\u01b0\u1eddng n\u00e0y c\u00f3 th\u1ec3 \u0111\u1ec3 tr\u1ed1ng n\u1ebfu n\u00f3 gi\u1ed1ng v\u1edbi s\u1ed1 \u0111i\u1ec7n tho\u1ea1i c\u1ee7a ng\u01b0\u1eddi d\u00f9ng.\" value=\"\" type=\"text\" name=\"tel-60\" \/><\/span>\n\t\t\t\t\t<\/p>\n\t\t\t\t<\/dd>\n\t\t\t\t<dt>\n\t\t\t\t\t<p>\u0111\u1ecba ch\u1ec9 email<span class=\"req\">Y\u00eau c\u1ea7u<\/span>\n\t\t\t\t\t<\/p>\n\t\t\t\t<\/dt>\n\t\t\t\t<dd>\n\t\t\t\t\t<p><span class=\"wpcf7-form-control-wrap\" data-name=\"your-email\"><input size=\"40\" maxlength=\"400\" class=\"wpcf7-form-control wpcf7-email wpcf7-validates-as-required wpcf7-text wpcf7-validates-as-email w1\" id=\"your-email\" aria-required=\"true\" aria-invalid=\"false\" placeholder=\"\u4f8b\uff09k-kaihatsu@kiyota-and.co.jp\" value=\"\" type=\"email\" name=\"your-email\" \/><\/span>\n\t\t\t\t\t<\/p>\n\t\t\t\t<\/dd>\n\t\t\t\t<dt>\n\t\t\t\t\t<p>T\u00ean ng\u01b0\u1eddi nh\u1eadp th\u00f4ng tin y\u00eau c\u1ea7u\n\t\t\t\t\t<\/p>\n\t\t\t\t<\/dt>\n\t\t\t\t<dd>\n\t\t\t\t\t<p><span class=\"wpcf7-form-control-wrap\" data-name=\"contact-name\"><input size=\"40\" maxlength=\"400\" class=\"wpcf7-form-control wpcf7-text w1\" id=\"contact-name\" aria-invalid=\"false\" placeholder=\"V\u00ed d\u1ee5) Hanako Kiyota\" value=\"\" type=\"text\" name=\"contact-name\" \/><\/span>\n\t\t\t\t\t<\/p>\n\t\t\t\t<\/dd>\n\t\t\t\t<dt>\n\t\t\t\t\t<p>M\u1ed1i quan h\u1ec7 v\u1edbi ng\u01b0\u1eddi d\u00f9ng\n\t\t\t\t\t<\/p>\n\t\t\t\t<\/dt>\n\t\t\t\t<dd>\n\t\t\t\t\t<p><span class=\"wpcf7-form-control-wrap\" data-name=\"relationship\"><input size=\"40\" maxlength=\"400\" class=\"wpcf7-form-control wpcf7-text w1\" id=\"relationship\" aria-invalid=\"false\" placeholder=\"V\u00ed d\u1ee5) con g\u00e1i l\u1edbn\" value=\"\" type=\"text\" name=\"relationship\" \/><\/span>\n\t\t\t\t\t<\/p>\n\t\t\t\t<\/dd>\n\t\t\t\t<dt>\n\t\t\t\t\t<p>S\u1ea3n ph\u1ea9m mong mu\u1ed1n (m\u00e3 s\u1ea3n ph\u1ea9m, t\u00ean s\u1ea3n ph\u1ea9m, k\u00edch th\u01b0\u1edbc, m\u00e0u s\u1eafc, s\u1ed1 l\u01b0\u1ee3ng)<span class=\"req\">Y\u00eau c\u1ea7u<\/span>\n\t\t\t\t\t<\/p>\n\t\t\t\t<\/dt>\n\t\t\t\t<dd>\n\t\t\t\t\t<p><span class=\"wpcf7-form-control-wrap\" data-name=\"item-info\"><input size=\"40\" maxlength=\"400\" class=\"wpcf7-form-control wpcf7-text wpcf7-validates-as-required w1\" id=\"item-info\" aria-required=\"true\" aria-invalid=\"false\" placeholder=\"V\u00ed d\u1ee5) KM-30 Head Guard Fit SM Black 1 chi\u1ebfc\" value=\"\" type=\"text\" name=\"item-info\" \/><\/span>\n\t\t\t\t\t<\/p>\n\t\t\t\t<\/dd>\n\t\t\t\t<dt>\n\t\t\t\t\t<p>T\u00f4i \u0111\u00e3 bi\u1ebft v\u1ec1 Kiyota nh\u01b0 th\u1ebf n\u00e0o\n\t\t\t\t\t<\/p>\n\t\t\t\t<\/dt>\n\t\t\t\t<dd>\n\t\t\t\t\t<p><span class=\"wpcf7-form-control-wrap\" data-name=\"reason\"><input size=\"40\" maxlength=\"400\" class=\"wpcf7-form-control wpcf7-text w1\" id=\"reason\" aria-invalid=\"false\" placeholder=\"V\u00ed d\u1ee5) T\u00f4i t\u00ecm ki\u1ebfm \u201c\u3007\u3007\u201d tr\u00ean m\u1ea1ng, \u0111\u01b0\u1ee3c gi\u1edbi thi\u1ec7u v\u1edbi t\u00f4i t\u1ea1i b\u1ec7nh vi\u1ec7n.\" value=\"\" type=\"text\" name=\"reason\" \/><\/span>\n\t\t\t\t\t<\/p>\n\t\t\t\t<\/dd>\n\t\t\t\t<dt>\n\t\t\t\t\t<p>C\u00e1c y\u00eau c\u1ea7u kh\u00e1c\n\t\t\t\t\t<\/p>\n\t\t\t\t<\/dt>\n\t\t\t\t<dd>\n\t\t\t\t\t<p><span class=\"wpcf7-form-control-wrap\" data-name=\"youbou\"><textarea cols=\"40\" rows=\"10\" maxlength=\"2000\" class=\"wpcf7-form-control wpcf7-textarea w2\" id=\"youbou\" aria-invalid=\"false\" name=\"youbou\"><\/textarea><\/span>\n\t\t\t\t\t<\/p>\n\t\t\t\t<\/dd>\n\t\t\t<\/dl>\n\t\t\t<div class=\"privacy\">\n\t\t\t\t<p class=\"privacy_head\">V\u1ec1 vi\u1ec7c x\u1eed l\u00fd th\u00f4ng tin c\u00e1 nh\u00e2n\n\t\t\t\t<\/p>\n\t\t\t\t<p>V\u1ec1 vi\u1ec7c x\u1eed l\u00fd th\u00f4ng tin c\u00e1 nh\u00e2n b\u1ea1n nh\u1eadp,<a href=\"\/privacy\/\">Ch\u00ednh s\u00e1ch b\u1ea3o m\u1eadt<\/a>Vui l\u00f2ng ki\u1ec3m tra. Th\u00f4ng tin b\u1ea1n cung c\u1ea5p s\u1ebd ch\u1ec9 \u0111\u01b0\u1ee3c s\u1eed d\u1ee5ng cho m\u1ee5c \u0111\u00edch cung c\u1ea5p th\u00f4ng tin v\u00e0 ho\u1ea1t \u0111\u1ed9ng b\u00e1n h\u00e0ng t\u1eeb c\u00f4ng ty ch\u00fang t\u00f4i.\n\t\t\t\t<\/p>\n\t\t\t\t<p class=\"m_btn_text\"><br \/>\n<span class=\"wpcf7-form-control-wrap\" data-name=\"acceptance-587\"><span class=\"wpcf7-form-control wpcf7-acceptance\"><span class=\"wpcf7-list-item\"><label><input type=\"checkbox\" name=\"acceptance-587\" value=\"1\" aria-invalid=\"false\" \/><span class=\"wpcf7-list-item-label\">T\u00f4i \u0111\u1ed3ng \u00fd v\u1edbi \u201cX\u1eed l\u00fd th\u00f4ng tin c\u00e1 nh\u00e2n\u201d<\/span><\/label><\/span><\/span><\/span>\n\t\t\t\t<\/p>\n\t\t\t<\/div>\n\t\t<\/div>\n\t<\/div>\n<\/div>\n<p><input class=\"wpcf7-form-control wpcf7-submit has-spinner btn_crp m_auto m_top35 w_200\" type=\"submit\" value=\"\u0110i \u0111\u1ebfn m\u00e0n h\u00ecnh x\u00e1c nh\u1eadn\" \/><br \/>\n<input type=\"hidden\" name=\"_cf7msm_multistep_tag\" class=\"wpcf7-form-control wpcf7-multistep cf7msm-multistep\" value=\"{&quot;first_step&quot;:1,&quot;next_url&quot;:&quot;http:\\\/\\\/www.kiyota-and.co.jp\\\/quote_contact\\\/quote_confirm&quot;}\" \/><input type=\"hidden\" name=\"cf7msm-no-ss\" value=\"\" \/>\n<\/p><div class=\"wpcf7-response-output\" aria-hidden=\"true\"><\/div>\n<input type=\"hidden\" name=\"trp-form-language\" value=\"vi\"\/><\/form>\n<\/div>","protected":false},"excerpt":{"rendered":"","protected":false},"author":1,"featured_media":0,"parent":0,"menu_order":0,"comment_status":"closed","ping_status":"closed","template":"page-contact.php","meta":{"_acf_changed":false,"footnotes":""},"categories":[],"class_list":["post-90","page","type-page","status-publish","hentry"],"acf":[],"aioseo_notices":[],"_links":{"self":[{"href":"https:\/\/www.kiyota-and.co.jp\/vi\/wp-json\/wp\/v2\/pages\/90","targetHints":{"allow":["GET"]}}],"collection":[{"href":"https:\/\/www.kiyota-and.co.jp\/vi\/wp-json\/wp\/v2\/pages"}],"about":[{"href":"https:\/\/www.kiyota-and.co.jp\/vi\/wp-json\/wp\/v2\/types\/page"}],"author":[{"embeddable":true,"href":"https:\/\/www.kiyota-and.co.jp\/vi\/wp-json\/wp\/v2\/users\/1"}],"replies":[{"embeddable":true,"href":"https:\/\/www.kiyota-and.co.jp\/vi\/wp-json\/wp\/v2\/comments?post=90"}],"version-history":[{"count":4,"href":"https:\/\/www.kiyota-and.co.jp\/vi\/wp-json\/wp\/v2\/pages\/90\/revisions"}],"predecessor-version":[{"id":403,"href":"https:\/\/www.kiyota-and.co.jp\/vi\/wp-json\/wp\/v2\/pages\/90\/revisions\/403"}],"wp:attachment":[{"href":"https:\/\/www.kiyota-and.co.jp\/vi\/wp-json\/wp\/v2\/media?parent=90"}],"wp:term":[{"taxonomy":"category","embeddable":true,"href":"https:\/\/www.kiyota-and.co.jp\/vi\/wp-json\/wp\/v2\/categories?post=90"}],"curies":[{"name":"wp","href":"https:\/\/api.w.org\/{rel}","templated":true}]}}